{"id":75,"date":"2020-01-03T00:12:08","date_gmt":"2020-01-03T00:12:08","guid":{"rendered":"https:\/\/dorigo.7150.hostserv.eu\/?page_id=75"},"modified":"2022-01-12T18:03:22","modified_gmt":"2022-01-12T18:03:22","slug":"development","status":"publish","type":"page","link":"https:\/\/dori-go.com\/index.php\/fur-kunden\/consulting\/development\/","title":{"rendered":"Development"},"content":{"rendered":"\t\t<div data-elementor-type=\"wp-page\" data-elementor-id=\"75\" class=\"elementor elementor-75\" data-elementor-post-type=\"page\">\n\t\t\t\t\t\t<section class=\"elementor-section elementor-top-section elementor-element elementor-element-1f221130 elementor-section-stretched elementor-section-height-full elementor-section-full_width elementor-section-items-bottom elementor-section-height-default\" data-id=\"1f221130\" data-element_type=\"section\" data-settings=\"{&quot;stretch_section&quot;:&quot;section-stretched&quot;,&quot;background_background&quot;:&quot;classic&quot;}\">\n\t\t\t\t\t\t<div class=\"elementor-container elementor-column-gap-no\">\n\t\t\t\t\t<div class=\"elementor-column elementor-col-100 elementor-top-column elementor-element elementor-element-104f83b\" data-id=\"104f83b\" data-element_type=\"column\" data-settings=\"{&quot;background_background&quot;:&quot;classic&quot;}\">\n\t\t\t<div class=\"elementor-widget-wrap elementor-element-populated\">\n\t\t\t\t\t\t<div class=\"elementor-element elementor-element-44252f1f elementor-widget elementor-widget-heading\" data-id=\"44252f1f\" data-element_type=\"widget\" data-widget_type=\"heading.default\">\n\t\t\t\t\t<h1 class=\"elementor-heading-title elementor-size-default\">Talente aufbauen und f\u00f6rdern <\/h1>\t\t\t\t<\/div>\n\t\t\t\t<div class=\"elementor-element elementor-element-d4c6143 elementor-widget elementor-widget-heading\" data-id=\"d4c6143\" data-element_type=\"widget\" data-widget_type=\"heading.default\">\n\t\t\t\t\t<h5 class=\"elementor-heading-title elementor-size-default\">HR Development<\/h5>\t\t\t\t<\/div>\n\t\t\t\t\t<\/div>\n\t\t<\/div>\n\t\t\t\t\t<\/div>\n\t\t<\/section>\n\t\t\t\t<section class=\"elementor-section elementor-top-section elementor-element elementor-element-45701cb6 elementor-section-boxed elementor-section-height-default elementor-section-height-default\" data-id=\"45701cb6\" data-element_type=\"section\">\n\t\t\t\t\t\t<div class=\"elementor-container elementor-column-gap-no\">\n\t\t\t\t\t<div class=\"elementor-column elementor-col-100 elementor-top-column elementor-element elementor-element-601d9faf\" data-id=\"601d9faf\" data-element_type=\"column\">\n\t\t\t<div class=\"elementor-widget-wrap elementor-element-populated\">\n\t\t\t\t\t\t<div class=\"elementor-element elementor-element-47a03472 elementor-widget elementor-widget-heading\" data-id=\"47a03472\" data-element_type=\"widget\" data-widget_type=\"heading.default\">\n\t\t\t\t\t<h2 class=\"elementor-heading-title elementor-size-default\">HR Development<\/h2>\t\t\t\t<\/div>\n\t\t\t\t<div class=\"elementor-element elementor-element-cf93985 elementor-widget elementor-widget-heading\" data-id=\"cf93985\" data-element_type=\"widget\" data-widget_type=\"heading.default\">\n\t\t\t\t\t<h3 class=\"elementor-heading-title elementor-size-default\">Entwickeln und binden Sie Ihre Spitzenkr\u00e4fte von morgen<\/h3>\t\t\t\t<\/div>\n\t\t\t\t<div class=\"elementor-element elementor-element-2ad7d868 elementor-widget elementor-widget-text-editor\" data-id=\"2ad7d868\" data-element_type=\"widget\" data-widget_type=\"text-editor.default\">\n\t\t\t\t\t\t\t\t\t<p><span style=\"color: #6f7170; font-size: 16px;\">Sie m\u00f6chten das Potenzial Ihrer Mitarbeitenden optimal aussch\u00f6pfen und Ihren High Potentials hervorragende Entwicklungsm\u00f6glichkeit bieten? Sie m\u00f6chten vermeiden, dass wichtiges Know-How das Unternehmen verl\u00e4sst und Ihre Mitarbeitenden an Ihr Unternehmen binden? Ihr Unternehmen soll auch langfristig erfolgreich bleiben, daher besch\u00e4ftigen Sie sich mit der Frage der Nachfolge?<\/span><\/p><p><span lang=\"DE\" style=\"color: #6f7170;\">Wir unterst\u00fctzen Sie nicht nur in der Entwicklung einzelner Mitarbeitenden, auch f\u00fcr Ihre Teamentwicklung k\u00f6nnen Sie bei uns auf Expert(innen)en zur\u00fcckgreifen. Wir arbeiten gerne eng mit Ihrer HR-Abteilung zusammen und unterst\u00fctzen Sie gewohnt modular und zielorientiert. Spitzenleistung von Einzelnen und Teams ist kein Zufall, sondern das Ergebnis von systematischen und professionellen Entwicklungsprogrammen.\u00a0<\/span><\/p>\t\t\t\t\t\t\t\t<\/div>\n\t\t\t\t\t<\/div>\n\t\t<\/div>\n\t\t\t\t\t<\/div>\n\t\t<\/section>\n\t\t\t\t<section class=\"elementor-section elementor-top-section elementor-element elementor-element-7649ce30 elementor-section-boxed elementor-section-height-default elementor-section-height-default\" data-id=\"7649ce30\" data-element_type=\"section\">\n\t\t\t\t\t\t<div class=\"elementor-container elementor-column-gap-no\">\n\t\t\t\t\t<div class=\"elementor-column elementor-col-100 elementor-top-column elementor-element elementor-element-562048d8\" data-id=\"562048d8\" data-element_type=\"column\">\n\t\t\t<div class=\"elementor-widget-wrap elementor-element-populated\">\n\t\t\t\t\t\t<div class=\"elementor-element elementor-element-5b2fbf0a elementor-widget elementor-widget-heading\" data-id=\"5b2fbf0a\" data-element_type=\"widget\" data-widget_type=\"heading.default\">\n\t\t\t\t\t<h3 class=\"elementor-heading-title elementor-size-default\">Was machen Sie aus dem Potential Ihrer Mitarbeitenden?<\/h3>\t\t\t\t<\/div>\n\t\t\t\t\t<\/div>\n\t\t<\/div>\n\t\t\t\t\t<\/div>\n\t\t<\/section>\n\t\t\t\t<section class=\"elementor-section elementor-top-section elementor-element elementor-element-e717350 elementor-section-boxed elementor-section-height-default elementor-section-height-default\" data-id=\"e717350\" data-element_type=\"section\">\n\t\t\t\t\t\t<div class=\"elementor-container elementor-column-gap-default\">\n\t\t\t\t\t<div class=\"elementor-column elementor-col-25 elementor-top-column elementor-element elementor-element-c62f508\" data-id=\"c62f508\" data-element_type=\"column\">\n\t\t\t<div class=\"elementor-widget-wrap elementor-element-populated\">\n\t\t\t\t\t\t<div class=\"elementor-element elementor-element-5118d4e elementor-position-top elementor-widget elementor-widget-image-box\" data-id=\"5118d4e\" data-element_type=\"widget\" data-widget_type=\"image-box.default\">\n\t\t\t\t\t<div class=\"elementor-image-box-wrapper\"><figure class=\"elementor-image-box-img\"><a href=\"#development-1\" tabindex=\"-1\"><img fetchpriority=\"high\" decoding=\"async\" width=\"250\" height=\"250\" src=\"https:\/\/dori-go.com\/wp-content\/uploads\/2020\/07\/Talentmanagement.png\" class=\"elementor-animation-pulse-grow attachment-full size-full wp-image-925\" alt=\"Talentmanagement\" srcset=\"https:\/\/dori-go.com\/wp-content\/uploads\/2020\/07\/Talentmanagement.png 250w, https:\/\/dori-go.com\/wp-content\/uploads\/2020\/07\/Talentmanagement-150x150.png 150w\" sizes=\"(max-width: 250px) 100vw, 250px\" \/><\/a><\/figure><div class=\"elementor-image-box-content\"><h4 class=\"elementor-image-box-title\"><a href=\"#development-1\">Talentmanagement<\/a><\/h4><\/div><\/div>\t\t\t\t<\/div>\n\t\t\t\t\t<\/div>\n\t\t<\/div>\n\t\t\t\t<div class=\"elementor-column elementor-col-25 elementor-top-column elementor-element elementor-element-5d9e39b\" data-id=\"5d9e39b\" data-element_type=\"column\">\n\t\t\t<div class=\"elementor-widget-wrap elementor-element-populated\">\n\t\t\t\t\t\t<div class=\"elementor-element elementor-element-5cd4712 elementor-position-top elementor-widget elementor-widget-image-box\" data-id=\"5cd4712\" data-element_type=\"widget\" data-widget_type=\"image-box.default\">\n\t\t\t\t\t<div class=\"elementor-image-box-wrapper\"><figure class=\"elementor-image-box-img\"><a href=\"#development-2\" tabindex=\"-1\"><img decoding=\"async\" width=\"250\" height=\"250\" src=\"https:\/\/dori-go.com\/wp-content\/uploads\/2020\/07\/Mitarbeiter-Managementcoaching.png\" class=\"elementor-animation-pulse-grow attachment-full size-full wp-image-913\" alt=\"Mitarbeiter &amp; Managementcoaching\" srcset=\"https:\/\/dori-go.com\/wp-content\/uploads\/2020\/07\/Mitarbeiter-Managementcoaching.png 250w, https:\/\/dori-go.com\/wp-content\/uploads\/2020\/07\/Mitarbeiter-Managementcoaching-150x150.png 150w\" sizes=\"(max-width: 250px) 100vw, 250px\" \/><\/a><\/figure><div class=\"elementor-image-box-content\"><h4 class=\"elementor-image-box-title\"><a href=\"#development-2\">Mitarbeiter- &amp; Managementcoaching<\/a><\/h4><\/div><\/div>\t\t\t\t<\/div>\n\t\t\t\t\t<\/div>\n\t\t<\/div>\n\t\t\t\t<div class=\"elementor-column elementor-col-25 elementor-top-column elementor-element elementor-element-d20b7df\" data-id=\"d20b7df\" data-element_type=\"column\">\n\t\t\t<div class=\"elementor-widget-wrap elementor-element-populated\">\n\t\t\t\t\t\t<div class=\"elementor-element elementor-element-7a32d9c elementor-position-top elementor-widget elementor-widget-image-box\" data-id=\"7a32d9c\" data-element_type=\"widget\" data-widget_type=\"image-box.default\">\n\t\t\t\t\t<div class=\"elementor-image-box-wrapper\"><figure class=\"elementor-image-box-img\"><a href=\"#development-3\" tabindex=\"-1\"><img decoding=\"async\" width=\"250\" height=\"250\" src=\"https:\/\/dori-go.com\/wp-content\/uploads\/2020\/07\/Teamentwicklung.png\" class=\"elementor-animation-pulse-grow attachment-full size-full wp-image-926\" alt=\"Teamentwicklung\" srcset=\"https:\/\/dori-go.com\/wp-content\/uploads\/2020\/07\/Teamentwicklung.png 250w, https:\/\/dori-go.com\/wp-content\/uploads\/2020\/07\/Teamentwicklung-150x150.png 150w\" sizes=\"(max-width: 250px) 100vw, 250px\" \/><\/a><\/figure><div class=\"elementor-image-box-content\"><h4 class=\"elementor-image-box-title\"><a href=\"#development-3\">Teamentwicklung<\/a><\/h4><\/div><\/div>\t\t\t\t<\/div>\n\t\t\t\t\t<\/div>\n\t\t<\/div>\n\t\t\t\t<div class=\"elementor-column elementor-col-25 elementor-top-column elementor-element elementor-element-2a2db8d\" data-id=\"2a2db8d\" data-element_type=\"column\">\n\t\t\t<div class=\"elementor-widget-wrap elementor-element-populated\">\n\t\t\t\t\t\t<div class=\"elementor-element elementor-element-bd4428c elementor-position-top elementor-widget elementor-widget-image-box\" data-id=\"bd4428c\" data-element_type=\"widget\" data-widget_type=\"image-box.default\">\n\t\t\t\t\t<div class=\"elementor-image-box-wrapper\"><figure class=\"elementor-image-box-img\"><a href=\"#development-4\" tabindex=\"-1\"><img loading=\"lazy\" decoding=\"async\" width=\"250\" height=\"250\" src=\"https:\/\/dori-go.com\/wp-content\/uploads\/2020\/07\/Nachfolgeregelung.png\" class=\"elementor-animation-pulse-grow attachment-full size-full wp-image-914\" alt=\"Nachfolgeregelung\" srcset=\"https:\/\/dori-go.com\/wp-content\/uploads\/2020\/07\/Nachfolgeregelung.png 250w, https:\/\/dori-go.com\/wp-content\/uploads\/2020\/07\/Nachfolgeregelung-150x150.png 150w\" sizes=\"(max-width: 250px) 100vw, 250px\" \/><\/a><\/figure><div class=\"elementor-image-box-content\"><h4 class=\"elementor-image-box-title\"><a href=\"#development-4\">Nachfolgeregelung<\/a><\/h4><\/div><\/div>\t\t\t\t<\/div>\n\t\t\t\t\t<\/div>\n\t\t<\/div>\n\t\t\t\t\t<\/div>\n\t\t<\/section>\n\t\t\t\t<section class=\"elementor-section elementor-top-section elementor-element elementor-element-33a734a elementor-section-boxed elementor-section-height-default elementor-section-height-default\" data-id=\"33a734a\" data-element_type=\"section\">\n\t\t\t\t\t\t<div class=\"elementor-container elementor-column-gap-no\">\n\t\t\t\t\t<div class=\"elementor-column elementor-col-100 elementor-top-column elementor-element elementor-element-35dabd8\" data-id=\"35dabd8\" data-element_type=\"column\">\n\t\t\t<div class=\"elementor-widget-wrap elementor-element-populated\">\n\t\t\t\t\t\t<div class=\"elementor-element elementor-element-ee293a1 elementor-widget elementor-widget-text-editor\" data-id=\"ee293a1\" data-element_type=\"widget\" data-widget_type=\"text-editor.default\">\n\t\t\t\t\t\t\t\t\t<p><span style=\"color: #6f7170; font-size: 16px;\">So individuell wie jeder Einzelne von uns, so individuell ist auch Ihr Unternehmen und die Anforderungen an Ihre Personalentwicklung. Wir haben es uns zur Aufgabe gemacht, eben dieser Individualit\u00e4t stets gerecht zu werden und bieten Ihnen auch f\u00fcr Ihr HR Development professionelle L\u00f6sungen, auf die Sie modular und ganz nach Ihren Bed\u00fcrfnissen zur\u00fcckgreifen k\u00f6nnen.\u00a0<\/span><\/p>\t\t\t\t\t\t\t\t<\/div>\n\t\t\t\t\t<\/div>\n\t\t<\/div>\n\t\t\t\t\t<\/div>\n\t\t<\/section>\n\t\t\t\t<section class=\"elementor-section elementor-top-section elementor-element elementor-element-4cc76fb elementor-section-boxed elementor-section-height-default elementor-section-height-default\" data-id=\"4cc76fb\" data-element_type=\"section\">\n\t\t\t\t\t\t<div class=\"elementor-container elementor-column-gap-default\">\n\t\t\t\t\t<div class=\"elementor-column elementor-col-100 elementor-top-column elementor-element elementor-element-b29c676\" data-id=\"b29c676\" data-element_type=\"column\">\n\t\t\t<div class=\"elementor-widget-wrap elementor-element-populated\">\n\t\t\t\t\t\t\t<\/div>\n\t\t<\/div>\n\t\t\t\t\t<\/div>\n\t\t<\/section>\n\t\t\t\t<section class=\"elementor-section elementor-top-section elementor-element elementor-element-7eee9c00 elementor-section-boxed elementor-section-height-default elementor-section-height-default\" data-id=\"7eee9c00\" data-element_type=\"section\">\n\t\t\t\t\t\t<div class=\"elementor-container elementor-column-gap-default\">\n\t\t\t\t\t<div class=\"elementor-column elementor-col-100 elementor-top-column elementor-element elementor-element-12c730a3\" data-id=\"12c730a3\" data-element_type=\"column\">\n\t\t\t<div class=\"elementor-widget-wrap elementor-element-populated\">\n\t\t\t\t\t\t<div class=\"elementor-element elementor-element-53616a40 elementor-align-center elementor-widget elementor-widget-button\" data-id=\"53616a40\" data-element_type=\"widget\" data-widget_type=\"button.default\">\n\t\t\t\t\t\t\t\t\t\t<a class=\"elementor-button elementor-button-link elementor-size-lg\" href=\"https:\/\/dori-go.com\/index.php\/kontakt\/\">\n\t\t\t\t\t\t<span class=\"elementor-button-content-wrapper\">\n\t\t\t\t\t\t\t\t\t<span class=\"elementor-button-text\">Jetzt individuell beraten lassen<\/span>\n\t\t\t\t\t<\/span>\n\t\t\t\t\t<\/a>\n\t\t\t\t\t\t\t\t<\/div>\n\t\t\t\t\t<\/div>\n\t\t<\/div>\n\t\t\t\t\t<\/div>\n\t\t<\/section>\n\t\t\t\t<\/div>\n\t\t","protected":false},"excerpt":{"rendered":"<p>Talente aufbauen und f\u00f6rdern HR Development HR Development Entwickeln und binden Sie Ihre Spitzenkr\u00e4fte von morgen Sie m\u00f6chten das Potenzial Ihrer Mitarbeitenden optimal aussch\u00f6pfen und Ihren High Potentials hervorragende Entwicklungsm\u00f6glichkeit bieten? Sie m\u00f6chten vermeiden, dass wichtiges Know-How das Unternehmen verl\u00e4sst und Ihre Mitarbeitenden an Ihr Unternehmen binden? Ihr Unternehmen soll auch langfristig erfolgreich bleiben, daher [&hellip;]<\/p>\n","protected":false},"author":1,"featured_media":1136,"parent":73,"menu_order":0,"comment_status":"closed","ping_status":"closed","template":"","meta":{"ocean_post_layout":"","ocean_both_sidebars_style":"","ocean_both_sidebars_content_width":0,"ocean_both_sidebars_sidebars_width":0,"ocean_sidebar":"0","ocean_second_sidebar":"0","ocean_disable_margins":"enable","ocean_add_body_class":"","ocean_shortcode_before_top_bar":"","ocean_shortcode_after_top_bar":"","ocean_shortcode_before_header":"","ocean_shortcode_after_header":"","ocean_has_shortcode":"","ocean_shortcode_after_title":"","ocean_shortcode_before_footer_widgets":"","ocean_shortcode_after_footer_widgets":"","ocean_shortcode_before_footer_bottom":"","ocean_shortcode_after_footer_bottom":"","ocean_display_top_bar":"default","ocean_display_header":"default","ocean_header_style":"","ocean_center_header_left_menu":"0","ocean_custom_header_template":"0","ocean_custom_logo":0,"ocean_custom_retina_logo":0,"ocean_custom_logo_max_width":0,"ocean_custom_logo_tablet_max_width":0,"ocean_custom_logo_mobile_max_width":0,"ocean_custom_logo_max_height":0,"ocean_custom_logo_tablet_max_height":0,"ocean_custom_logo_mobile_max_height":0,"ocean_header_custom_menu":"0","ocean_menu_typo_font_family":"0","ocean_menu_typo_font_subset":"","ocean_menu_typo_font_size":0,"ocean_menu_typo_font_size_tablet":0,"ocean_menu_typo_font_size_mobile":0,"ocean_menu_typo_font_size_unit":"px","ocean_menu_typo_font_weight":"","ocean_menu_typo_font_weight_tablet":"","ocean_menu_typo_font_weight_mobile":"","ocean_menu_typo_transform":"","ocean_menu_typo_transform_tablet":"","ocean_menu_typo_transform_mobile":"","ocean_menu_typo_line_height":0,"ocean_menu_typo_line_height_tablet":0,"ocean_menu_typo_line_height_mobile":0,"ocean_menu_typo_line_height_unit":"","ocean_menu_typo_spacing":0,"ocean_menu_typo_spacing_tablet":0,"ocean_menu_typo_spacing_mobile":0,"ocean_menu_typo_spacing_unit":"","ocean_menu_link_color":"","ocean_menu_link_color_hover":"","ocean_menu_link_color_active":"","ocean_menu_link_background":"","ocean_menu_link_hover_background":"","ocean_menu_link_active_background":"","ocean_menu_social_links_bg":"","ocean_menu_social_hover_links_bg":"","ocean_menu_social_links_color":"","ocean_menu_social_hover_links_color":"","ocean_disable_title":"default","ocean_disable_heading":"default","ocean_post_title":"","ocean_post_subheading":"","ocean_post_title_style":"","ocean_post_title_background_color":"","ocean_post_title_background":0,"ocean_post_title_bg_image_position":"","ocean_post_title_bg_image_attachment":"","ocean_post_title_bg_image_repeat":"","ocean_post_title_bg_image_size":"","ocean_post_title_height":0,"ocean_post_title_bg_overlay":0.5,"ocean_post_title_bg_overlay_color":"","ocean_disable_breadcrumbs":"default","ocean_breadcrumbs_color":"","ocean_breadcrumbs_separator_color":"","ocean_breadcrumbs_links_color":"","ocean_breadcrumbs_links_hover_color":"","ocean_display_footer_widgets":"default","ocean_display_footer_bottom":"default","ocean_custom_footer_template":"0","footnotes":""},"class_list":["post-75","page","type-page","status-publish","has-post-thumbnail","hentry","entry","has-media"],"_links":{"self":[{"href":"https:\/\/dori-go.com\/index.php\/wp-json\/wp\/v2\/pages\/75","targetHints":{"allow":["GET"]}}],"collection":[{"href":"https:\/\/dori-go.com\/index.php\/wp-json\/wp\/v2\/pages"}],"about":[{"href":"https:\/\/dori-go.com\/index.php\/wp-json\/wp\/v2\/types\/page"}],"author":[{"embeddable":true,"href":"https:\/\/dori-go.com\/index.php\/wp-json\/wp\/v2\/users\/1"}],"replies":[{"embeddable":true,"href":"https:\/\/dori-go.com\/index.php\/wp-json\/wp\/v2\/comments?post=75"}],"version-history":[{"count":58,"href":"https:\/\/dori-go.com\/index.php\/wp-json\/wp\/v2\/pages\/75\/revisions"}],"predecessor-version":[{"id":4926,"href":"https:\/\/dori-go.com\/index.php\/wp-json\/wp\/v2\/pages\/75\/revisions\/4926"}],"up":[{"embeddable":true,"href":"https:\/\/dori-go.com\/index.php\/wp-json\/wp\/v2\/pages\/73"}],"wp:featuredmedia":[{"embeddable":true,"href":"https:\/\/dori-go.com\/index.php\/wp-json\/wp\/v2\/media\/1136"}],"wp:attachment":[{"href":"https:\/\/dori-go.com\/index.php\/wp-json\/wp\/v2\/media?parent=75"}],"curies":[{"name":"wp","href":"https:\/\/api.w.org\/{rel}","templated":true}]}}