{"id":73,"date":"2020-01-03T00:12:08","date_gmt":"2020-01-03T00:12:08","guid":{"rendered":"https:\/\/dorigo.7150.hostserv.eu\/?page_id=73"},"modified":"2022-01-18T19:54:56","modified_gmt":"2022-01-18T19:54:56","slug":"consulting","status":"publish","type":"page","link":"https:\/\/dori-go.com\/index.php\/fur-kunden\/consulting\/","title":{"rendered":"Consulting f\u00fcr Human Resources"},"content":{"rendered":"\t\t<div data-elementor-type=\"wp-page\" data-elementor-id=\"73\" class=\"elementor elementor-73\" data-elementor-post-type=\"page\">\n\t\t\t\t\t\t<section class=\"elementor-section elementor-top-section elementor-element elementor-element-6a12578d elementor-section-stretched elementor-section-height-full elementor-section-content-middle elementor-section-full_width elementor-section-items-bottom elementor-section-height-default\" data-id=\"6a12578d\" data-element_type=\"section\" data-settings=\"{&quot;stretch_section&quot;:&quot;section-stretched&quot;,&quot;background_background&quot;:&quot;classic&quot;}\">\n\t\t\t\t\t\t<div class=\"elementor-container elementor-column-gap-no\">\n\t\t\t\t\t<div class=\"elementor-column elementor-col-100 elementor-top-column elementor-element elementor-element-185e7cad\" data-id=\"185e7cad\" data-element_type=\"column\" data-settings=\"{&quot;background_background&quot;:&quot;classic&quot;}\">\n\t\t\t<div class=\"elementor-widget-wrap elementor-element-populated\">\n\t\t\t\t\t\t<div class=\"elementor-element elementor-element-40a76ccb elementor-widget elementor-widget-heading\" data-id=\"40a76ccb\" data-element_type=\"widget\" data-widget_type=\"heading.default\">\n\t\t\t\t\t<h1 class=\"elementor-heading-title elementor-size-default\">Beraten und Begleiten<\/h1>\t\t\t\t<\/div>\n\t\t\t\t<div class=\"elementor-element elementor-element-32183a6 elementor-widget elementor-widget-heading\" data-id=\"32183a6\" data-element_type=\"widget\" data-widget_type=\"heading.default\">\n\t\t\t\t\t<h5 class=\"elementor-heading-title elementor-size-default\">Consulting Services<\/h5>\t\t\t\t<\/div>\n\t\t\t\t\t<\/div>\n\t\t<\/div>\n\t\t\t\t\t<\/div>\n\t\t<\/section>\n\t\t\t\t<section class=\"elementor-section elementor-top-section elementor-element elementor-element-7f491e03 elementor-section-boxed elementor-section-height-default elementor-section-height-default\" data-id=\"7f491e03\" data-element_type=\"section\">\n\t\t\t\t\t\t<div class=\"elementor-container elementor-column-gap-default\">\n\t\t\t\t\t<div class=\"elementor-column elementor-col-100 elementor-top-column elementor-element elementor-element-7df062df\" data-id=\"7df062df\" data-element_type=\"column\">\n\t\t\t<div class=\"elementor-widget-wrap elementor-element-populated\">\n\t\t\t\t\t\t<div class=\"elementor-element elementor-element-47b7fd2f elementor-widget elementor-widget-heading\" data-id=\"47b7fd2f\" data-element_type=\"widget\" data-widget_type=\"heading.default\">\n\t\t\t\t\t<h2 class=\"elementor-heading-title elementor-size-default\">Nachhaltige Personalentwicklung<\/h2>\t\t\t\t<\/div>\n\t\t\t\t<div class=\"elementor-element elementor-element-947514a elementor-widget elementor-widget-heading\" data-id=\"947514a\" data-element_type=\"widget\" data-widget_type=\"heading.default\">\n\t\t\t\t\t<h3 class=\"elementor-heading-title elementor-size-default\">Modular Consulting Services f\u00fcr Ihren unternehmerischen Erfolg<\/h3>\t\t\t\t<\/div>\n\t\t\t\t<div class=\"elementor-element elementor-element-3db8f355 elementor-widget elementor-widget-text-editor\" data-id=\"3db8f355\" data-element_type=\"widget\" data-widget_type=\"text-editor.default\">\n\t\t\t\t\t\t\t\t\t<p class=\"MsoNormal\"><span lang=\"DE\" style=\"color: #6f7170;\">Ist Ihr HR ger\u00fcstet f\u00fcr die Zukunft? H\u00e4lt Ihre Personalentwicklung und Ihre Strategie f\u00fcr Ver\u00e4nderungen mit den Anforderungen der Arbeits- und Unternehmenswelt von morgen mit? Hervorragendes und motiviertes Personal macht den Unterschied zwischen erfolgreichen und weniger erfolgreichen Unternehmen. Wer heute seinen Hausaufgaben in den Bereichen Development, Mitarbeiter-Engagement und Change-Management nicht macht, wird im weiteren War for Talents den K\u00fcrzeren ziehen.<\/span><\/p><p class=\"MsoNormal\"><span lang=\"DE\" style=\"color: #6f7170;\">Sie w\u00fcnschen sich einen Partner, der mitdenkt und hinterfragt? Einen Sparringpartner, der Sie sowohl in der Strategieentwicklung unterst\u00fctzt und auch bei der Umsetzung der erforderlichen Massnahmen begleitet? Unsere Expertinnen und Experten verf\u00fcgen \u00fcber langj\u00e4hrige Management-Erfahrungen in Ihrem Markt und eine hohe Beratungskompetenz. Auf diese Weise stellen wir eine sinnvolle, praxisrelevante und zugleich objektive Begleitung sicher. Sie profitieren von unserem fachlichen Know-how ebenso wie von unserer Strategieentwicklungs- und Umsetzungsexpertise.<br \/><\/span><\/p>\t\t\t\t\t\t\t\t<\/div>\n\t\t\t\t\t<\/div>\n\t\t<\/div>\n\t\t\t\t\t<\/div>\n\t\t<\/section>\n\t\t\t\t<section class=\"elementor-section elementor-top-section elementor-element elementor-element-789c703d elementor-section-boxed elementor-section-height-default elementor-section-height-default\" data-id=\"789c703d\" data-element_type=\"section\">\n\t\t\t\t\t\t<div class=\"elementor-container elementor-column-gap-default\">\n\t\t\t\t\t<div class=\"elementor-column elementor-col-33 elementor-top-column elementor-element elementor-element-2236eee2\" data-id=\"2236eee2\" data-element_type=\"column\">\n\t\t\t<div class=\"elementor-widget-wrap elementor-element-populated\">\n\t\t\t\t\t\t<div class=\"elementor-element elementor-element-38950fe3 elementor-position-top elementor-widget elementor-widget-image-box\" data-id=\"38950fe3\" data-element_type=\"widget\" data-widget_type=\"image-box.default\">\n\t\t\t\t\t<div class=\"elementor-image-box-wrapper\"><figure class=\"elementor-image-box-img\"><a href=\"https:\/\/dori-go.com\/index.php\/fur-kunden\/consulting\/development\/\" tabindex=\"-1\"><img decoding=\"async\" width=\"150\" height=\"150\" src=\"https:\/\/dori-go.com\/wp-content\/uploads\/2020\/07\/Consulting-150x150.png\" class=\"elementor-animation-pulse-grow attachment-thumbnail size-thumbnail wp-image-893\" alt=\"Consulting\" srcset=\"https:\/\/dori-go.com\/wp-content\/uploads\/2020\/07\/Consulting-150x150.png 150w, https:\/\/dori-go.com\/wp-content\/uploads\/2020\/07\/Consulting.png 250w\" sizes=\"(max-width: 150px) 100vw, 150px\" \/><\/a><\/figure><div class=\"elementor-image-box-content\"><h2 class=\"elementor-image-box-title\"><a href=\"https:\/\/dori-go.com\/index.php\/fur-kunden\/consulting\/development\/\">Development<\/a><\/h2><p class=\"elementor-image-box-description\"><strong>H\u00f6chstleistung f\u00fcr Ihr Unternehmen<\/strong>\n<p style=\"text-align:justify\">Die Leistungsf\u00e4higkeit Ihres Unternehmens wird neben Ihrem Portfolio massgeblich von Ihrem Personal bestimmt und gegebenenfalls limitiert. Investieren Sie in Ihre Unternehmensentwicklung \u2013 bef\u00e4higen Sie Ihre Mitarbeitenden zu H\u00f6chstleistungen. <\/p><\/p><\/div><\/div>\t\t\t\t<\/div>\n\t\t\t\t\t<\/div>\n\t\t<\/div>\n\t\t\t\t<div class=\"elementor-column elementor-col-33 elementor-top-column elementor-element elementor-element-2604e4c4\" data-id=\"2604e4c4\" data-element_type=\"column\">\n\t\t\t<div class=\"elementor-widget-wrap elementor-element-populated\">\n\t\t\t\t\t\t<div class=\"elementor-element elementor-element-3e6d6b31 elementor-position-top elementor-widget elementor-widget-image-box\" data-id=\"3e6d6b31\" data-element_type=\"widget\" data-widget_type=\"image-box.default\">\n\t\t\t\t\t<div class=\"elementor-image-box-wrapper\"><figure class=\"elementor-image-box-img\"><a href=\"https:\/\/dori-go.com\/index.php\/fur-kunden\/consulting\/change\/\" tabindex=\"-1\"><img decoding=\"async\" width=\"150\" height=\"150\" src=\"https:\/\/dori-go.com\/wp-content\/uploads\/2020\/07\/Change-Management-150x150.png\" class=\"elementor-animation-pulse-grow attachment-thumbnail size-thumbnail wp-image-891\" alt=\"Change Management\" srcset=\"https:\/\/dori-go.com\/wp-content\/uploads\/2020\/07\/Change-Management-150x150.png 150w, https:\/\/dori-go.com\/wp-content\/uploads\/2020\/07\/Change-Management.png 250w\" sizes=\"(max-width: 150px) 100vw, 150px\" \/><\/a><\/figure><div class=\"elementor-image-box-content\"><h2 class=\"elementor-image-box-title\"><a href=\"https:\/\/dori-go.com\/index.php\/fur-kunden\/consulting\/change\/\">Change Management<\/a><\/h2><p class=\"elementor-image-box-description\"><b>Wachstum bedeutet Ver\u00e4nderung<\/b>\n<p style=\"text-align:justify\">Ihr Unternehmen befindet sich in einem Transformations-prozess oder gr\u00f6ssere Ver\u00e4nderungen stehen kurz bevor? Die meisten Change-Prozesse scheitern an der Akzeptanz der eigenen Mitarbeitenden. Eine professionelle externe Begleitung sichert das Gelingen Ihrer Ver\u00e4nderungs-prozesse. <\/p><\/p><\/div><\/div>\t\t\t\t<\/div>\n\t\t\t\t\t<\/div>\n\t\t<\/div>\n\t\t\t\t<div class=\"elementor-column elementor-col-33 elementor-top-column elementor-element elementor-element-be8cba2\" data-id=\"be8cba2\" data-element_type=\"column\">\n\t\t\t<div class=\"elementor-widget-wrap elementor-element-populated\">\n\t\t\t\t\t\t<div class=\"elementor-element elementor-element-3c3777ab elementor-position-top elementor-widget elementor-widget-image-box\" data-id=\"3c3777ab\" data-element_type=\"widget\" data-widget_type=\"image-box.default\">\n\t\t\t\t\t<div class=\"elementor-image-box-wrapper\"><figure class=\"elementor-image-box-img\"><a href=\"https:\/\/dori-go.com\/index.php\/fur-privatpersonen\/\" tabindex=\"-1\"><img decoding=\"async\" width=\"150\" height=\"150\" src=\"https:\/\/dori-go.com\/wp-content\/uploads\/2020\/07\/PrivatpersonenConsulting-150x150.png\" class=\"elementor-animation-pulse-grow attachment-thumbnail size-thumbnail wp-image-900\" alt=\"PrivatpersonenConsulting\" srcset=\"https:\/\/dori-go.com\/wp-content\/uploads\/2020\/07\/PrivatpersonenConsulting-150x150.png 150w, https:\/\/dori-go.com\/wp-content\/uploads\/2020\/07\/PrivatpersonenConsulting.png 250w\" sizes=\"(max-width: 150px) 100vw, 150px\" \/><\/a><\/figure><div class=\"elementor-image-box-content\"><h2 class=\"elementor-image-box-title\"><a href=\"https:\/\/dori-go.com\/index.php\/fur-privatpersonen\/\">F\u00fcr Privatpersonen<\/a><\/h2><p class=\"elementor-image-box-description\"><strong>Entfalten Sie Ihr volles Potenzial<\/strong>\n<p style=\"text-align:justify\">\nSie m\u00f6chten Ihre pers\u00f6nliche Entwicklung beschleunigen? Sie stehen vor einer gr\u00f6sseren Ver\u00e4nderung oder Sie stecken in einer Krise? Unsere qualifizierten Coaches unterst\u00fctzen Sie bei der Probleml\u00f6sung und der Entfaltung Ihres vollen Potenzials. <\/p><\/p><\/div><\/div>\t\t\t\t<\/div>\n\t\t\t\t\t<\/div>\n\t\t<\/div>\n\t\t\t\t\t<\/div>\n\t\t<\/section>\n\t\t\t\t<section class=\"elementor-section elementor-top-section elementor-element elementor-element-664fc98 elementor-section-boxed elementor-section-height-default elementor-section-height-default\" data-id=\"664fc98\" data-element_type=\"section\">\n\t\t\t\t\t\t<div class=\"elementor-container elementor-column-gap-default\">\n\t\t\t\t\t<div class=\"elementor-column elementor-col-100 elementor-top-column elementor-element elementor-element-9fb0508\" data-id=\"9fb0508\" data-element_type=\"column\">\n\t\t\t<div class=\"elementor-widget-wrap elementor-element-populated\">\n\t\t\t\t\t\t<div class=\"elementor-element elementor-element-86f3f2f elementor-align-center elementor-widget elementor-widget-button\" data-id=\"86f3f2f\" data-element_type=\"widget\" data-widget_type=\"button.default\">\n\t\t\t\t\t\t\t\t\t\t<a class=\"elementor-button elementor-button-link elementor-size-lg\" href=\"https:\/\/dori-go.com\/index.php\/kontakt\/\">\n\t\t\t\t\t\t<span class=\"elementor-button-content-wrapper\">\n\t\t\t\t\t\t\t\t\t<span class=\"elementor-button-text\">Jetzt individuell beraten lassen<\/span>\n\t\t\t\t\t<\/span>\n\t\t\t\t\t<\/a>\n\t\t\t\t\t\t\t\t<\/div>\n\t\t\t\t\t<\/div>\n\t\t<\/div>\n\t\t\t\t\t<\/div>\n\t\t<\/section>\n\t\t\t\t<section class=\"elementor-section elementor-top-section elementor-element elementor-element-75003b4f elementor-section-boxed elementor-section-height-default elementor-section-height-default\" data-id=\"75003b4f\" data-element_type=\"section\" data-settings=\"{&quot;background_background&quot;:&quot;classic&quot;}\">\n\t\t\t\t\t\t<div class=\"elementor-container elementor-column-gap-no\">\n\t\t\t\t\t<div class=\"elementor-column elementor-col-100 elementor-top-column elementor-element elementor-element-3136e8a4\" data-id=\"3136e8a4\" data-element_type=\"column\">\n\t\t\t<div class=\"elementor-widget-wrap elementor-element-populated\">\n\t\t\t\t\t\t<div class=\"elementor-element elementor-element-123b85be elementor-widget elementor-widget-heading\" data-id=\"123b85be\" data-element_type=\"widget\" data-widget_type=\"heading.default\">\n\t\t\t\t\t<h2 class=\"elementor-heading-title elementor-size-default\">Unser USP - Ihr Vorteil<\/h2>\t\t\t\t<\/div>\n\t\t\t\t<div class=\"elementor-element elementor-element-853405a elementor-widget elementor-widget-text-editor\" data-id=\"853405a\" data-element_type=\"widget\" data-widget_type=\"text-editor.default\">\n\t\t\t\t\t\t\t\t\t<p class=\"MsoNormal\"><span lang=\"DE\" style=\"color: #6f7170;\">Hier geht es nicht um uns, sondern um Sie &#8211; Um Sie und Ihr Unternehmen. Wir setzen auf gelebte Kooperationen zu hochkar\u00e4tigen Partnern. Ihr(e) pers\u00f6nliche(r) Ansprechpartner(in) hat umfassende, praktische Management-Erfahrungen in Ihrer Branche und ist entsprechend gut vernetzt. Je nach Ihrem individuellen Bedarf und der aktuellen Herausforderung zieht Ihr Ansprechpartner weitere Dorigo-Expert(innen)en hinzu. <\/span><\/p><p class=\"MsoNormal\"><span lang=\"DE\" style=\"color: #6f7170;\">Neben verschiedenen Kooperationen mit erfolgreichen Unternehmen profitieren Sie von einem grossen und exzellenten Trainer- und Beraternetzwerk.<\/span><\/p>\t\t\t\t\t\t\t\t<\/div>\n\t\t\t\t<div class=\"elementor-element elementor-element-2d2ab4e elementor-widget elementor-widget-heading\" data-id=\"2d2ab4e\" data-element_type=\"widget\" data-widget_type=\"heading.default\">\n\t\t\t\t\t<h3 class=\"elementor-heading-title elementor-size-default\">Was Sie von uns erwarten d\u00fcrfen<\/h3>\t\t\t\t<\/div>\n\t\t\t\t<div class=\"elementor-element elementor-element-31eb940 elementor-widget elementor-widget-text-editor\" data-id=\"31eb940\" data-element_type=\"widget\" data-widget_type=\"text-editor.default\">\n\t\t\t\t\t\t\t\t\t<div><span style=\"color: #6f7170; font-size: 16px;\">Unternehmensberater sind \u00fcberbezahlte Anzugtr\u00e4ger, die \u00fcber viel theoretisches Wissen verf\u00fcgen, aber keine praktischen Erfahrungen mitbringen. Sie bekommen viel Geld, damit Sie den Unternehmen erz\u00e4hlen, was diese ohnehin schon wissen. Wenn Berater die Unternehmen wieder verlassen herrscht grosse Unruhe, ver\u00e4ndert hat sich aber in der Regel nichts. So, oder so \u00e4hnlich lauten die g\u00e4ngigen Vorurteile \u00fcber die Consulting-Welt.\u00a0<\/span><\/div><p class=\"MsoNormal\"><span style=\"color: #6f7170; font-size: 16px;\">Doch so muss es nicht sein! Wir beraten auf Augenh\u00f6he und stehen f\u00fcr ein vertrauensvolles Miteinander mit unseren Kundinnen und Kunden. Bei uns steht der Mensch im Mittelpunkt: Ihre F\u00fchrungskr\u00e4fte und Mitarbeitenden werden genau dort abgeholt, wo sie stehen. Unsere Verantwortung endet nicht mit der Beratung, wir legen Wert auf eine nachhaltige Umsetzung, die wir auf Wunsch gerne umfassend begleiten. <br \/><\/span><\/p><p class=\"MsoNormal\">\u00a0<\/p>\t\t\t\t\t\t\t\t<\/div>\n\t\t\t\t\t<\/div>\n\t\t<\/div>\n\t\t\t\t\t<\/div>\n\t\t<\/section>\n\t\t\t\t<\/div>\n\t\t","protected":false},"excerpt":{"rendered":"<p>Beraten und Begleiten Consulting Services Nachhaltige Personalentwicklung Modular Consulting Services f\u00fcr Ihren unternehmerischen Erfolg Ist Ihr HR ger\u00fcstet f\u00fcr die Zukunft? H\u00e4lt Ihre Personalentwicklung und Ihre Strategie f\u00fcr Ver\u00e4nderungen mit den Anforderungen der Arbeits- und Unternehmenswelt von morgen mit? Hervorragendes und motiviertes Personal macht den Unterschied zwischen erfolgreichen und weniger erfolgreichen Unternehmen. Wer heute seinen [&hellip;]<\/p>\n","protected":false},"author":1,"featured_media":1136,"parent":18,"menu_order":0,"comment_status":"closed","ping_status":"closed","template":"elementor_header_footer","meta":{"ocean_post_layout":"","ocean_both_sidebars_style":"","ocean_both_sidebars_content_width":0,"ocean_both_sidebars_sidebars_width":0,"ocean_sidebar":"sidebar","ocean_second_sidebar":"0","ocean_disable_margins":"enable","ocean_add_body_class":"","ocean_shortcode_before_top_bar":"","ocean_shortcode_after_top_bar":"","ocean_shortcode_before_header":"","ocean_shortcode_after_header":"","ocean_has_shortcode":"","ocean_shortcode_after_title":"","ocean_shortcode_before_footer_widgets":"","ocean_shortcode_after_footer_widgets":"","ocean_shortcode_before_footer_bottom":"","ocean_shortcode_after_footer_bottom":"","ocean_display_top_bar":"default","ocean_display_header":"default","ocean_header_style":"","ocean_center_header_left_menu":"0","ocean_custom_header_template":"0","ocean_custom_logo":0,"ocean_custom_retina_logo":0,"ocean_custom_logo_max_width":0,"ocean_custom_logo_tablet_max_width":0,"ocean_custom_logo_mobile_max_width":0,"ocean_custom_logo_max_height":0,"ocean_custom_logo_tablet_max_height":0,"ocean_custom_logo_mobile_max_height":0,"ocean_header_custom_menu":"0","ocean_menu_typo_font_family":"0","ocean_menu_typo_font_subset":"","ocean_menu_typo_font_size":0,"ocean_menu_typo_font_size_tablet":0,"ocean_menu_typo_font_size_mobile":0,"ocean_menu_typo_font_size_unit":"px","ocean_menu_typo_font_weight":"","ocean_menu_typo_font_weight_tablet":"","ocean_menu_typo_font_weight_mobile":"","ocean_menu_typo_transform":"","ocean_menu_typo_transform_tablet":"","ocean_menu_typo_transform_mobile":"","ocean_menu_typo_line_height":0,"ocean_menu_typo_line_height_tablet":0,"ocean_menu_typo_line_height_mobile":0,"ocean_menu_typo_line_height_unit":"","ocean_menu_typo_spacing":0,"ocean_menu_typo_spacing_tablet":0,"ocean_menu_typo_spacing_mobile":0,"ocean_menu_typo_spacing_unit":"","ocean_menu_link_color":"","ocean_menu_link_color_hover":"","ocean_menu_link_color_active":"","ocean_menu_link_background":"","ocean_menu_link_hover_background":"","ocean_menu_link_active_background":"","ocean_menu_social_links_bg":"","ocean_menu_social_hover_links_bg":"","ocean_menu_social_links_color":"","ocean_menu_social_hover_links_color":"","ocean_disable_title":"on","ocean_disable_heading":"default","ocean_post_title":"","ocean_post_subheading":"","ocean_post_title_style":"","ocean_post_title_background_color":"","ocean_post_title_background":0,"ocean_post_title_bg_image_position":"","ocean_post_title_bg_image_attachment":"","ocean_post_title_bg_image_repeat":"","ocean_post_title_bg_image_size":"","ocean_post_title_height":0,"ocean_post_title_bg_overlay":0.5,"ocean_post_title_bg_overlay_color":"","ocean_disable_breadcrumbs":"default","ocean_breadcrumbs_color":"","ocean_breadcrumbs_separator_color":"","ocean_breadcrumbs_links_color":"","ocean_breadcrumbs_links_hover_color":"","ocean_display_footer_widgets":"default","ocean_display_footer_bottom":"default","ocean_custom_footer_template":"0","footnotes":""},"class_list":["post-73","page","type-page","status-publish","has-post-thumbnail","hentry","entry","has-media"],"_links":{"self":[{"href":"https:\/\/dori-go.com\/index.php\/wp-json\/wp\/v2\/pages\/73","targetHints":{"allow":["GET"]}}],"collection":[{"href":"https:\/\/dori-go.com\/index.php\/wp-json\/wp\/v2\/pages"}],"about":[{"href":"https:\/\/dori-go.com\/index.php\/wp-json\/wp\/v2\/types\/page"}],"author":[{"embeddable":true,"href":"https:\/\/dori-go.com\/index.php\/wp-json\/wp\/v2\/users\/1"}],"replies":[{"embeddable":true,"href":"https:\/\/dori-go.com\/index.php\/wp-json\/wp\/v2\/comments?post=73"}],"version-history":[{"count":84,"href":"https:\/\/dori-go.com\/index.php\/wp-json\/wp\/v2\/pages\/73\/revisions"}],"predecessor-version":[{"id":5332,"href":"https:\/\/dori-go.com\/index.php\/wp-json\/wp\/v2\/pages\/73\/revisions\/5332"}],"up":[{"embeddable":true,"href":"https:\/\/dori-go.com\/index.php\/wp-json\/wp\/v2\/pages\/18"}],"wp:featuredmedia":[{"embeddable":true,"href":"https:\/\/dori-go.com\/index.php\/wp-json\/wp\/v2\/media\/1136"}],"wp:attachment":[{"href":"https:\/\/dori-go.com\/index.php\/wp-json\/wp\/v2\/media?parent=73"}],"curies":[{"name":"wp","href":"https:\/\/api.w.org\/{rel}","templated":true}]}}