{"id":71,"date":"2020-01-03T00:12:08","date_gmt":"2020-01-03T00:12:08","guid":{"rendered":"https:\/\/dorigo.7150.hostserv.eu\/?page_id=71"},"modified":"2022-01-12T18:04:33","modified_gmt":"2022-01-12T18:04:33","slug":"executive-search-rekrutierung","status":"publish","type":"page","link":"https:\/\/dori-go.com\/index.php\/fur-kunden\/executive-search-rekrutierung\/","title":{"rendered":"Executive Search &#8211; Rekrutierung"},"content":{"rendered":"\t\t<div data-elementor-type=\"wp-page\" data-elementor-id=\"71\" class=\"elementor elementor-71\" data-elementor-post-type=\"page\">\n\t\t\t\t\t\t<section class=\"elementor-section elementor-top-section elementor-element elementor-element-12d55cf8 elementor-section-stretched elementor-section-height-full elementor-section-full_width elementor-section-items-bottom elementor-section-height-default\" data-id=\"12d55cf8\" data-element_type=\"section\" data-settings=\"{&quot;stretch_section&quot;:&quot;section-stretched&quot;,&quot;background_background&quot;:&quot;classic&quot;}\">\n\t\t\t\t\t\t<div class=\"elementor-container elementor-column-gap-no\">\n\t\t\t\t\t<div class=\"elementor-column elementor-col-100 elementor-top-column elementor-element elementor-element-5998cf4f\" data-id=\"5998cf4f\" data-element_type=\"column\" data-settings=\"{&quot;background_background&quot;:&quot;classic&quot;}\">\n\t\t\t<div class=\"elementor-widget-wrap elementor-element-populated\">\n\t\t\t\t\t\t<div class=\"elementor-element elementor-element-1e6536f1 elementor-widget elementor-widget-heading\" data-id=\"1e6536f1\" data-element_type=\"widget\" data-widget_type=\"heading.default\">\n\t\t\t\t\t<h1 class=\"elementor-heading-title elementor-size-default\">Talente finden<\/h1>\t\t\t\t<\/div>\n\t\t\t\t<div class=\"elementor-element elementor-element-bbe8d9c elementor-widget elementor-widget-heading\" data-id=\"bbe8d9c\" data-element_type=\"widget\" data-widget_type=\"heading.default\">\n\t\t\t\t\t<h5 class=\"elementor-heading-title elementor-size-default\">Executive Search<\/h5>\t\t\t\t<\/div>\n\t\t\t\t\t<\/div>\n\t\t<\/div>\n\t\t\t\t\t<\/div>\n\t\t<\/section>\n\t\t\t\t<section class=\"elementor-section elementor-top-section elementor-element elementor-element-26fa3a19 elementor-section-boxed elementor-section-height-default elementor-section-height-default\" data-id=\"26fa3a19\" data-element_type=\"section\">\n\t\t\t\t\t\t<div class=\"elementor-container elementor-column-gap-no\">\n\t\t\t\t\t<div class=\"elementor-column elementor-col-100 elementor-top-column elementor-element elementor-element-769ee472\" data-id=\"769ee472\" data-element_type=\"column\">\n\t\t\t<div class=\"elementor-widget-wrap elementor-element-populated\">\n\t\t\t\t\t\t<div class=\"elementor-element elementor-element-2e217f8e elementor-widget elementor-widget-heading\" data-id=\"2e217f8e\" data-element_type=\"widget\" data-widget_type=\"heading.default\">\n\t\t\t\t\t<h2 class=\"elementor-heading-title elementor-size-default\">Rekrutierung von Spitzenkr\u00e4ften<\/h2>\t\t\t\t<\/div>\n\t\t\t\t<div class=\"elementor-element elementor-element-e3f4912 elementor-widget elementor-widget-heading\" data-id=\"e3f4912\" data-element_type=\"widget\" data-widget_type=\"heading.default\">\n\t\t\t\t\t<h3 class=\"elementor-heading-title elementor-size-default\">Verschaffen Sie sich einen entscheidenden Vorteil im War for Talents                                                                                                                                       <\/h3>\t\t\t\t<\/div>\n\t\t\t\t<div class=\"elementor-element elementor-element-cb86f37 elementor-widget elementor-widget-text-editor\" data-id=\"cb86f37\" data-element_type=\"widget\" data-widget_type=\"text-editor.default\">\n\t\t\t\t\t\t\t\t\t<p><span lang=\"DE\">Sie m\u00f6chten Ihre offenen Vakanzen m\u00f6glichst zeitnah und optimal besetzt wissen? Lange Ausfallzeiten und die damit verbundenen Kosten m\u00f6chten und k\u00f6nnen Sie sich nicht leisten? Wir unterst\u00fctzen Sie auf Wunsch im gesamten Rekrutierungsprozess &#8211; modular und individuell. Von der genauen Definition des gesuchten Bewerberprofils \u00fcber die Kandidatensuche und Marktansprache bis hin zur Kandidatenselektion und Entscheidungsunterst\u00fctzung \u2013 Sie nutzen ausschliesslich die Dienstleistungen, die Sie ben\u00f6tigen. <\/span><\/p><p><span lang=\"DE\">Unsere Expert(inn)en sind nicht nur professionelle Recruiter, sondern verf\u00fcgen alle \u00fcber eine langj\u00e4hrige Berufserfahrung in den jeweils relevanten M\u00e4rkten. Sie profitieren einerseits von der Branchekompetenz in der Marktansprache und andererseits von unseren Netzwerken in der Kandidatensuche.\u00a0<\/span><\/p>\t\t\t\t\t\t\t\t<\/div>\n\t\t\t\t\t<\/div>\n\t\t<\/div>\n\t\t\t\t\t<\/div>\n\t\t<\/section>\n\t\t\t\t<section class=\"elementor-section elementor-top-section elementor-element elementor-element-23d0fa19 elementor-section-boxed elementor-section-height-default elementor-section-height-default\" data-id=\"23d0fa19\" data-element_type=\"section\">\n\t\t\t\t\t\t<div class=\"elementor-container elementor-column-gap-no\">\n\t\t\t\t\t<div class=\"elementor-column elementor-col-100 elementor-top-column elementor-element elementor-element-6ef86614\" data-id=\"6ef86614\" data-element_type=\"column\">\n\t\t\t<div class=\"elementor-widget-wrap elementor-element-populated\">\n\t\t\t\t\t\t<div class=\"elementor-element elementor-element-1273af25 elementor-widget elementor-widget-heading\" data-id=\"1273af25\" data-element_type=\"widget\" data-widget_type=\"heading.default\">\n\t\t\t\t\t<h3 class=\"elementor-heading-title elementor-size-default\">Was ist Ihre gr\u00f6sste Recruiting-Herausforderung?<\/h3>\t\t\t\t<\/div>\n\t\t\t\t<div class=\"elementor-element elementor-element-16cc94c elementor-widget elementor-widget-text-editor\" data-id=\"16cc94c\" data-element_type=\"widget\" data-widget_type=\"text-editor.default\">\n\t\t\t\t\t\t\t\t\t<p>Explodieren Ihre Rekrutierungskosten? Wir bieten Ihnen bedarfsgerechte Leistungen zu nutzenad\u00e4quaten Kosten. Ein modulares Leistungsspektrum erlaubt Ihnen gezielt diejenigen Leistungen einzukaufen, die Sie selbst nicht erbringen k\u00f6nnen. Entsprechend reduzieren sich die gesamten externen Rekrutierungsgeb\u00fchren auf die Kosten Ihres jeweiligen Bedarfs.<\/p>\t\t\t\t\t\t\t\t<\/div>\n\t\t\t\t<div class=\"elementor-element elementor-element-f92a80b elementor-widget elementor-widget-text-editor\" data-id=\"f92a80b\" data-element_type=\"widget\" data-widget_type=\"text-editor.default\">\n\t\t\t\t\t\t\t\t\t<p><strong>Stets das passende Modul f\u00fcr Ihre Herausforderung<\/strong><\/p>\t\t\t\t\t\t\t\t<\/div>\n\t\t\t\t\t<\/div>\n\t\t<\/div>\n\t\t\t\t\t<\/div>\n\t\t<\/section>\n\t\t\t\t<section class=\"elementor-section elementor-top-section elementor-element elementor-element-259d487 elementor-section-boxed elementor-section-height-default elementor-section-height-default\" data-id=\"259d487\" data-element_type=\"section\">\n\t\t\t\t\t\t<div class=\"elementor-container elementor-column-gap-default\">\n\t\t\t\t\t<div class=\"elementor-column elementor-col-20 elementor-top-column elementor-element elementor-element-8d0a71e\" data-id=\"8d0a71e\" data-element_type=\"column\">\n\t\t\t<div class=\"elementor-widget-wrap elementor-element-populated\">\n\t\t\t\t\t\t<div class=\"elementor-element elementor-element-b992565 elementor-position-top elementor-widget elementor-widget-image-box\" data-id=\"b992565\" data-element_type=\"widget\" data-widget_type=\"image-box.default\">\n\t\t\t\t\t<div class=\"elementor-image-box-wrapper\"><figure class=\"elementor-image-box-img\"><a href=\"#executivesearch-1\" tabindex=\"-1\"><img fetchpriority=\"high\" decoding=\"async\" width=\"250\" height=\"250\" src=\"https:\/\/dori-go.com\/wp-content\/uploads\/2020\/07\/Positions-Umfeldanalyse.png\" class=\"elementor-animation-pulse-grow attachment-full size-full wp-image-921\" alt=\"Positions- &amp; Umfeldanalyse\" srcset=\"https:\/\/dori-go.com\/wp-content\/uploads\/2020\/07\/Positions-Umfeldanalyse.png 250w, https:\/\/dori-go.com\/wp-content\/uploads\/2020\/07\/Positions-Umfeldanalyse-150x150.png 150w\" sizes=\"(max-width: 250px) 100vw, 250px\" \/><\/a><\/figure><div class=\"elementor-image-box-content\"><h4 class=\"elementor-image-box-title\"><a href=\"#executivesearch-1\">Positions- &amp; Umfeldanalyse<\/a><\/h4><\/div><\/div>\t\t\t\t<\/div>\n\t\t\t\t\t<\/div>\n\t\t<\/div>\n\t\t\t\t<div class=\"elementor-column elementor-col-20 elementor-top-column elementor-element elementor-element-2d6ce70\" data-id=\"2d6ce70\" data-element_type=\"column\">\n\t\t\t<div class=\"elementor-widget-wrap elementor-element-populated\">\n\t\t\t\t\t\t<div class=\"elementor-element elementor-element-42f9a01 elementor-position-top elementor-widget elementor-widget-image-box\" data-id=\"42f9a01\" data-element_type=\"widget\" data-widget_type=\"image-box.default\">\n\t\t\t\t\t<div class=\"elementor-image-box-wrapper\"><figure class=\"elementor-image-box-img\"><a href=\"#executivesearch-2\" tabindex=\"-1\"><img decoding=\"async\" width=\"250\" height=\"250\" src=\"https:\/\/dori-go.com\/wp-content\/uploads\/2020\/07\/Kandidatensuche.png\" class=\"elementor-animation-pulse-grow attachment-full size-full wp-image-909\" alt=\"Kandidatensuche\" srcset=\"https:\/\/dori-go.com\/wp-content\/uploads\/2020\/07\/Kandidatensuche.png 250w, https:\/\/dori-go.com\/wp-content\/uploads\/2020\/07\/Kandidatensuche-150x150.png 150w\" sizes=\"(max-width: 250px) 100vw, 250px\" \/><\/a><\/figure><div class=\"elementor-image-box-content\"><h4 class=\"elementor-image-box-title\"><a href=\"#executivesearch-2\">Kandidatensuche<\/a><\/h4><\/div><\/div>\t\t\t\t<\/div>\n\t\t\t\t\t<\/div>\n\t\t<\/div>\n\t\t\t\t<div class=\"elementor-column elementor-col-20 elementor-top-column elementor-element elementor-element-ea460e9\" data-id=\"ea460e9\" data-element_type=\"column\">\n\t\t\t<div class=\"elementor-widget-wrap elementor-element-populated\">\n\t\t\t\t\t\t<div class=\"elementor-element elementor-element-e4083a9 elementor-position-top elementor-widget elementor-widget-image-box\" data-id=\"e4083a9\" data-element_type=\"widget\" data-widget_type=\"image-box.default\">\n\t\t\t\t\t<div class=\"elementor-image-box-wrapper\"><figure class=\"elementor-image-box-img\"><a href=\"#executivesearch-3\" tabindex=\"-1\"><img decoding=\"async\" width=\"250\" height=\"250\" src=\"https:\/\/dori-go.com\/wp-content\/uploads\/2020\/07\/Marktansprache.png\" class=\"elementor-animation-pulse-grow attachment-full size-full wp-image-912\" alt=\"Marktansprache\" srcset=\"https:\/\/dori-go.com\/wp-content\/uploads\/2020\/07\/Marktansprache.png 250w, https:\/\/dori-go.com\/wp-content\/uploads\/2020\/07\/Marktansprache-150x150.png 150w\" sizes=\"(max-width: 250px) 100vw, 250px\" \/><\/a><\/figure><div class=\"elementor-image-box-content\"><h4 class=\"elementor-image-box-title\"><a href=\"#executivesearch-3\">Marktansprache<\/a><\/h4><\/div><\/div>\t\t\t\t<\/div>\n\t\t\t\t\t<\/div>\n\t\t<\/div>\n\t\t\t\t<div class=\"elementor-column elementor-col-20 elementor-top-column elementor-element elementor-element-6382454\" data-id=\"6382454\" data-element_type=\"column\">\n\t\t\t<div class=\"elementor-widget-wrap elementor-element-populated\">\n\t\t\t\t\t\t<div class=\"elementor-element elementor-element-ece5af8 elementor-position-top elementor-widget elementor-widget-image-box\" data-id=\"ece5af8\" data-element_type=\"widget\" data-widget_type=\"image-box.default\">\n\t\t\t\t\t<div class=\"elementor-image-box-wrapper\"><figure class=\"elementor-image-box-img\"><a href=\"#executivesearch-4\" tabindex=\"-1\"><img loading=\"lazy\" decoding=\"async\" width=\"250\" height=\"250\" src=\"https:\/\/dori-go.com\/wp-content\/uploads\/2020\/07\/Kandidatenselektion.png\" class=\"elementor-animation-pulse-grow attachment-full size-full wp-image-908\" alt=\"Kandidatenselektion\" srcset=\"https:\/\/dori-go.com\/wp-content\/uploads\/2020\/07\/Kandidatenselektion.png 250w, https:\/\/dori-go.com\/wp-content\/uploads\/2020\/07\/Kandidatenselektion-150x150.png 150w\" sizes=\"(max-width: 250px) 100vw, 250px\" \/><\/a><\/figure><div class=\"elementor-image-box-content\"><h4 class=\"elementor-image-box-title\"><a href=\"#executivesearch-4\">Kandidatenselektion<\/a><\/h4><\/div><\/div>\t\t\t\t<\/div>\n\t\t\t\t\t<\/div>\n\t\t<\/div>\n\t\t\t\t<div class=\"elementor-column elementor-col-20 elementor-top-column elementor-element elementor-element-2f50894\" data-id=\"2f50894\" data-element_type=\"column\">\n\t\t\t<div class=\"elementor-widget-wrap elementor-element-populated\">\n\t\t\t\t\t\t<div class=\"elementor-element elementor-element-96d3c89 elementor-position-top elementor-widget elementor-widget-image-box\" data-id=\"96d3c89\" data-element_type=\"widget\" data-widget_type=\"image-box.default\">\n\t\t\t\t\t<div class=\"elementor-image-box-wrapper\"><figure class=\"elementor-image-box-img\"><a href=\"#executivesearch-5\" tabindex=\"-1\"><img loading=\"lazy\" decoding=\"async\" width=\"250\" height=\"250\" src=\"https:\/\/dori-go.com\/wp-content\/uploads\/2020\/07\/Entscheidungsunterst\u00fctzung-Follow_up.png\" class=\"elementor-animation-pulse-grow attachment-full size-full wp-image-904\" alt=\"Entscheidungsunterst\u00fctzung &amp; Follow_up\" srcset=\"https:\/\/dori-go.com\/wp-content\/uploads\/2020\/07\/Entscheidungsunterst\u00fctzung-Follow_up.png 250w, https:\/\/dori-go.com\/wp-content\/uploads\/2020\/07\/Entscheidungsunterst\u00fctzung-Follow_up-150x150.png 150w\" sizes=\"(max-width: 250px) 100vw, 250px\" \/><\/a><\/figure><div class=\"elementor-image-box-content\"><h4 class=\"elementor-image-box-title\"><a href=\"#executivesearch-5\">Entscheidungsunterst\u00fctzung &amp; <br>Follow-up<\/a><\/h4><\/div><\/div>\t\t\t\t<\/div>\n\t\t\t\t\t<\/div>\n\t\t<\/div>\n\t\t\t\t\t<\/div>\n\t\t<\/section>\n\t\t\t\t<section class=\"elementor-section elementor-top-section elementor-element elementor-element-e0e0606 elementor-section-boxed elementor-section-height-default elementor-section-height-default\" data-id=\"e0e0606\" data-element_type=\"section\">\n\t\t\t\t\t\t<div class=\"elementor-container elementor-column-gap-default\">\n\t\t\t\t\t<div class=\"elementor-column elementor-col-100 elementor-top-column elementor-element elementor-element-7826f42\" data-id=\"7826f42\" data-element_type=\"column\">\n\t\t\t<div class=\"elementor-widget-wrap elementor-element-populated\">\n\t\t\t\t\t\t<div class=\"elementor-element elementor-element-644a38b elementor-widget elementor-widget-text-editor\" data-id=\"644a38b\" data-element_type=\"widget\" data-widget_type=\"text-editor.default\">\n\t\t\t\t\t\t\t\t\t<p>Aus eigener Erfahrung als Manager in den relevanten M\u00e4rkten kennen wir die USPs Ihres Unternehmens und sind daher in der Lage, entsprechende \u00dcberzeugungsarbeit zu leisten. Durch die eingehende Analyse der Profile evaluieren wir m\u00f6gliche Mehrwerte Ihres Unternehmens bzw. Ihrer Positionen f\u00fcr die Karriere-Entwicklung der Kandidat(innen)en. Auf Wunsch k\u00f6nnen wir diese Aspekte im Rahmen unserer Beratungsleistungen f\u00fcr Kandidat(innen)en vertiefen.<\/p>\t\t\t\t\t\t\t\t<\/div>\n\t\t\t\t\t<\/div>\n\t\t<\/div>\n\t\t\t\t\t<\/div>\n\t\t<\/section>\n\t\t\t\t<section class=\"elementor-section elementor-top-section elementor-element elementor-element-8b14a63 elementor-section-boxed elementor-section-height-default elementor-section-height-default\" data-id=\"8b14a63\" data-element_type=\"section\">\n\t\t\t\t\t\t<div class=\"elementor-container elementor-column-gap-default\">\n\t\t\t\t\t<div class=\"elementor-column elementor-col-100 elementor-top-column elementor-element elementor-element-909c049\" data-id=\"909c049\" data-element_type=\"column\">\n\t\t\t<div class=\"elementor-widget-wrap elementor-element-populated\">\n\t\t\t\t\t\t\t<\/div>\n\t\t<\/div>\n\t\t\t\t\t<\/div>\n\t\t<\/section>\n\t\t\t\t<section class=\"elementor-section elementor-top-section elementor-element elementor-element-31262f1 elementor-section-boxed elementor-section-height-default elementor-section-height-default\" data-id=\"31262f1\" data-element_type=\"section\">\n\t\t\t\t\t\t<div class=\"elementor-container elementor-column-gap-default\">\n\t\t\t\t\t<div class=\"elementor-column elementor-col-100 elementor-top-column elementor-element elementor-element-7951aac\" data-id=\"7951aac\" data-element_type=\"column\">\n\t\t\t<div class=\"elementor-widget-wrap elementor-element-populated\">\n\t\t\t\t\t\t<div class=\"elementor-element elementor-element-9a06d7a elementor-align-center elementor-widget elementor-widget-button\" data-id=\"9a06d7a\" data-element_type=\"widget\" data-widget_type=\"button.default\">\n\t\t\t\t\t\t\t\t\t\t<a class=\"elementor-button elementor-button-link elementor-size-lg\" href=\"https:\/\/dori-go.com\/index.php\/kontakt\/\">\n\t\t\t\t\t\t<span class=\"elementor-button-content-wrapper\">\n\t\t\t\t\t\t\t\t\t<span class=\"elementor-button-text\">Jetzt individuell beraten lassen<\/span>\n\t\t\t\t\t<\/span>\n\t\t\t\t\t<\/a>\n\t\t\t\t\t\t\t\t<\/div>\n\t\t\t\t\t<\/div>\n\t\t<\/div>\n\t\t\t\t\t<\/div>\n\t\t<\/section>\n\t\t\t\t<\/div>\n\t\t","protected":false},"excerpt":{"rendered":"<p>Talente finden Executive Search Rekrutierung von Spitzenkr\u00e4ften Verschaffen Sie sich einen entscheidenden Vorteil im War for Talents Sie m\u00f6chten Ihre offenen Vakanzen m\u00f6glichst zeitnah und optimal besetzt wissen? Lange Ausfallzeiten und die damit verbundenen Kosten m\u00f6chten und k\u00f6nnen Sie sich nicht leisten? Wir unterst\u00fctzen Sie auf Wunsch im gesamten Rekrutierungsprozess &#8211; modular und individuell. Von [&hellip;]<\/p>\n","protected":false},"author":1,"featured_media":1135,"parent":18,"menu_order":0,"comment_status":"closed","ping_status":"closed","template":"","meta":{"ocean_post_layout":"full-width","ocean_both_sidebars_style":"","ocean_both_sidebars_content_width":0,"ocean_both_sidebars_sidebars_width":0,"ocean_sidebar":"0","ocean_second_sidebar":"0","ocean_disable_margins":"enable","ocean_add_body_class":"","ocean_shortcode_before_top_bar":"","ocean_shortcode_after_top_bar":"","ocean_shortcode_before_header":"","ocean_shortcode_after_header":"","ocean_has_shortcode":"","ocean_shortcode_after_title":"","ocean_shortcode_before_footer_widgets":"","ocean_shortcode_after_footer_widgets":"","ocean_shortcode_before_footer_bottom":"","ocean_shortcode_after_footer_bottom":"","ocean_display_top_bar":"default","ocean_display_header":"default","ocean_header_style":"","ocean_center_header_left_menu":"0","ocean_custom_header_template":"0","ocean_custom_logo":0,"ocean_custom_retina_logo":0,"ocean_custom_logo_max_width":0,"ocean_custom_logo_tablet_max_width":0,"ocean_custom_logo_mobile_max_width":0,"ocean_custom_logo_max_height":0,"ocean_custom_logo_tablet_max_height":0,"ocean_custom_logo_mobile_max_height":0,"ocean_header_custom_menu":"0","ocean_menu_typo_font_family":"0","ocean_menu_typo_font_subset":"","ocean_menu_typo_font_size":0,"ocean_menu_typo_font_size_tablet":0,"ocean_menu_typo_font_size_mobile":0,"ocean_menu_typo_font_size_unit":"px","ocean_menu_typo_font_weight":"","ocean_menu_typo_font_weight_tablet":"","ocean_menu_typo_font_weight_mobile":"","ocean_menu_typo_transform":"","ocean_menu_typo_transform_tablet":"","ocean_menu_typo_transform_mobile":"","ocean_menu_typo_line_height":0,"ocean_menu_typo_line_height_tablet":0,"ocean_menu_typo_line_height_mobile":0,"ocean_menu_typo_line_height_unit":"","ocean_menu_typo_spacing":0,"ocean_menu_typo_spacing_tablet":0,"ocean_menu_typo_spacing_mobile":0,"ocean_menu_typo_spacing_unit":"","ocean_menu_link_color":"","ocean_menu_link_color_hover":"","ocean_menu_link_color_active":"","ocean_menu_link_background":"","ocean_menu_link_hover_background":"","ocean_menu_link_active_background":"","ocean_menu_social_links_bg":"","ocean_menu_social_hover_links_bg":"","ocean_menu_social_links_color":"","ocean_menu_social_hover_links_color":"","ocean_disable_title":"default","ocean_disable_heading":"default","ocean_post_title":"","ocean_post_subheading":"","ocean_post_title_style":"","ocean_post_title_background_color":"","ocean_post_title_background":0,"ocean_post_title_bg_image_position":"","ocean_post_title_bg_image_attachment":"","ocean_post_title_bg_image_repeat":"","ocean_post_title_bg_image_size":"","ocean_post_title_height":0,"ocean_post_title_bg_overlay":0.5,"ocean_post_title_bg_overlay_color":"","ocean_disable_breadcrumbs":"default","ocean_breadcrumbs_color":"","ocean_breadcrumbs_separator_color":"","ocean_breadcrumbs_links_color":"","ocean_breadcrumbs_links_hover_color":"","ocean_display_footer_widgets":"default","ocean_display_footer_bottom":"default","ocean_custom_footer_template":"0","footnotes":""},"class_list":["post-71","page","type-page","status-publish","has-post-thumbnail","hentry","entry","has-media"],"_links":{"self":[{"href":"https:\/\/dori-go.com\/index.php\/wp-json\/wp\/v2\/pages\/71","targetHints":{"allow":["GET"]}}],"collection":[{"href":"https:\/\/dori-go.com\/index.php\/wp-json\/wp\/v2\/pages"}],"about":[{"href":"https:\/\/dori-go.com\/index.php\/wp-json\/wp\/v2\/types\/page"}],"author":[{"embeddable":true,"href":"https:\/\/dori-go.com\/index.php\/wp-json\/wp\/v2\/users\/1"}],"replies":[{"embeddable":true,"href":"https:\/\/dori-go.com\/index.php\/wp-json\/wp\/v2\/comments?post=71"}],"version-history":[{"count":114,"href":"https:\/\/dori-go.com\/index.php\/wp-json\/wp\/v2\/pages\/71\/revisions"}],"predecessor-version":[{"id":4917,"href":"https:\/\/dori-go.com\/index.php\/wp-json\/wp\/v2\/pages\/71\/revisions\/4917"}],"up":[{"embeddable":true,"href":"https:\/\/dori-go.com\/index.php\/wp-json\/wp\/v2\/pages\/18"}],"wp:featuredmedia":[{"embeddable":true,"href":"https:\/\/dori-go.com\/index.php\/wp-json\/wp\/v2\/media\/1135"}],"wp:attachment":[{"href":"https:\/\/dori-go.com\/index.php\/wp-json\/wp\/v2\/media?parent=71"}],"curies":[{"name":"wp","href":"https:\/\/api.w.org\/{rel}","templated":true}]}}