{"id":626,"date":"2020-04-02T07:00:12","date_gmt":"2020-04-02T07:00:12","guid":{"rendered":"https:\/\/dorigo.7150.hostserv.eu\/?page_id=626"},"modified":"2022-06-21T07:51:27","modified_gmt":"2022-06-21T07:51:27","slug":"coaching1","status":"publish","type":"page","link":"https:\/\/dori-go.com\/index.php\/coaching1\/","title":{"rendered":"Coaching"},"content":{"rendered":"\t\t<div data-elementor-type=\"wp-page\" data-elementor-id=\"626\" class=\"elementor elementor-626\" data-elementor-post-type=\"page\">\n\t\t\t\t\t\t<section class=\"elementor-section elementor-top-section elementor-element elementor-element-590931c7 elementor-section-stretched elementor-section-height-full elementor-section-full_width elementor-section-items-bottom elementor-section-height-default\" data-id=\"590931c7\" data-element_type=\"section\" data-settings=\"{&quot;stretch_section&quot;:&quot;section-stretched&quot;,&quot;background_background&quot;:&quot;classic&quot;}\">\n\t\t\t\t\t\t<div class=\"elementor-container elementor-column-gap-no\">\n\t\t\t\t\t<div class=\"elementor-column elementor-col-100 elementor-top-column elementor-element elementor-element-6b5f213\" data-id=\"6b5f213\" data-element_type=\"column\" data-settings=\"{&quot;background_background&quot;:&quot;classic&quot;}\">\n\t\t\t<div class=\"elementor-widget-wrap elementor-element-populated\">\n\t\t\t\t\t\t<div class=\"elementor-element elementor-element-139f83a9 elementor-widget elementor-widget-heading\" data-id=\"139f83a9\" data-element_type=\"widget\" data-widget_type=\"heading.default\">\n\t\t\t\t\t<h1 class=\"elementor-heading-title elementor-size-default\">Coaching<\/h1>\t\t\t\t<\/div>\n\t\t\t\t<div class=\"elementor-element elementor-element-ac64116 elementor-widget elementor-widget-heading\" data-id=\"ac64116\" data-element_type=\"widget\" data-widget_type=\"heading.default\">\n\t\t\t\t\t<h5 class=\"elementor-heading-title elementor-size-default\">Potenzial aussch\u00f6pfen - professionelle Begleitung nutzen<\/h5>\t\t\t\t<\/div>\n\t\t\t\t\t<\/div>\n\t\t<\/div>\n\t\t\t\t\t<\/div>\n\t\t<\/section>\n\t\t\t\t<section class=\"elementor-section elementor-top-section elementor-element elementor-element-27ddb7dd elementor-section-boxed elementor-section-height-default elementor-section-height-default\" data-id=\"27ddb7dd\" data-element_type=\"section\">\n\t\t\t\t\t\t<div class=\"elementor-container elementor-column-gap-no\">\n\t\t\t\t\t<div class=\"elementor-column elementor-col-100 elementor-top-column elementor-element elementor-element-66e0f7b6\" data-id=\"66e0f7b6\" data-element_type=\"column\">\n\t\t\t<div class=\"elementor-widget-wrap elementor-element-populated\">\n\t\t\t\t\t\t<div class=\"elementor-element elementor-element-285fee5d elementor-widget elementor-widget-heading\" data-id=\"285fee5d\" data-element_type=\"widget\" data-widget_type=\"heading.default\">\n\t\t\t\t\t<h2 class=\"elementor-heading-title elementor-size-default\">Coaching<\/h2>\t\t\t\t<\/div>\n\t\t\t\t<div class=\"elementor-element elementor-element-2e55abf elementor-widget elementor-widget-heading\" data-id=\"2e55abf\" data-element_type=\"widget\" data-widget_type=\"heading.default\">\n\t\t\t\t\t<h3 class=\"elementor-heading-title elementor-size-default\">Beschleunigung Ihrer Entwicklung<\/h3>\t\t\t\t<\/div>\n\t\t\t\t<div class=\"elementor-element elementor-element-52ae4566 elementor-widget elementor-widget-text-editor\" data-id=\"52ae4566\" data-element_type=\"widget\" data-widget_type=\"text-editor.default\">\n\t\t\t\t\t\t\t\t\t<p><span style=\"color: #6f7170; font-size: 16px;\">Ein guter Coach kann als externe(r) Feedbackgeber(in) und Begleiter(in) einen wesentlichen Mehrwert sowohl f\u00fcr Ihren beruflichen als auch f\u00fcr Ihren privaten Alltag bringen. Und dazu m\u00fcssen Sie nicht bereits in der Management-Etage eines Konzerns sitzen. \u201eEveryone needs a coach!\u201c lautet ein bekanntes Zitat von Bill Gates.\u00a0<\/span><\/p><p><span style=\"color: #6f7170; font-size: 16px;\">Stehen Sie im Beruf oder auch im Privatleben vor einer schwierigen Situation, in der Sie beispielsweise weitreichende Entscheidungen treffen, Krisen \u00fcberwinden oder die Weichen f\u00fcr die Zukunft neu stellen m\u00fcssen? In solchen Situationen besteht die Gefahr der Resignation, der Handlungsunf\u00e4higkeit oder der Tendenz zu planlosem Aktionismus. Reagieren Sie fr\u00fchzeitig!\u00a0<\/span><\/p><p><span style=\"color: #6f7170; font-size: 16px;\">Mit unseren Dienstleistungen k\u00f6nnen wir Sie bei solchen Herausforderungen unterst\u00fctzen. Unsere gut qualifizierten Coaches k\u00f6nnen dank Ihrer langj\u00e4hrigen Erfahrung als Business-Manager(innen) mit Ihnen zusammen die Situation ganzheitlich analysieren und nachhaltige L\u00f6sungsstrategien erarbeiten. Dabei legen wir Wert darauf, dass Sie nicht nur Symptome bek\u00e4mpfen, sondern die Ursachen neutralisieren k\u00f6nnen. Adressaten unserer Coaching-Leistungen sind nicht nur Manager(innen) sondern auch die Mitarbeitenden.<\/span><\/p>\t\t\t\t\t\t\t\t<\/div>\n\t\t\t\t\t<\/div>\n\t\t<\/div>\n\t\t\t\t\t<\/div>\n\t\t<\/section>\n\t\t\t\t<section class=\"elementor-section elementor-top-section elementor-element elementor-element-1b0d8fb0 elementor-section-boxed elementor-section-height-default elementor-section-height-default\" data-id=\"1b0d8fb0\" data-element_type=\"section\">\n\t\t\t\t\t\t<div class=\"elementor-container elementor-column-gap-no\">\n\t\t\t\t\t<div class=\"elementor-column elementor-col-100 elementor-top-column elementor-element elementor-element-5b06e59\" data-id=\"5b06e59\" data-element_type=\"column\">\n\t\t\t<div class=\"elementor-widget-wrap elementor-element-populated\">\n\t\t\t\t\t\t<div class=\"elementor-element elementor-element-164f2923 elementor-widget elementor-widget-heading\" data-id=\"164f2923\" data-element_type=\"widget\" data-widget_type=\"heading.default\">\n\t\t\t\t\t<h3 class=\"elementor-heading-title elementor-size-default\">Was hindert Sie an Ihrem n\u00e4chsten Karriereschritt?<\/h3>\t\t\t\t<\/div>\n\t\t\t\t<div class=\"elementor-element elementor-element-12e03dde elementor-widget elementor-widget-text-editor\" data-id=\"12e03dde\" data-element_type=\"widget\" data-widget_type=\"text-editor.default\">\n\t\t\t\t\t\t\t\t\t<p><span lang=\"DE\" style=\"color: #6f7170;\">Wir unterst\u00fctzen Sie ganzheitlich von der Standortbestimmung, \u00fcber die Jobsuche bis hin zum Coaching nach Antritt Ihrer neuen Position. Unsere geschulten Berater(innen) helfen Ihnen dabei, dass Sie am Arbeitsplatz Ihr volles Potenzial abrufen k\u00f6nnen. Unsere ganzheitlichen Coaching-Methoden umfassen ein grosses Spektrum an Leistungen &#8211; von Massnahmen zur Verbesserung der physischen und mentalen Leistungsf\u00e4higkeit bis hin zur Optimierung Ihrer Arbeitstechnik.\u00a0<\/span><\/p>\t\t\t\t\t\t\t\t<\/div>\n\t\t\t\t\t<\/div>\n\t\t<\/div>\n\t\t\t\t\t<\/div>\n\t\t<\/section>\n\t\t\t\t<section class=\"elementor-section elementor-top-section elementor-element elementor-element-c152434 elementor-section-boxed elementor-section-height-default elementor-section-height-default\" data-id=\"c152434\" data-element_type=\"section\">\n\t\t\t\t\t\t<div class=\"elementor-container elementor-column-gap-default\">\n\t\t\t\t\t<div class=\"elementor-column elementor-col-20 elementor-top-column elementor-element elementor-element-a0f2d96\" data-id=\"a0f2d96\" data-element_type=\"column\">\n\t\t\t<div class=\"elementor-widget-wrap elementor-element-populated\">\n\t\t\t\t\t\t<div class=\"elementor-element elementor-element-897f61d elementor-position-top elementor-widget elementor-widget-image-box\" data-id=\"897f61d\" data-element_type=\"widget\" data-widget_type=\"image-box.default\">\n\t\t\t\t\t<div class=\"elementor-image-box-wrapper\"><figure class=\"elementor-image-box-img\"><a href=\"#coaching-1\" tabindex=\"-1\"><img fetchpriority=\"high\" decoding=\"async\" width=\"250\" height=\"250\" src=\"https:\/\/dori-go.com\/wp-content\/uploads\/2020\/07\/Eignung-Potential.png\" class=\"elementor-animation-pulse-grow attachment-full size-full wp-image-903\" alt=\"Eignung &amp; Potential\" srcset=\"https:\/\/dori-go.com\/wp-content\/uploads\/2020\/07\/Eignung-Potential.png 250w, https:\/\/dori-go.com\/wp-content\/uploads\/2020\/07\/Eignung-Potential-150x150.png 150w\" sizes=\"(max-width: 250px) 100vw, 250px\" \/><\/a><\/figure><div class=\"elementor-image-box-content\"><h4 class=\"elementor-image-box-title\"><a href=\"#coaching-1\">Eignung &amp; Potential<\/a><\/h4><\/div><\/div>\t\t\t\t<\/div>\n\t\t\t\t\t<\/div>\n\t\t<\/div>\n\t\t\t\t<div class=\"elementor-column elementor-col-20 elementor-top-column elementor-element elementor-element-02ff0d5\" data-id=\"02ff0d5\" data-element_type=\"column\">\n\t\t\t<div class=\"elementor-widget-wrap elementor-element-populated\">\n\t\t\t\t\t\t<div class=\"elementor-element elementor-element-d89cb1a elementor-position-top elementor-widget elementor-widget-image-box\" data-id=\"d89cb1a\" data-element_type=\"widget\" data-widget_type=\"image-box.default\">\n\t\t\t\t\t<div class=\"elementor-image-box-wrapper\"><figure class=\"elementor-image-box-img\"><a href=\"#coaching-2\" tabindex=\"-1\"><img decoding=\"async\" width=\"250\" height=\"250\" src=\"https:\/\/dori-go.com\/wp-content\/uploads\/2020\/07\/Pers\u00f6nlichkeitsentwicklung.png\" class=\"elementor-animation-pulse-grow attachment-full size-full wp-image-920\" alt=\"Pers\u00f6nlichkeitsentwicklung\" srcset=\"https:\/\/dori-go.com\/wp-content\/uploads\/2020\/07\/Pers\u00f6nlichkeitsentwicklung.png 250w, https:\/\/dori-go.com\/wp-content\/uploads\/2020\/07\/Pers\u00f6nlichkeitsentwicklung-150x150.png 150w\" sizes=\"(max-width: 250px) 100vw, 250px\" \/><\/a><\/figure><div class=\"elementor-image-box-content\"><h4 class=\"elementor-image-box-title\"><a href=\"#coaching-2\">Pers\u00f6nlichkeitsentwicklung<\/a><\/h4><\/div><\/div>\t\t\t\t<\/div>\n\t\t\t\t\t<\/div>\n\t\t<\/div>\n\t\t\t\t<div class=\"elementor-column elementor-col-20 elementor-top-column elementor-element elementor-element-b95da83\" data-id=\"b95da83\" data-element_type=\"column\">\n\t\t\t<div class=\"elementor-widget-wrap elementor-element-populated\">\n\t\t\t\t\t\t<div class=\"elementor-element elementor-element-d31b5e1 elementor-position-top elementor-widget elementor-widget-image-box\" data-id=\"d31b5e1\" data-element_type=\"widget\" data-widget_type=\"image-box.default\">\n\t\t\t\t\t<div class=\"elementor-image-box-wrapper\"><figure class=\"elementor-image-box-img\"><a href=\"#coaching-3\" tabindex=\"-1\"><img decoding=\"async\" width=\"250\" height=\"250\" src=\"https:\/\/dori-go.com\/wp-content\/uploads\/2020\/07\/Individual-Coaching.png\" class=\"elementor-animation-pulse-grow attachment-full size-full wp-image-905\" alt=\"Individual Coaching\" srcset=\"https:\/\/dori-go.com\/wp-content\/uploads\/2020\/07\/Individual-Coaching.png 250w, https:\/\/dori-go.com\/wp-content\/uploads\/2020\/07\/Individual-Coaching-150x150.png 150w\" sizes=\"(max-width: 250px) 100vw, 250px\" \/><\/a><\/figure><div class=\"elementor-image-box-content\"><h4 class=\"elementor-image-box-title\"><a href=\"#coaching-3\">Individual Coaching<\/a><\/h4><\/div><\/div>\t\t\t\t<\/div>\n\t\t\t\t\t<\/div>\n\t\t<\/div>\n\t\t\t\t<div class=\"elementor-column elementor-col-20 elementor-top-column elementor-element elementor-element-52d0939\" data-id=\"52d0939\" data-element_type=\"column\">\n\t\t\t<div class=\"elementor-widget-wrap elementor-element-populated\">\n\t\t\t\t\t\t<div class=\"elementor-element elementor-element-cc2bf72 elementor-position-top elementor-widget elementor-widget-image-box\" data-id=\"cc2bf72\" data-element_type=\"widget\" data-widget_type=\"image-box.default\">\n\t\t\t\t\t<div class=\"elementor-image-box-wrapper\"><figure class=\"elementor-image-box-img\"><a href=\"#coaching-4\" tabindex=\"-1\"><img loading=\"lazy\" decoding=\"async\" width=\"250\" height=\"250\" src=\"https:\/\/dori-go.com\/wp-content\/uploads\/2020\/07\/Standortbestimmung.png\" class=\"elementor-animation-pulse-grow attachment-full size-full wp-image-924\" alt=\"Standortbestimmung\" srcset=\"https:\/\/dori-go.com\/wp-content\/uploads\/2020\/07\/Standortbestimmung.png 250w, https:\/\/dori-go.com\/wp-content\/uploads\/2020\/07\/Standortbestimmung-150x150.png 150w\" sizes=\"(max-width: 250px) 100vw, 250px\" \/><\/a><\/figure><div class=\"elementor-image-box-content\"><h4 class=\"elementor-image-box-title\"><a href=\"#coaching-4\">Standortbestimmung<\/a><\/h4><\/div><\/div>\t\t\t\t<\/div>\n\t\t\t\t\t<\/div>\n\t\t<\/div>\n\t\t\t\t<div class=\"elementor-column elementor-col-20 elementor-top-column elementor-element elementor-element-64f67d1\" data-id=\"64f67d1\" data-element_type=\"column\">\n\t\t\t<div class=\"elementor-widget-wrap elementor-element-populated\">\n\t\t\t\t\t\t<div class=\"elementor-element elementor-element-98d2482 elementor-position-top elementor-widget elementor-widget-image-box\" data-id=\"98d2482\" data-element_type=\"widget\" data-widget_type=\"image-box.default\">\n\t\t\t\t\t<div class=\"elementor-image-box-wrapper\"><figure class=\"elementor-image-box-img\"><a href=\"#coaching-5\" tabindex=\"-1\"><img loading=\"lazy\" decoding=\"async\" width=\"250\" height=\"250\" src=\"https:\/\/dori-go.com\/wp-content\/uploads\/2020\/07\/Laufbahnberatung.png\" class=\"elementor-animation-pulse-grow attachment-full size-full wp-image-911\" alt=\"Laufbahnberatung\" srcset=\"https:\/\/dori-go.com\/wp-content\/uploads\/2020\/07\/Laufbahnberatung.png 250w, https:\/\/dori-go.com\/wp-content\/uploads\/2020\/07\/Laufbahnberatung-150x150.png 150w\" sizes=\"(max-width: 250px) 100vw, 250px\" \/><\/a><\/figure><div class=\"elementor-image-box-content\"><h4 class=\"elementor-image-box-title\"><a href=\"#coaching-5\">Laufbahnberatung<\/a><\/h4><\/div><\/div>\t\t\t\t<\/div>\n\t\t\t\t\t<\/div>\n\t\t<\/div>\n\t\t\t\t\t<\/div>\n\t\t<\/section>\n\t\t\t\t<section class=\"elementor-section elementor-top-section elementor-element elementor-element-46a4a83 elementor-section-boxed elementor-section-height-default elementor-section-height-default\" data-id=\"46a4a83\" data-element_type=\"section\">\n\t\t\t\t\t\t<div class=\"elementor-container elementor-column-gap-default\">\n\t\t\t\t\t<div class=\"elementor-column elementor-col-100 elementor-top-column elementor-element elementor-element-6d337c6\" data-id=\"6d337c6\" data-element_type=\"column\">\n\t\t\t<div class=\"elementor-widget-wrap elementor-element-populated\">\n\t\t\t\t\t\t\t<\/div>\n\t\t<\/div>\n\t\t\t\t\t<\/div>\n\t\t<\/section>\n\t\t\t\t<section class=\"elementor-section elementor-top-section elementor-element elementor-element-2fb50783 elementor-section-boxed elementor-section-height-default elementor-section-height-default\" data-id=\"2fb50783\" data-element_type=\"section\">\n\t\t\t\t\t\t<div class=\"elementor-container elementor-column-gap-default\">\n\t\t\t\t\t<div class=\"elementor-column elementor-col-100 elementor-top-column elementor-element elementor-element-61b884a9\" data-id=\"61b884a9\" data-element_type=\"column\">\n\t\t\t<div class=\"elementor-widget-wrap elementor-element-populated\">\n\t\t\t\t\t\t<div class=\"elementor-element elementor-element-65f215eb elementor-align-center elementor-widget elementor-widget-button\" data-id=\"65f215eb\" data-element_type=\"widget\" data-widget_type=\"button.default\">\n\t\t\t\t\t\t\t\t\t\t<a class=\"elementor-button elementor-button-link elementor-size-lg\" href=\"https:\/\/dori-go.com\/index.php\/kontakt\/\">\n\t\t\t\t\t\t<span class=\"elementor-button-content-wrapper\">\n\t\t\t\t\t\t\t\t\t<span class=\"elementor-button-text\">Jetzt individuell beraten lassen<\/span>\n\t\t\t\t\t<\/span>\n\t\t\t\t\t<\/a>\n\t\t\t\t\t\t\t\t<\/div>\n\t\t\t\t\t<\/div>\n\t\t<\/div>\n\t\t\t\t\t<\/div>\n\t\t<\/section>\n\t\t\t\t<section class=\"elementor-section elementor-top-section elementor-element elementor-element-6acc3a1 elementor-section-boxed elementor-section-height-default elementor-section-height-default\" data-id=\"6acc3a1\" data-element_type=\"section\">\n\t\t\t\t\t\t<div class=\"elementor-container elementor-column-gap-default\">\n\t\t\t\t\t<div class=\"elementor-column elementor-col-100 elementor-top-column elementor-element elementor-element-4e01cfb2\" data-id=\"4e01cfb2\" data-element_type=\"column\">\n\t\t\t<div class=\"elementor-widget-wrap elementor-element-populated\">\n\t\t\t\t\t\t<div class=\"elementor-element elementor-element-3a476415 elementor-widget elementor-widget-heading\" data-id=\"3a476415\" data-element_type=\"widget\" data-widget_type=\"heading.default\">\n\t\t\t\t\t<h2 class=\"elementor-heading-title elementor-size-default\">Downloads<\/h2>\t\t\t\t<\/div>\n\t\t\t\t<div class=\"elementor-element elementor-element-7b684bbf elementor-widget elementor-widget-text-editor\" data-id=\"7b684bbf\" data-element_type=\"widget\" data-widget_type=\"text-editor.default\">\n\t\t\t\t\t\t\t\t\t<h3>Zum Weiterlesen und Mitnehmen<\/h3>\t\t\t\t\t\t\t\t<\/div>\n\t\t\t\t<div class=\"elementor-element elementor-element-426c1283 elementor-widget elementor-widget-text-editor\" data-id=\"426c1283\" data-element_type=\"widget\" data-widget_type=\"text-editor.default\">\n\t\t\t\t\t\t\t\t\t<p>Sie Interessieren sich f\u00fcr ein Coaching? Alle relevanten Informationen stellen wir Ihnen hier gerne zum Download zur Verf\u00fcgung!<\/p>\t\t\t\t\t\t\t\t<\/div>\n\t\t\t\t<div class=\"elementor-element elementor-element-6cf7952c elementor-icon-list--layout-inline elementor-align-center elementor-widget__width-auto elementor-list-item-link-full_width elementor-widget elementor-widget-icon-list\" data-id=\"6cf7952c\" data-element_type=\"widget\" data-widget_type=\"icon-list.default\">\n\t\t\t\t\t\t\t<ul class=\"elementor-icon-list-items elementor-inline-items\">\n\t\t\t\t\t\t\t<li class=\"elementor-icon-list-item elementor-inline-item\">\n\t\t\t\t\t\t\t\t\t\t\t<a href=\"https:\/\/dori-go.com\/wp-content\/uploads\/2022\/06\/Flyer_Consulting_Privatpersonen_V2.2.pdf\">\n\n\t\t\t\t\t\t\t\t\t\t\t\t<span class=\"elementor-icon-list-icon\">\n\t\t\t\t\t\t\t<svg aria-hidden=\"true\" class=\"e-font-icon-svg e-far-file-alt\" viewBox=\"0 0 384 512\" xmlns=\"http:\/\/www.w3.org\/2000\/svg\"><path d=\"M288 248v28c0 6.6-5.4 12-12 12H108c-6.6 0-12-5.4-12-12v-28c0-6.6 5.4-12 12-12h168c6.6 0 12 5.4 12 12zm-12 72H108c-6.6 0-12 5.4-12 12v28c0 6.6 5.4 12 12 12h168c6.6 0 12-5.4 12-12v-28c0-6.6-5.4-12-12-12zm108-188.1V464c0 26.5-21.5 48-48 48H48c-26.5 0-48-21.5-48-48V48C0 21.5 21.5 0 48 0h204.1C264.8 0 277 5.1 286 14.1L369.9 98c9 8.9 14.1 21.2 14.1 33.9zm-128-80V128h76.1L256 51.9zM336 464V176H232c-13.3 0-24-10.7-24-24V48H48v416h288z\"><\/path><\/svg>\t\t\t\t\t\t<\/span>\n\t\t\t\t\t\t\t\t\t\t<span class=\"elementor-icon-list-text\">\u00dcbersicht Coaching<\/span>\n\t\t\t\t\t\t\t\t\t\t\t<\/a>\n\t\t\t\t\t\t\t\t\t<\/li>\n\t\t\t\t\t\t<\/ul>\n\t\t\t\t\t\t<\/div>\n\t\t\t\t\t<\/div>\n\t\t<\/div>\n\t\t\t\t\t<\/div>\n\t\t<\/section>\n\t\t\t\t<\/div>\n\t\t","protected":false},"excerpt":{"rendered":"<p>Coaching Potenzial aussch\u00f6pfen &#8211; professionelle Begleitung nutzen Coaching Beschleunigung Ihrer Entwicklung Ein guter Coach kann als externe(r) Feedbackgeber(in) und Begleiter(in) einen wesentlichen Mehrwert sowohl f\u00fcr Ihren beruflichen als auch f\u00fcr Ihren privaten Alltag bringen. Und dazu m\u00fcssen Sie nicht bereits in der Management-Etage eines Konzerns sitzen. \u201eEveryone needs a coach!\u201c lautet ein bekanntes Zitat von [&hellip;]<\/p>\n","protected":false},"author":6,"featured_media":1136,"parent":0,"menu_order":0,"comment_status":"closed","ping_status":"closed","template":"","meta":{"ocean_post_layout":"","ocean_both_sidebars_style":"","ocean_both_sidebars_content_width":0,"ocean_both_sidebars_sidebars_width":0,"ocean_sidebar":"0","ocean_second_sidebar":"0","ocean_disable_margins":"enable","ocean_add_body_class":"","ocean_shortcode_before_top_bar":"","ocean_shortcode_after_top_bar":"","ocean_shortcode_before_header":"","ocean_shortcode_after_header":"","ocean_has_shortcode":"","ocean_shortcode_after_title":"","ocean_shortcode_before_footer_widgets":"","ocean_shortcode_after_footer_widgets":"","ocean_shortcode_before_footer_bottom":"","ocean_shortcode_after_footer_bottom":"","ocean_display_top_bar":"default","ocean_display_header":"default","ocean_header_style":"","ocean_center_header_left_menu":"0","ocean_custom_header_template":"0","ocean_custom_logo":0,"ocean_custom_retina_logo":0,"ocean_custom_logo_max_width":0,"ocean_custom_logo_tablet_max_width":0,"ocean_custom_logo_mobile_max_width":0,"ocean_custom_logo_max_height":0,"ocean_custom_logo_tablet_max_height":0,"ocean_custom_logo_mobile_max_height":0,"ocean_header_custom_menu":"0","ocean_menu_typo_font_family":"0","ocean_menu_typo_font_subset":"","ocean_menu_typo_font_size":0,"ocean_menu_typo_font_size_tablet":0,"ocean_menu_typo_font_size_mobile":0,"ocean_menu_typo_font_size_unit":"px","ocean_menu_typo_font_weight":"","ocean_menu_typo_font_weight_tablet":"","ocean_menu_typo_font_weight_mobile":"","ocean_menu_typo_transform":"","ocean_menu_typo_transform_tablet":"","ocean_menu_typo_transform_mobile":"","ocean_menu_typo_line_height":0,"ocean_menu_typo_line_height_tablet":0,"ocean_menu_typo_line_height_mobile":0,"ocean_menu_typo_line_height_unit":"","ocean_menu_typo_spacing":0,"ocean_menu_typo_spacing_tablet":0,"ocean_menu_typo_spacing_mobile":0,"ocean_menu_typo_spacing_unit":"","ocean_menu_link_color":"","ocean_menu_link_color_hover":"","ocean_menu_link_color_active":"","ocean_menu_link_background":"","ocean_menu_link_hover_background":"","ocean_menu_link_active_background":"","ocean_menu_social_links_bg":"","ocean_menu_social_hover_links_bg":"","ocean_menu_social_links_color":"","ocean_menu_social_hover_links_color":"","ocean_disable_title":"default","ocean_disable_heading":"default","ocean_post_title":"","ocean_post_subheading":"","ocean_post_title_style":"","ocean_post_title_background_color":"","ocean_post_title_background":0,"ocean_post_title_bg_image_position":"","ocean_post_title_bg_image_attachment":"","ocean_post_title_bg_image_repeat":"","ocean_post_title_bg_image_size":"","ocean_post_title_height":0,"ocean_post_title_bg_overlay":0.5,"ocean_post_title_bg_overlay_color":"","ocean_disable_breadcrumbs":"default","ocean_breadcrumbs_color":"","ocean_breadcrumbs_separator_color":"","ocean_breadcrumbs_links_color":"","ocean_breadcrumbs_links_hover_color":"","ocean_display_footer_widgets":"default","ocean_display_footer_bottom":"default","ocean_custom_footer_template":"0","footnotes":""},"class_list":["post-626","page","type-page","status-publish","has-post-thumbnail","hentry","entry","has-media"],"_links":{"self":[{"href":"https:\/\/dori-go.com\/index.php\/wp-json\/wp\/v2\/pages\/626","targetHints":{"allow":["GET"]}}],"collection":[{"href":"https:\/\/dori-go.com\/index.php\/wp-json\/wp\/v2\/pages"}],"about":[{"href":"https:\/\/dori-go.com\/index.php\/wp-json\/wp\/v2\/types\/page"}],"author":[{"embeddable":true,"href":"https:\/\/dori-go.com\/index.php\/wp-json\/wp\/v2\/users\/6"}],"replies":[{"embeddable":true,"href":"https:\/\/dori-go.com\/index.php\/wp-json\/wp\/v2\/comments?post=626"}],"version-history":[{"count":62,"href":"https:\/\/dori-go.com\/index.php\/wp-json\/wp\/v2\/pages\/626\/revisions"}],"predecessor-version":[{"id":5673,"href":"https:\/\/dori-go.com\/index.php\/wp-json\/wp\/v2\/pages\/626\/revisions\/5673"}],"wp:featuredmedia":[{"embeddable":true,"href":"https:\/\/dori-go.com\/index.php\/wp-json\/wp\/v2\/media\/1136"}],"wp:attachment":[{"href":"https:\/\/dori-go.com\/index.php\/wp-json\/wp\/v2\/media?parent=626"}],"curies":[{"name":"wp","href":"https:\/\/api.w.org\/{rel}","templated":true}]}}