{"id":4651,"date":"2021-07-14T06:47:20","date_gmt":"2021-07-14T06:47:20","guid":{"rendered":"https:\/\/dori-go.com\/?page_id=4651"},"modified":"2022-01-18T19:34:24","modified_gmt":"2022-01-18T19:34:24","slug":"unternehmen-kaufen","status":"publish","type":"page","link":"https:\/\/dori-go.com\/index.php\/fur-privatpersonen\/unternehmen-kaufen\/","title":{"rendered":"Unternehmensnachfolge"},"content":{"rendered":"\t\t<div data-elementor-type=\"wp-page\" data-elementor-id=\"4651\" class=\"elementor elementor-4651\" data-elementor-post-type=\"page\">\n\t\t\t\t\t\t<section class=\"elementor-section elementor-top-section elementor-element elementor-element-5893c006 elementor-section-stretched elementor-section-height-full elementor-section-content-middle elementor-section-full_width elementor-section-items-bottom elementor-section-height-default\" data-id=\"5893c006\" data-element_type=\"section\" data-settings=\"{&quot;stretch_section&quot;:&quot;section-stretched&quot;,&quot;background_background&quot;:&quot;classic&quot;}\">\n\t\t\t\t\t\t<div class=\"elementor-container elementor-column-gap-no\">\n\t\t\t\t\t<div class=\"elementor-column elementor-col-100 elementor-top-column elementor-element elementor-element-6bd8130f\" data-id=\"6bd8130f\" data-element_type=\"column\" data-settings=\"{&quot;background_background&quot;:&quot;classic&quot;}\">\n\t\t\t<div class=\"elementor-widget-wrap elementor-element-populated\">\n\t\t\t\t\t\t<div class=\"elementor-element elementor-element-66402c36 elementor-widget__width-inherit elementor-widget elementor-widget-heading\" data-id=\"66402c36\" data-element_type=\"widget\" data-widget_type=\"heading.default\">\n\t\t\t\t\t<h1 class=\"elementor-heading-title elementor-size-default\">Unternehmen KAufen<\/h1>\t\t\t\t<\/div>\n\t\t\t\t<div class=\"elementor-element elementor-element-6bfc4639 elementor-widget__width-inherit elementor-widget elementor-widget-heading\" data-id=\"6bfc4639\" data-element_type=\"widget\" data-widget_type=\"heading.default\">\n\t\t\t\t\t<h5 class=\"elementor-heading-title elementor-size-default\">Unterst\u00fctzung vom Experten: Von der ersten Idee bis zum Erfolg im Unternehmen<\/h5>\t\t\t\t<\/div>\n\t\t\t\t\t<\/div>\n\t\t<\/div>\n\t\t\t\t\t<\/div>\n\t\t<\/section>\n\t\t\t\t<section class=\"elementor-section elementor-top-section elementor-element elementor-element-e68bc5d elementor-section-boxed elementor-section-height-default elementor-section-height-default\" data-id=\"e68bc5d\" data-element_type=\"section\">\n\t\t\t\t\t\t<div class=\"elementor-container elementor-column-gap-default\">\n\t\t\t\t\t<div class=\"elementor-column elementor-col-100 elementor-top-column elementor-element elementor-element-7f19b368\" data-id=\"7f19b368\" data-element_type=\"column\">\n\t\t\t<div class=\"elementor-widget-wrap elementor-element-populated\">\n\t\t\t\t\t\t<div class=\"elementor-element elementor-element-385a6823 elementor-widget elementor-widget-heading\" data-id=\"385a6823\" data-element_type=\"widget\" data-widget_type=\"heading.default\">\n\t\t\t\t\t<h2 class=\"elementor-heading-title elementor-size-default\">Nachfolger werden<\/h2>\t\t\t\t<\/div>\n\t\t\t\t<div class=\"elementor-element elementor-element-45139a13 elementor-widget elementor-widget-text-editor\" data-id=\"45139a13\" data-element_type=\"widget\" data-widget_type=\"text-editor.default\">\n\t\t\t\t\t\t\t\t\t<h3 class=\"MsoNormal\">Starke Basis f\u00fcr Unternehmer und Existenzgr\u00fcnder<\/h3>\t\t\t\t\t\t\t\t<\/div>\n\t\t\t\t<div class=\"elementor-element elementor-element-41fb2f0d elementor-widget elementor-widget-text-editor\" data-id=\"41fb2f0d\" data-element_type=\"widget\" data-widget_type=\"text-editor.default\">\n\t\t\t\t\t\t\t\t\t<p>Sie tr\u00e4umen von Ihrem eigenen Unternehmen, m\u00f6chten aber nicht von Null anfangen und die lange, oft beschwerliche und risikobelastete Phase des Unternehmensaufbaus so kurz wie m\u00f6glich gestalten?<\/p><p>\u00a0<\/p><p>Dann sollten Sie \u00fcber die M\u00f6glichkeit nachdenken, ein Unternehmen zu kaufen oder sich an einem Unternehmen zu beteiligen. Sie profitieren von bestehenden, oft jahrzehntelang gewachsenen Netzwerken und Kundenbeziehungen und k\u00f6nnen sich aufbauend\u00a0 auf einer starken Basis ganz der\u00a0 Unternehmensentwicklung statt dem eigenen \u00dcberleben widmen.<\/p><p>\u00a0<\/p><p>Sie sind Spezialist auf Ihrem Fachgebiet und m\u00f6chten genau diese St\u00e4rke dazu nutzen, ein Unternehmen zum Erfolg zu f\u00fchren? Mit einer Beteiligung arbeiten Sie zusammen mit anderen Experten am Erfolg Ihres eigenen gemeinsamen Unternehmens. So multiplizieren Sie nicht nur die Expertise im Unternehmerkreis, sondern teilen auch das Risiko.<\/p>\t\t\t\t\t\t\t\t<\/div>\n\t\t\t\t\t<\/div>\n\t\t<\/div>\n\t\t\t\t\t<\/div>\n\t\t<\/section>\n\t\t\t\t<section class=\"elementor-section elementor-top-section elementor-element elementor-element-0253cbd elementor-section-boxed elementor-section-height-default elementor-section-height-default\" data-id=\"0253cbd\" data-element_type=\"section\">\n\t\t\t\t\t\t<div class=\"elementor-container elementor-column-gap-default\">\n\t\t\t\t\t<div class=\"elementor-column elementor-col-100 elementor-top-column elementor-element elementor-element-7eb767e\" data-id=\"7eb767e\" data-element_type=\"column\">\n\t\t\t<div class=\"elementor-widget-wrap elementor-element-populated\">\n\t\t\t\t\t\t<div class=\"elementor-element elementor-element-248e1c9 elementor-widget elementor-widget-text-editor\" data-id=\"248e1c9\" data-element_type=\"widget\" data-widget_type=\"text-editor.default\">\n\t\t\t\t\t\t\t\t\t<h3 class=\"MsoNormal\">Auf Ihrem Weg Unternehmer zu werden, vor welcher Herausforderung stehen Sie?<\/h3>\t\t\t\t\t\t\t\t<\/div>\n\t\t\t\t<div class=\"elementor-element elementor-element-1268901 elementor-widget elementor-widget-text-editor\" data-id=\"1268901\" data-element_type=\"widget\" data-widget_type=\"text-editor.default\">\n\t\t\t\t\t\t\t\t\t<p>Mit unseren starken Partnern aus den Bereichen Nachfolgeregelung und Unternehmenskauf unterst\u00fctzen wir Sie in gewohnter Weise und Qualit\u00e4t genau dort, wo Sie es wirklich ben\u00f6tigen und w\u00fcnschen.<\/p><p>\u00a0<\/p><p>\u00dcber Klick auf die folgenden Icons k\u00f6nnen Sie sich zu den einzelnen Inhalten n\u00e4her informieren. <\/p><p class=\"MsoNormal\">\u00a0<\/p>\t\t\t\t\t\t\t\t<\/div>\n\t\t\t\t\t<\/div>\n\t\t<\/div>\n\t\t\t\t\t<\/div>\n\t\t<\/section>\n\t\t\t\t<section class=\"elementor-section elementor-top-section elementor-element elementor-element-476f3d6e elementor-section-boxed elementor-section-height-default elementor-section-height-default\" data-id=\"476f3d6e\" data-element_type=\"section\">\n\t\t\t\t\t\t<div class=\"elementor-container elementor-column-gap-default\">\n\t\t\t\t\t<div class=\"elementor-column elementor-col-20 elementor-top-column elementor-element elementor-element-21a4fd77\" data-id=\"21a4fd77\" data-element_type=\"column\">\n\t\t\t<div class=\"elementor-widget-wrap elementor-element-populated\">\n\t\t\t\t\t\t<div class=\"elementor-element elementor-element-614275d elementor-position-top elementor-widget elementor-widget-image-box\" data-id=\"614275d\" data-element_type=\"widget\" data-widget_type=\"image-box.default\">\n\t\t\t\t\t<div class=\"elementor-image-box-wrapper\"><figure class=\"elementor-image-box-img\"><a href=\"#unternehmensnachfolge-1\" tabindex=\"-1\"><img fetchpriority=\"high\" decoding=\"async\" width=\"500\" height=\"500\" src=\"https:\/\/dori-go.com\/wp-content\/uploads\/2021\/07\/Unternehmercheck.png\" class=\"elementor-animation-pulse-grow attachment-full size-full wp-image-4667\" alt=\"Unternehmercheck\" srcset=\"https:\/\/dori-go.com\/wp-content\/uploads\/2021\/07\/Unternehmercheck.png 500w, https:\/\/dori-go.com\/wp-content\/uploads\/2021\/07\/Unternehmercheck-300x300.png 300w, https:\/\/dori-go.com\/wp-content\/uploads\/2021\/07\/Unternehmercheck-150x150.png 150w\" sizes=\"(max-width: 500px) 100vw, 500px\" \/><\/a><\/figure><div class=\"elementor-image-box-content\"><h4 class=\"elementor-image-box-title\"><a href=\"#unternehmensnachfolge-1\">Unternehmer-Check &amp;<br> Zieldefinition<\/a><\/h4><\/div><\/div>\t\t\t\t<\/div>\n\t\t\t\t\t<\/div>\n\t\t<\/div>\n\t\t\t\t<div class=\"elementor-column elementor-col-20 elementor-top-column elementor-element elementor-element-6db7e9e4\" data-id=\"6db7e9e4\" data-element_type=\"column\">\n\t\t\t<div class=\"elementor-widget-wrap elementor-element-populated\">\n\t\t\t\t\t\t<div class=\"elementor-element elementor-element-4241977 elementor-position-top elementor-widget elementor-widget-image-box\" data-id=\"4241977\" data-element_type=\"widget\" data-widget_type=\"image-box.default\">\n\t\t\t\t\t<div class=\"elementor-image-box-wrapper\"><figure class=\"elementor-image-box-img\"><a href=\"#unternehmensnachfolge-2\" tabindex=\"-1\"><img decoding=\"async\" width=\"500\" height=\"500\" src=\"https:\/\/dori-go.com\/wp-content\/uploads\/2021\/07\/Unternehmen-kaufen.png\" class=\"elementor-animation-pulse-grow attachment-full size-full wp-image-4665\" alt=\"Unternehmen kaufen\" srcset=\"https:\/\/dori-go.com\/wp-content\/uploads\/2021\/07\/Unternehmen-kaufen.png 500w, https:\/\/dori-go.com\/wp-content\/uploads\/2021\/07\/Unternehmen-kaufen-300x300.png 300w, https:\/\/dori-go.com\/wp-content\/uploads\/2021\/07\/Unternehmen-kaufen-150x150.png 150w\" sizes=\"(max-width: 500px) 100vw, 500px\" \/><\/a><\/figure><div class=\"elementor-image-box-content\"><h4 class=\"elementor-image-box-title\"><a href=\"#unternehmensnachfolge-2\">\u00dcbernahme eines Unternehmens<\/a><\/h4><\/div><\/div>\t\t\t\t<\/div>\n\t\t\t\t\t<\/div>\n\t\t<\/div>\n\t\t\t\t<div class=\"elementor-column elementor-col-20 elementor-top-column elementor-element elementor-element-20b14144\" data-id=\"20b14144\" data-element_type=\"column\">\n\t\t\t<div class=\"elementor-widget-wrap elementor-element-populated\">\n\t\t\t\t\t\t<div class=\"elementor-element elementor-element-1ade0a4d elementor-position-top elementor-widget elementor-widget-image-box\" data-id=\"1ade0a4d\" data-element_type=\"widget\" data-widget_type=\"image-box.default\">\n\t\t\t\t\t<div class=\"elementor-image-box-wrapper\"><figure class=\"elementor-image-box-img\"><a href=\"#unternehmensnachfolge-3\" tabindex=\"-1\"><img decoding=\"async\" width=\"500\" height=\"500\" src=\"https:\/\/dori-go.com\/wp-content\/uploads\/2021\/07\/Beteiligung.png\" class=\"elementor-animation-pulse-grow attachment-full size-full wp-image-4663\" alt=\"Beteiligung\" srcset=\"https:\/\/dori-go.com\/wp-content\/uploads\/2021\/07\/Beteiligung.png 500w, https:\/\/dori-go.com\/wp-content\/uploads\/2021\/07\/Beteiligung-300x300.png 300w, https:\/\/dori-go.com\/wp-content\/uploads\/2021\/07\/Beteiligung-150x150.png 150w\" sizes=\"(max-width: 500px) 100vw, 500px\" \/><\/a><\/figure><div class=\"elementor-image-box-content\"><h4 class=\"elementor-image-box-title\"><a href=\"#unternehmensnachfolge-3\">Beteiligung an einem Unternehmen<\/a><\/h4><\/div><\/div>\t\t\t\t<\/div>\n\t\t\t\t\t<\/div>\n\t\t<\/div>\n\t\t\t\t<div class=\"elementor-column elementor-col-20 elementor-top-column elementor-element elementor-element-0f33aac\" data-id=\"0f33aac\" data-element_type=\"column\">\n\t\t\t<div class=\"elementor-widget-wrap elementor-element-populated\">\n\t\t\t\t\t\t<div class=\"elementor-element elementor-element-7244b4a elementor-position-top elementor-widget elementor-widget-image-box\" data-id=\"7244b4a\" data-element_type=\"widget\" data-widget_type=\"image-box.default\">\n\t\t\t\t\t<div class=\"elementor-image-box-wrapper\"><figure class=\"elementor-image-box-img\"><a href=\"#unternehmensnachfolge-4\" tabindex=\"-1\"><img loading=\"lazy\" decoding=\"async\" width=\"500\" height=\"500\" src=\"https:\/\/dori-go.com\/wp-content\/uploads\/2021\/07\/Unternehmenssuche.png\" class=\"elementor-animation-pulse-grow attachment-full size-full wp-image-4666\" alt=\"Unternehmenssuche\" srcset=\"https:\/\/dori-go.com\/wp-content\/uploads\/2021\/07\/Unternehmenssuche.png 500w, https:\/\/dori-go.com\/wp-content\/uploads\/2021\/07\/Unternehmenssuche-300x300.png 300w, https:\/\/dori-go.com\/wp-content\/uploads\/2021\/07\/Unternehmenssuche-150x150.png 150w\" sizes=\"(max-width: 500px) 100vw, 500px\" \/><\/a><\/figure><div class=\"elementor-image-box-content\"><h4 class=\"elementor-image-box-title\"><a href=\"#unternehmensnachfolge-4\">Suche nach Unternehmen<\/a><\/h4><\/div><\/div>\t\t\t\t<\/div>\n\t\t\t\t\t<\/div>\n\t\t<\/div>\n\t\t\t\t<div class=\"elementor-column elementor-col-20 elementor-top-column elementor-element elementor-element-fde13f0\" data-id=\"fde13f0\" data-element_type=\"column\">\n\t\t\t<div class=\"elementor-widget-wrap elementor-element-populated\">\n\t\t\t\t\t\t<div class=\"elementor-element elementor-element-5b1d578 elementor-position-top elementor-widget elementor-widget-image-box\" data-id=\"5b1d578\" data-element_type=\"widget\" data-widget_type=\"image-box.default\">\n\t\t\t\t\t<div class=\"elementor-image-box-wrapper\"><figure class=\"elementor-image-box-img\"><a href=\"#unternehmensnachfolge-5\" tabindex=\"-1\"><img loading=\"lazy\" decoding=\"async\" width=\"500\" height=\"500\" src=\"https:\/\/dori-go.com\/wp-content\/uploads\/2021\/07\/Performance-fur-Unternehmen.png\" class=\"elementor-animation-pulse-grow attachment-full size-full wp-image-4664\" alt=\"Performance f\u00fcr Unternehmen\" srcset=\"https:\/\/dori-go.com\/wp-content\/uploads\/2021\/07\/Performance-fur-Unternehmen.png 500w, https:\/\/dori-go.com\/wp-content\/uploads\/2021\/07\/Performance-fur-Unternehmen-300x300.png 300w, https:\/\/dori-go.com\/wp-content\/uploads\/2021\/07\/Performance-fur-Unternehmen-150x150.png 150w\" sizes=\"(max-width: 500px) 100vw, 500px\" \/><\/a><\/figure><div class=\"elementor-image-box-content\"><h4 class=\"elementor-image-box-title\"><a href=\"#unternehmensnachfolge-5\">Know-How f\u00fcr Unternehmer<\/a><\/h4><\/div><\/div>\t\t\t\t<\/div>\n\t\t\t\t\t<\/div>\n\t\t<\/div>\n\t\t\t\t\t<\/div>\n\t\t<\/section>\n\t\t\t\t<section class=\"elementor-section elementor-top-section elementor-element elementor-element-517681a elementor-section-boxed elementor-section-height-default elementor-section-height-default\" data-id=\"517681a\" data-element_type=\"section\">\n\t\t\t\t\t\t<div class=\"elementor-container elementor-column-gap-default\">\n\t\t\t\t\t<div class=\"elementor-column elementor-col-100 elementor-top-column elementor-element elementor-element-6e169f0\" data-id=\"6e169f0\" data-element_type=\"column\">\n\t\t\t<div class=\"elementor-widget-wrap elementor-element-populated\">\n\t\t\t\t\t\t\t<\/div>\n\t\t<\/div>\n\t\t\t\t\t<\/div>\n\t\t<\/section>\n\t\t\t\t<section class=\"elementor-section elementor-top-section elementor-element elementor-element-3851420a elementor-section-boxed elementor-section-height-default elementor-section-height-default\" data-id=\"3851420a\" data-element_type=\"section\">\n\t\t\t\t\t\t<div class=\"elementor-container elementor-column-gap-default\">\n\t\t\t\t\t<div class=\"elementor-column elementor-col-100 elementor-top-column elementor-element elementor-element-77f11908\" data-id=\"77f11908\" data-element_type=\"column\">\n\t\t\t<div class=\"elementor-widget-wrap elementor-element-populated\">\n\t\t\t\t\t\t<div class=\"elementor-element elementor-element-3c25508d elementor-align-center elementor-widget elementor-widget-button\" data-id=\"3c25508d\" data-element_type=\"widget\" data-widget_type=\"button.default\">\n\t\t\t\t\t\t\t\t\t\t<a class=\"elementor-button elementor-button-link elementor-size-lg\" href=\"https:\/\/dori-go.com\/index.php\/kontakt\/\">\n\t\t\t\t\t\t<span class=\"elementor-button-content-wrapper\">\n\t\t\t\t\t\t\t\t\t<span class=\"elementor-button-text\">Jetzt individuell beraten lassen<\/span>\n\t\t\t\t\t<\/span>\n\t\t\t\t\t<\/a>\n\t\t\t\t\t\t\t\t<\/div>\n\t\t\t\t\t<\/div>\n\t\t<\/div>\n\t\t\t\t\t<\/div>\n\t\t<\/section>\n\t\t\t\t<\/div>\n\t\t","protected":false},"excerpt":{"rendered":"<p>Unternehmen KAufen Unterst\u00fctzung vom Experten: Von der ersten Idee bis zum Erfolg im Unternehmen Nachfolger werden Starke Basis f\u00fcr Unternehmer und Existenzgr\u00fcnder Sie tr\u00e4umen von Ihrem eigenen Unternehmen, m\u00f6chten aber nicht von Null anfangen und die lange, oft beschwerliche und risikobelastete Phase des Unternehmensaufbaus so kurz wie m\u00f6glich gestalten? Dann sollten Sie \u00fcber die M\u00f6glichkeit [&hellip;]<\/p>\n","protected":false},"author":5,"featured_media":0,"parent":19,"menu_order":0,"comment_status":"closed","ping_status":"closed","template":"","meta":{"ocean_post_layout":"","ocean_both_sidebars_style":"","ocean_both_sidebars_content_width":0,"ocean_both_sidebars_sidebars_width":0,"ocean_sidebar":"0","ocean_second_sidebar":"0","ocean_disable_margins":"enable","ocean_add_body_class":"","ocean_shortcode_before_top_bar":"","ocean_shortcode_after_top_bar":"","ocean_shortcode_before_header":"","ocean_shortcode_after_header":"","ocean_has_shortcode":"","ocean_shortcode_after_title":"","ocean_shortcode_before_footer_widgets":"","ocean_shortcode_after_footer_widgets":"","ocean_shortcode_before_footer_bottom":"","ocean_shortcode_after_footer_bottom":"","ocean_display_top_bar":"default","ocean_display_header":"default","ocean_header_style":"","ocean_center_header_left_menu":"0","ocean_custom_header_template":"0","ocean_custom_logo":0,"ocean_custom_retina_logo":0,"ocean_custom_logo_max_width":0,"ocean_custom_logo_tablet_max_width":0,"ocean_custom_logo_mobile_max_width":0,"ocean_custom_logo_max_height":0,"ocean_custom_logo_tablet_max_height":0,"ocean_custom_logo_mobile_max_height":0,"ocean_header_custom_menu":"0","ocean_menu_typo_font_family":"0","ocean_menu_typo_font_subset":"","ocean_menu_typo_font_size":0,"ocean_menu_typo_font_size_tablet":0,"ocean_menu_typo_font_size_mobile":0,"ocean_menu_typo_font_size_unit":"px","ocean_menu_typo_font_weight":"","ocean_menu_typo_font_weight_tablet":"","ocean_menu_typo_font_weight_mobile":"","ocean_menu_typo_transform":"","ocean_menu_typo_transform_tablet":"","ocean_menu_typo_transform_mobile":"","ocean_menu_typo_line_height":0,"ocean_menu_typo_line_height_tablet":0,"ocean_menu_typo_line_height_mobile":0,"ocean_menu_typo_line_height_unit":"","ocean_menu_typo_spacing":0,"ocean_menu_typo_spacing_tablet":0,"ocean_menu_typo_spacing_mobile":0,"ocean_menu_typo_spacing_unit":"","ocean_menu_link_color":"","ocean_menu_link_color_hover":"","ocean_menu_link_color_active":"","ocean_menu_link_background":"","ocean_menu_link_hover_background":"","ocean_menu_link_active_background":"","ocean_menu_social_links_bg":"","ocean_menu_social_hover_links_bg":"","ocean_menu_social_links_color":"","ocean_menu_social_hover_links_color":"","ocean_disable_title":"default","ocean_disable_heading":"default","ocean_post_title":"","ocean_post_subheading":"","ocean_post_title_style":"","ocean_post_title_background_color":"","ocean_post_title_background":0,"ocean_post_title_bg_image_position":"","ocean_post_title_bg_image_attachment":"","ocean_post_title_bg_image_repeat":"","ocean_post_title_bg_image_size":"","ocean_post_title_height":0,"ocean_post_title_bg_overlay":0.5,"ocean_post_title_bg_overlay_color":"","ocean_disable_breadcrumbs":"default","ocean_breadcrumbs_color":"","ocean_breadcrumbs_separator_color":"","ocean_breadcrumbs_links_color":"","ocean_breadcrumbs_links_hover_color":"","ocean_display_footer_widgets":"default","ocean_display_footer_bottom":"default","ocean_custom_footer_template":"0","footnotes":""},"class_list":["post-4651","page","type-page","status-publish","hentry","entry"],"_links":{"self":[{"href":"https:\/\/dori-go.com\/index.php\/wp-json\/wp\/v2\/pages\/4651","targetHints":{"allow":["GET"]}}],"collection":[{"href":"https:\/\/dori-go.com\/index.php\/wp-json\/wp\/v2\/pages"}],"about":[{"href":"https:\/\/dori-go.com\/index.php\/wp-json\/wp\/v2\/types\/page"}],"author":[{"embeddable":true,"href":"https:\/\/dori-go.com\/index.php\/wp-json\/wp\/v2\/users\/5"}],"replies":[{"embeddable":true,"href":"https:\/\/dori-go.com\/index.php\/wp-json\/wp\/v2\/comments?post=4651"}],"version-history":[{"count":35,"href":"https:\/\/dori-go.com\/index.php\/wp-json\/wp\/v2\/pages\/4651\/revisions"}],"predecessor-version":[{"id":5315,"href":"https:\/\/dori-go.com\/index.php\/wp-json\/wp\/v2\/pages\/4651\/revisions\/5315"}],"up":[{"embeddable":true,"href":"https:\/\/dori-go.com\/index.php\/wp-json\/wp\/v2\/pages\/19"}],"wp:attachment":[{"href":"https:\/\/dori-go.com\/index.php\/wp-json\/wp\/v2\/media?parent=4651"}],"curies":[{"name":"wp","href":"https:\/\/api.w.org\/{rel}","templated":true}]}}