{"id":4620,"date":"2021-07-12T10:30:39","date_gmt":"2021-07-12T10:30:39","guid":{"rendered":"https:\/\/dori-go.com\/?page_id=4620"},"modified":"2021-10-10T18:32:47","modified_gmt":"2021-10-10T18:32:47","slug":"nachfolgeregelung","status":"publish","type":"page","link":"https:\/\/dori-go.com\/index.php\/fur-kunden\/nachfolgeregelung\/","title":{"rendered":"Nachfolgeregelung"},"content":{"rendered":"\t\t<div data-elementor-type=\"wp-page\" data-elementor-id=\"4620\" class=\"elementor elementor-4620\" data-elementor-post-type=\"page\">\n\t\t\t\t\t\t<section class=\"elementor-section elementor-top-section elementor-element elementor-element-47d4a236 elementor-section-stretched elementor-section-height-full elementor-section-content-middle elementor-section-full_width elementor-section-items-bottom elementor-section-height-default\" data-id=\"47d4a236\" data-element_type=\"section\" data-settings=\"{&quot;stretch_section&quot;:&quot;section-stretched&quot;,&quot;background_background&quot;:&quot;classic&quot;}\">\n\t\t\t\t\t\t<div class=\"elementor-container elementor-column-gap-no\">\n\t\t\t\t\t<div class=\"elementor-column elementor-col-100 elementor-top-column elementor-element elementor-element-20d6e7e8\" data-id=\"20d6e7e8\" data-element_type=\"column\" data-settings=\"{&quot;background_background&quot;:&quot;classic&quot;}\">\n\t\t\t<div class=\"elementor-widget-wrap elementor-element-populated\">\n\t\t\t\t\t\t<div class=\"elementor-element elementor-element-67aac43b elementor-widget__width-inherit elementor-widget elementor-widget-heading\" data-id=\"67aac43b\" data-element_type=\"widget\" data-widget_type=\"heading.default\">\n\t\t\t\t\t<h1 class=\"elementor-heading-title elementor-size-default\">Unternehmen verkaufen<\/h1>\t\t\t\t<\/div>\n\t\t\t\t<div class=\"elementor-element elementor-element-27f20166 elementor-widget__width-inherit elementor-widget elementor-widget-heading\" data-id=\"27f20166\" data-element_type=\"widget\" data-widget_type=\"heading.default\">\n\t\t\t\t\t<h5 class=\"elementor-heading-title elementor-size-default\">Wir sichern die Zukunft Ihres Unternehmens<\/h5>\t\t\t\t<\/div>\n\t\t\t\t\t<\/div>\n\t\t<\/div>\n\t\t\t\t\t<\/div>\n\t\t<\/section>\n\t\t\t\t<section class=\"elementor-section elementor-top-section elementor-element elementor-element-24393b62 elementor-section-boxed elementor-section-height-default elementor-section-height-default\" data-id=\"24393b62\" data-element_type=\"section\">\n\t\t\t\t\t\t<div class=\"elementor-container elementor-column-gap-default\">\n\t\t\t\t\t<div class=\"elementor-column elementor-col-100 elementor-top-column elementor-element elementor-element-3636647a\" data-id=\"3636647a\" data-element_type=\"column\">\n\t\t\t<div class=\"elementor-widget-wrap elementor-element-populated\">\n\t\t\t\t\t\t<div class=\"elementor-element elementor-element-47e04dbb elementor-widget elementor-widget-heading\" data-id=\"47e04dbb\" data-element_type=\"widget\" data-widget_type=\"heading.default\">\n\t\t\t\t\t<h2 class=\"elementor-heading-title elementor-size-default\">Nachfolgeregelung<\/h2>\t\t\t\t<\/div>\n\t\t\t\t<div class=\"elementor-element elementor-element-611089f elementor-widget elementor-widget-text-editor\" data-id=\"611089f\" data-element_type=\"widget\" data-widget_type=\"text-editor.default\">\n\t\t\t\t\t\t\t\t\t<h3 class=\"MsoNormal\">Ihr Unternehmen in kompetente H\u00e4nde \u00fcbergeben &#8211; vertrauensvoll, nachhaltig und fair.<\/h3>\t\t\t\t\t\t\t\t<\/div>\n\t\t\t\t<div class=\"elementor-element elementor-element-b80f641 elementor-widget elementor-widget-text-editor\" data-id=\"b80f641\" data-element_type=\"widget\" data-widget_type=\"text-editor.default\">\n\t\t\t\t\t\t\t\t\t<p>Nach vielen Jahren harter Arbeit, Emotionen und gr\u00f6sstm\u00f6glichem pers\u00f6nlichem Engagement haben Sie ein solides Unternehmen geschaffen. Nun ist der Moment\u00a0 gekommen, Ihr Lebenswerk weiterzugeben.\u00a0<\/p><p>\u00a0<\/p><p>Den passenden Nachfolger f\u00fcr das eigene Unternehmen zu finden ist meist nicht so einfach, wie man zun\u00e4chst annimmt. Der Verkauf und die \u00dcbergabe eines Unternehmens ist ein vielschichtiger Prozess, der vieles in Ihrem pers\u00f6nlichen Dasein ver\u00e4ndert. Daher ist es sinnvoll, auf erfahrene und kompetente Unterst\u00fctzung zur\u00fcckzugreifen.\u00a0<\/p><p>\u00a0<\/p><p>Gemeinsam mit unserem starken Partner dilligo! stehen wir Ihnen in gewohnter Qualit\u00e4t zur Verf\u00fcgung \u2013 bedarfsgerecht und nutzenorientiert.<\/p><p class=\"MsoNormal\">\u00a0<\/p>\t\t\t\t\t\t\t\t<\/div>\n\t\t\t\t\t<\/div>\n\t\t<\/div>\n\t\t\t\t\t<\/div>\n\t\t<\/section>\n\t\t\t\t<section class=\"elementor-section elementor-top-section elementor-element elementor-element-d58ac69 elementor-section-boxed elementor-section-height-default elementor-section-height-default\" data-id=\"d58ac69\" data-element_type=\"section\">\n\t\t\t\t\t\t<div class=\"elementor-container elementor-column-gap-default\">\n\t\t\t\t\t<div class=\"elementor-column elementor-col-100 elementor-top-column elementor-element elementor-element-032be67\" data-id=\"032be67\" data-element_type=\"column\">\n\t\t\t<div class=\"elementor-widget-wrap elementor-element-populated\">\n\t\t\t\t\t\t<div class=\"elementor-element elementor-element-206217a elementor-widget elementor-widget-text-editor\" data-id=\"206217a\" data-element_type=\"widget\" data-widget_type=\"text-editor.default\">\n\t\t\t\t\t\t\t\t\t<h3 class=\"MsoNormal\">Welcher Schritt ist der N\u00e4chste? <\/h3>\t\t\t\t\t\t\t\t<\/div>\n\t\t\t\t<div class=\"elementor-element elementor-element-6d9c32a elementor-widget elementor-widget-text-editor\" data-id=\"6d9c32a\" data-element_type=\"widget\" data-widget_type=\"text-editor.default\">\n\t\t\t\t\t\t\t\t\t<p>Wo finden Sie einen passenden K\u00e4ufer?\u00a0 Ist Ihr Unternehmen f\u00fcr einen potenziellen K\u00e4ufer interessant? Wird er es in Ihrem Sinne weiterf\u00fchren?<\/p><p>\u00a0<\/p><p>Ohne potenziellen K\u00e4ufer gibt es kein Nachfolge-Projekt. Wir erarbeiten gemeinsam mit Ihnen das konkrete Vorgehen und stimmen dessen Ablauf perfekt auf Ihre bestehende pers\u00f6nliche Situation ab. Auf dieser Basis suchen und finden wir schnellstm\u00f6glich den perfekten K\u00e4ufer f\u00fcr Ihr Unternehmen.<\/p>\t\t\t\t\t\t\t\t<\/div>\n\t\t\t\t\t<\/div>\n\t\t<\/div>\n\t\t\t\t\t<\/div>\n\t\t<\/section>\n\t\t\t\t<section class=\"elementor-section elementor-top-section elementor-element elementor-element-67deb3dc elementor-section-boxed elementor-section-height-default elementor-section-height-default\" data-id=\"67deb3dc\" data-element_type=\"section\">\n\t\t\t\t\t\t<div class=\"elementor-container elementor-column-gap-default\">\n\t\t\t\t\t<div class=\"elementor-column elementor-col-33 elementor-top-column elementor-element elementor-element-23f5affc\" data-id=\"23f5affc\" data-element_type=\"column\">\n\t\t\t<div class=\"elementor-widget-wrap elementor-element-populated\">\n\t\t\t\t\t\t<div class=\"elementor-element elementor-element-77566a36 elementor-position-top elementor-widget elementor-widget-image-box\" data-id=\"77566a36\" data-element_type=\"widget\" data-widget_type=\"image-box.default\">\n\t\t\t\t\t<div class=\"elementor-image-box-wrapper\"><figure class=\"elementor-image-box-img\"><a href=\"#nachfolge-1\" tabindex=\"-1\"><img fetchpriority=\"high\" decoding=\"async\" width=\"500\" height=\"500\" src=\"https:\/\/dori-go.com\/wp-content\/uploads\/2021\/07\/Nachfolgeregelung-2.png\" class=\"elementor-animation-pulse-grow attachment-full size-full wp-image-4646\" alt=\"\u00dcbernahme Unternehmen\" srcset=\"https:\/\/dori-go.com\/wp-content\/uploads\/2021\/07\/Nachfolgeregelung-2.png 500w, https:\/\/dori-go.com\/wp-content\/uploads\/2021\/07\/Nachfolgeregelung-2-300x300.png 300w, https:\/\/dori-go.com\/wp-content\/uploads\/2021\/07\/Nachfolgeregelung-2-150x150.png 150w\" sizes=\"(max-width: 500px) 100vw, 500px\" \/><\/a><\/figure><div class=\"elementor-image-box-content\"><h4 class=\"elementor-image-box-title\"><a href=\"#nachfolge-1\">Suche nach<br> einem K\u00e4ufer<\/a><\/h4><\/div><\/div>\t\t\t\t<\/div>\n\t\t\t\t\t<\/div>\n\t\t<\/div>\n\t\t\t\t<div class=\"elementor-column elementor-col-33 elementor-top-column elementor-element elementor-element-29a21c78\" data-id=\"29a21c78\" data-element_type=\"column\">\n\t\t\t<div class=\"elementor-widget-wrap elementor-element-populated\">\n\t\t\t\t\t\t<div class=\"elementor-element elementor-element-24741b3f elementor-position-top elementor-widget elementor-widget-image-box\" data-id=\"24741b3f\" data-element_type=\"widget\" data-widget_type=\"image-box.default\">\n\t\t\t\t\t<div class=\"elementor-image-box-wrapper\"><figure class=\"elementor-image-box-img\"><a href=\"#nachfolge-2\" tabindex=\"-1\"><img decoding=\"async\" width=\"500\" height=\"500\" src=\"https:\/\/dori-go.com\/wp-content\/uploads\/2021\/10\/Icon-Dienstleistungen.png\" class=\"elementor-animation-pulse-grow attachment-full size-full wp-image-4891\" alt=\"Suche Investor\" srcset=\"https:\/\/dori-go.com\/wp-content\/uploads\/2021\/10\/Icon-Dienstleistungen.png 500w, https:\/\/dori-go.com\/wp-content\/uploads\/2021\/10\/Icon-Dienstleistungen-300x300.png 300w, https:\/\/dori-go.com\/wp-content\/uploads\/2021\/10\/Icon-Dienstleistungen-150x150.png 150w\" sizes=\"(max-width: 500px) 100vw, 500px\" \/><\/a><\/figure><div class=\"elementor-image-box-content\"><h4 class=\"elementor-image-box-title\"><a href=\"#nachfolge-2\">Suche nach<br> einem Investor<\/a><\/h4><\/div><\/div>\t\t\t\t<\/div>\n\t\t\t\t\t<\/div>\n\t\t<\/div>\n\t\t\t\t<div class=\"elementor-column elementor-col-33 elementor-top-column elementor-element elementor-element-6498a22\" data-id=\"6498a22\" data-element_type=\"column\">\n\t\t\t<div class=\"elementor-widget-wrap elementor-element-populated\">\n\t\t\t\t\t\t<div class=\"elementor-element elementor-element-4dd9240a elementor-position-top elementor-widget elementor-widget-image-box\" data-id=\"4dd9240a\" data-element_type=\"widget\" data-widget_type=\"image-box.default\">\n\t\t\t\t\t<div class=\"elementor-image-box-wrapper\"><figure class=\"elementor-image-box-img\"><a href=\"#nachfolge-3\" tabindex=\"-1\"><img decoding=\"async\" width=\"500\" height=\"500\" src=\"https:\/\/dori-go.com\/wp-content\/uploads\/2021\/07\/Nachfolgeregelung-4.png\" class=\"elementor-animation-pulse-grow attachment-full size-full wp-image-4647\" alt=\"Nachfolgeregelung\" srcset=\"https:\/\/dori-go.com\/wp-content\/uploads\/2021\/07\/Nachfolgeregelung-4.png 500w, https:\/\/dori-go.com\/wp-content\/uploads\/2021\/07\/Nachfolgeregelung-4-300x300.png 300w, https:\/\/dori-go.com\/wp-content\/uploads\/2021\/07\/Nachfolgeregelung-4-150x150.png 150w\" sizes=\"(max-width: 500px) 100vw, 500px\" \/><\/a><\/figure><div class=\"elementor-image-box-content\"><h4 class=\"elementor-image-box-title\"><a href=\"#nachfolge-3\">fachliche Projektunterst\u00fctzung<\/a><\/h4><\/div><\/div>\t\t\t\t<\/div>\n\t\t\t\t\t<\/div>\n\t\t<\/div>\n\t\t\t\t\t<\/div>\n\t\t<\/section>\n\t\t\t\t<section class=\"elementor-section elementor-top-section elementor-element elementor-element-a0db57b elementor-section-boxed elementor-section-height-default elementor-section-height-default\" data-id=\"a0db57b\" data-element_type=\"section\">\n\t\t\t\t\t\t<div class=\"elementor-container elementor-column-gap-default\">\n\t\t\t\t\t<div class=\"elementor-column elementor-col-100 elementor-top-column elementor-element elementor-element-8d92de8\" data-id=\"8d92de8\" data-element_type=\"column\">\n\t\t\t<div class=\"elementor-widget-wrap elementor-element-populated\">\n\t\t\t\t\t\t\t<\/div>\n\t\t<\/div>\n\t\t\t\t\t<\/div>\n\t\t<\/section>\n\t\t\t\t<section class=\"elementor-section elementor-top-section elementor-element elementor-element-2101d11c elementor-section-boxed elementor-section-height-default elementor-section-height-default\" data-id=\"2101d11c\" data-element_type=\"section\">\n\t\t\t\t\t\t<div class=\"elementor-container elementor-column-gap-default\">\n\t\t\t\t\t<div class=\"elementor-column elementor-col-100 elementor-top-column elementor-element elementor-element-46e46ac\" data-id=\"46e46ac\" data-element_type=\"column\">\n\t\t\t<div class=\"elementor-widget-wrap elementor-element-populated\">\n\t\t\t\t\t\t<div class=\"elementor-element elementor-element-55289875 elementor-align-center elementor-widget elementor-widget-button\" data-id=\"55289875\" data-element_type=\"widget\" data-widget_type=\"button.default\">\n\t\t\t\t\t\t\t\t\t\t<a class=\"elementor-button elementor-button-link elementor-size-lg\" href=\"https:\/\/dori-go.com\/index.php\/kontakt\/\">\n\t\t\t\t\t\t<span class=\"elementor-button-content-wrapper\">\n\t\t\t\t\t\t\t\t\t<span class=\"elementor-button-text\">Jetzt individuell beraten lassen<\/span>\n\t\t\t\t\t<\/span>\n\t\t\t\t\t<\/a>\n\t\t\t\t\t\t\t\t<\/div>\n\t\t\t\t\t<\/div>\n\t\t<\/div>\n\t\t\t\t\t<\/div>\n\t\t<\/section>\n\t\t\t\t<\/div>\n\t\t","protected":false},"excerpt":{"rendered":"<p>Unternehmen verkaufen Wir sichern die Zukunft Ihres Unternehmens Nachfolgeregelung Ihr Unternehmen in kompetente H\u00e4nde \u00fcbergeben &#8211; vertrauensvoll, nachhaltig und fair. Nach vielen Jahren harter Arbeit, Emotionen und gr\u00f6sstm\u00f6glichem pers\u00f6nlichem Engagement haben Sie ein solides Unternehmen geschaffen. Nun ist der Moment\u00a0 gekommen, Ihr Lebenswerk weiterzugeben.\u00a0 \u00a0 Den passenden Nachfolger f\u00fcr das eigene Unternehmen zu finden ist [&hellip;]<\/p>\n","protected":false},"author":5,"featured_media":0,"parent":18,"menu_order":1,"comment_status":"closed","ping_status":"closed","template":"","meta":{"ocean_post_layout":"","ocean_both_sidebars_style":"","ocean_both_sidebars_content_width":0,"ocean_both_sidebars_sidebars_width":0,"ocean_sidebar":"0","ocean_second_sidebar":"0","ocean_disable_margins":"enable","ocean_add_body_class":"","ocean_shortcode_before_top_bar":"","ocean_shortcode_after_top_bar":"","ocean_shortcode_before_header":"","ocean_shortcode_after_header":"","ocean_has_shortcode":"","ocean_shortcode_after_title":"","ocean_shortcode_before_footer_widgets":"","ocean_shortcode_after_footer_widgets":"","ocean_shortcode_before_footer_bottom":"","ocean_shortcode_after_footer_bottom":"","ocean_display_top_bar":"default","ocean_display_header":"default","ocean_header_style":"","ocean_center_header_left_menu":"0","ocean_custom_header_template":"0","ocean_custom_logo":0,"ocean_custom_retina_logo":0,"ocean_custom_logo_max_width":0,"ocean_custom_logo_tablet_max_width":0,"ocean_custom_logo_mobile_max_width":0,"ocean_custom_logo_max_height":0,"ocean_custom_logo_tablet_max_height":0,"ocean_custom_logo_mobile_max_height":0,"ocean_header_custom_menu":"0","ocean_menu_typo_font_family":"0","ocean_menu_typo_font_subset":"","ocean_menu_typo_font_size":0,"ocean_menu_typo_font_size_tablet":0,"ocean_menu_typo_font_size_mobile":0,"ocean_menu_typo_font_size_unit":"px","ocean_menu_typo_font_weight":"","ocean_menu_typo_font_weight_tablet":"","ocean_menu_typo_font_weight_mobile":"","ocean_menu_typo_transform":"","ocean_menu_typo_transform_tablet":"","ocean_menu_typo_transform_mobile":"","ocean_menu_typo_line_height":0,"ocean_menu_typo_line_height_tablet":0,"ocean_menu_typo_line_height_mobile":0,"ocean_menu_typo_line_height_unit":"","ocean_menu_typo_spacing":0,"ocean_menu_typo_spacing_tablet":0,"ocean_menu_typo_spacing_mobile":0,"ocean_menu_typo_spacing_unit":"","ocean_menu_link_color":"","ocean_menu_link_color_hover":"","ocean_menu_link_color_active":"","ocean_menu_link_background":"","ocean_menu_link_hover_background":"","ocean_menu_link_active_background":"","ocean_menu_social_links_bg":"","ocean_menu_social_hover_links_bg":"","ocean_menu_social_links_color":"","ocean_menu_social_hover_links_color":"","ocean_disable_title":"default","ocean_disable_heading":"default","ocean_post_title":"","ocean_post_subheading":"","ocean_post_title_style":"","ocean_post_title_background_color":"","ocean_post_title_background":0,"ocean_post_title_bg_image_position":"","ocean_post_title_bg_image_attachment":"","ocean_post_title_bg_image_repeat":"","ocean_post_title_bg_image_size":"","ocean_post_title_height":0,"ocean_post_title_bg_overlay":0.5,"ocean_post_title_bg_overlay_color":"","ocean_disable_breadcrumbs":"default","ocean_breadcrumbs_color":"","ocean_breadcrumbs_separator_color":"","ocean_breadcrumbs_links_color":"","ocean_breadcrumbs_links_hover_color":"","ocean_display_footer_widgets":"default","ocean_display_footer_bottom":"default","ocean_custom_footer_template":"0","footnotes":""},"class_list":["post-4620","page","type-page","status-publish","hentry","entry"],"_links":{"self":[{"href":"https:\/\/dori-go.com\/index.php\/wp-json\/wp\/v2\/pages\/4620","targetHints":{"allow":["GET"]}}],"collection":[{"href":"https:\/\/dori-go.com\/index.php\/wp-json\/wp\/v2\/pages"}],"about":[{"href":"https:\/\/dori-go.com\/index.php\/wp-json\/wp\/v2\/types\/page"}],"author":[{"embeddable":true,"href":"https:\/\/dori-go.com\/index.php\/wp-json\/wp\/v2\/users\/5"}],"replies":[{"embeddable":true,"href":"https:\/\/dori-go.com\/index.php\/wp-json\/wp\/v2\/comments?post=4620"}],"version-history":[{"count":22,"href":"https:\/\/dori-go.com\/index.php\/wp-json\/wp\/v2\/pages\/4620\/revisions"}],"predecessor-version":[{"id":4991,"href":"https:\/\/dori-go.com\/index.php\/wp-json\/wp\/v2\/pages\/4620\/revisions\/4991"}],"up":[{"embeddable":true,"href":"https:\/\/dori-go.com\/index.php\/wp-json\/wp\/v2\/pages\/18"}],"wp:attachment":[{"href":"https:\/\/dori-go.com\/index.php\/wp-json\/wp\/v2\/media?parent=4620"}],"curies":[{"name":"wp","href":"https:\/\/api.w.org\/{rel}","templated":true}]}}