{"id":460,"date":"2020-02-10T16:24:26","date_gmt":"2020-02-10T16:24:26","guid":{"rendered":"https:\/\/dorigo.7150.hostserv.eu\/?page_id=460"},"modified":"2024-11-26T09:00:55","modified_gmt":"2024-11-26T09:00:55","slug":"reto-dorigo","status":"publish","type":"page","link":"https:\/\/dori-go.com\/index.php\/unternehmen\/reto-dorigo\/","title":{"rendered":"Reto Dorigo"},"content":{"rendered":"\t\t<div data-elementor-type=\"wp-page\" data-elementor-id=\"460\" class=\"elementor elementor-460\" data-elementor-post-type=\"page\">\n\t\t\t\t\t\t<section class=\"elementor-section elementor-top-section elementor-element elementor-element-473d2032 elementor-section-stretched elementor-section-height-full elementor-section-content-middle elementor-section-full_width elementor-section-items-bottom elementor-section-height-default\" data-id=\"473d2032\" data-element_type=\"section\" data-settings=\"{&quot;stretch_section&quot;:&quot;section-stretched&quot;,&quot;background_background&quot;:&quot;classic&quot;}\">\n\t\t\t\t\t\t<div class=\"elementor-container elementor-column-gap-no\">\n\t\t\t\t\t<div class=\"elementor-column elementor-col-100 elementor-top-column elementor-element elementor-element-568c33a6\" data-id=\"568c33a6\" data-element_type=\"column\" data-settings=\"{&quot;background_background&quot;:&quot;classic&quot;}\">\n\t\t\t<div class=\"elementor-widget-wrap elementor-element-populated\">\n\t\t\t\t\t\t<div class=\"elementor-element elementor-element-62c2eeb1 elementor-blockquote--skin-border elementor-blockquote--button-color-official elementor-widget elementor-widget-blockquote\" data-id=\"62c2eeb1\" data-element_type=\"widget\" data-widget_type=\"blockquote.default\">\n\t\t\t\t\t\t\t<blockquote class=\"elementor-blockquote\">\n\t\t\t<p class=\"elementor-blockquote__content\">\n\t\t\t\tIch f\u00fchre erfolgreiche Unternehmen mit talentierten Mitarbeiterinnen und Mitarbeiter zusammen, die das Gesch\u00e4ft nachhaltig weiterentwickeln k\u00f6nnen.\t\t\t<\/p>\n\t\t\t\t\t<\/blockquote>\n\t\t\t\t\t\t<\/div>\n\t\t\t\t\t<\/div>\n\t\t<\/div>\n\t\t\t\t\t<\/div>\n\t\t<\/section>\n\t\t\t\t<section class=\"elementor-section elementor-top-section elementor-element elementor-element-3abac9c9 elementor-section-boxed elementor-section-height-default elementor-section-height-default\" data-id=\"3abac9c9\" data-element_type=\"section\">\n\t\t\t\t\t\t<div class=\"elementor-container elementor-column-gap-default\">\n\t\t\t\t\t<div class=\"elementor-column elementor-col-66 elementor-top-column elementor-element elementor-element-39805230\" data-id=\"39805230\" data-element_type=\"column\">\n\t\t\t<div class=\"elementor-widget-wrap elementor-element-populated\">\n\t\t\t\t\t\t<div class=\"elementor-element elementor-element-1be9500b elementor-widget elementor-widget-text-editor\" data-id=\"1be9500b\" data-element_type=\"widget\" data-widget_type=\"text-editor.default\">\n\t\t\t\t\t\t\t\t\t<p>1988 begann meine Karriere in der Informationstechnologie (IT) bei der Firma NCR.<br \/>Nach meinem Betriebswirtschaftsstudium fand ich beim Softwarehaus Computer Associates meinen Einstieg in den Verkaufsbereich. W\u00e4hrend 6 Jahren entwickelte ich mich dort vom Account Manager \u00fcber Sales Manager bis zum Senior Vice President f\u00fcr die Schweiz und Osteuropa.<\/p><p>Bei PeopleSoft und Cambridge Technology Partner konnte ich mein kundenzentriertes Wissen um fundiertes Applikations- und Consulting-Know-how erweitern.<\/p><p>Bei EMC betreute ich in der Funktion eines Global Account Managers einen Grosskunden\u00a0auf weltweiter Basis und begleitete dabei massgeblich die kulturelle Integration von\u00a0Schweizern und Amerikanern. Gleichzeitig baute ich meine F\u00fchrungserfahrung als Leiter\u00a0eines Sales Teams weiter aus.<\/p><p>Beim globalen Grosskonzern Hewlett-Packard war ich als Director Financial Services mit meinem Team f\u00fcr das gesamte Gesch\u00e4ft im Schweizer Banken- und Versicherungs- Bereich verantwortlich und konnte anschliessend als Country Manager Storage die P&amp;L-Verantwortung f\u00fcr den Storage-Bereich in der Schweiz \u00fcbernehmen.<\/p><p>2012 entschied ich mich, meine \u00fcber 20-j\u00e4hrige Erfahrung als Country-, Sales- und Account Manager im IT-Bereich zu nutzen, um Schweizer Unternehmen bei der Bew\u00e4ltigung Ihrer vielf\u00e4ltigen Herausforderungen zu unterst\u00fctzen und gr\u00fcndete deshalb das Einzelunternehmen DC Dorigo-Consulting. Im November 2013 wandelte ich dieses unter dem Namen Dorigo AG in eine Aktiengesellschaft um.<\/p>\t\t\t\t\t\t\t\t<\/div>\n\t\t\t\t\t<\/div>\n\t\t<\/div>\n\t\t\t\t<div class=\"elementor-column elementor-col-33 elementor-top-column elementor-element elementor-element-7521b5b\" data-id=\"7521b5b\" data-element_type=\"column\" data-settings=\"{&quot;background_background&quot;:&quot;classic&quot;}\">\n\t\t\t<div class=\"elementor-widget-wrap elementor-element-populated\">\n\t\t\t\t\t\t<div class=\"elementor-element elementor-element-5b07476b elementor-widget elementor-widget-heading\" data-id=\"5b07476b\" data-element_type=\"widget\" data-widget_type=\"heading.default\">\n\t\t\t\t\t<h3 class=\"elementor-heading-title elementor-size-default\">Gesch\u00e4ftsf\u00fchrer<\/h3>\t\t\t\t<\/div>\n\t\t\t\t<div class=\"elementor-element elementor-element-4829b86d elementor-widget elementor-widget-heading\" data-id=\"4829b86d\" data-element_type=\"widget\" data-widget_type=\"heading.default\">\n\t\t\t\t\t<h2 class=\"elementor-heading-title elementor-size-default\">Kontakt<\/h2>\t\t\t\t<\/div>\n\t\t\t\t<div class=\"elementor-element elementor-element-478b9db elementor-widget elementor-widget-heading\" data-id=\"478b9db\" data-element_type=\"widget\" data-widget_type=\"heading.default\">\n\t\t\t\t\t<h3 class=\"elementor-heading-title elementor-size-default\">reto.dorigo@dori-go.com<br>+41 43 499 19 17<\/h3>\t\t\t\t<\/div>\n\t\t\t\t<div class=\"elementor-element elementor-element-7871c7e0 elementor-widget elementor-widget-heading\" data-id=\"7871c7e0\" data-element_type=\"widget\" data-widget_type=\"heading.default\">\n\t\t\t\t\t<h2 class=\"elementor-heading-title elementor-size-default\">Branchenkompetenz<\/h2>\t\t\t\t<\/div>\n\t\t\t\t<div class=\"elementor-element elementor-element-35171ea0 elementor-widget elementor-widget-heading\" data-id=\"35171ea0\" data-element_type=\"widget\" data-widget_type=\"heading.default\">\n\t\t\t\t\t<h3 class=\"elementor-heading-title elementor-size-default\">IT \/ Telekommunikation \/ Soziale Institutionen\/ Privatpersonen<\/h3>\t\t\t\t<\/div>\n\t\t\t\t<div class=\"elementor-element elementor-element-3a8cab9a elementor-widget elementor-widget-heading\" data-id=\"3a8cab9a\" data-element_type=\"widget\" data-widget_type=\"heading.default\">\n\t\t\t\t\t<h2 class=\"elementor-heading-title elementor-size-default\">Beratungskompetenz<\/h2>\t\t\t\t<\/div>\n\t\t\t\t<div class=\"elementor-element elementor-element-4779f1e4 elementor-widget elementor-widget-heading\" data-id=\"4779f1e4\" data-element_type=\"widget\" data-widget_type=\"heading.default\">\n\t\t\t\t\t<h3 class=\"elementor-heading-title elementor-size-default\">Executive Search<br>\nRekrutierung<br>\nOutplacement<br>\nChange Management<br>\nJob-Coaching<br>\nKarriereplanung<br>Intuitiver Systemischer Coach<\/h3>\t\t\t\t<\/div>\n\t\t\t\t<div class=\"elementor-element elementor-element-45a37290 elementor-shape-square e-grid-align-left elementor-grid-0 elementor-widget elementor-widget-social-icons\" data-id=\"45a37290\" data-element_type=\"widget\" data-widget_type=\"social-icons.default\">\n\t\t\t\t\t\t\t<div class=\"elementor-social-icons-wrapper elementor-grid\" role=\"list\">\n\t\t\t\t\t\t\t<span class=\"elementor-grid-item\" role=\"listitem\">\n\t\t\t\t\t<a class=\"elementor-icon elementor-social-icon elementor-social-icon-linkedin elementor-repeater-item-fd97826\" href=\"https:\/\/www.linkedin.com\/in\/dori-go\/\" target=\"_blank\" rel=\"noopener\">\n\t\t\t\t\t\t<span class=\"elementor-screen-only\">Linkedin<\/span>\n\t\t\t\t\t\t<svg aria-hidden=\"true\" class=\"e-font-icon-svg e-fab-linkedin\" viewBox=\"0 0 448 512\" xmlns=\"http:\/\/www.w3.org\/2000\/svg\"><path d=\"M416 32H31.9C14.3 32 0 46.5 0 64.3v383.4C0 465.5 14.3 480 31.9 480H416c17.6 0 32-14.5 32-32.3V64.3c0-17.8-14.4-32.3-32-32.3zM135.4 416H69V202.2h66.5V416zm-33.2-243c-21.3 0-38.5-17.3-38.5-38.5S80.9 96 102.2 96c21.2 0 38.5 17.3 38.5 38.5 0 21.3-17.2 38.5-38.5 38.5zm282.1 243h-66.4V312c0-24.8-.5-56.7-34.5-56.7-34.6 0-39.9 27-39.9 54.9V416h-66.4V202.2h63.7v29.2h.9c8.9-16.8 30.6-34.5 62.9-34.5 67.2 0 79.7 44.3 79.7 101.9V416z\"><\/path><\/svg>\t\t\t\t\t<\/a>\n\t\t\t\t<\/span>\n\t\t\t\t\t\t\t<span class=\"elementor-grid-item\" role=\"listitem\">\n\t\t\t\t\t<a class=\"elementor-icon elementor-social-icon elementor-social-icon-xing elementor-repeater-item-ecc1480\" href=\"https:\/\/www.xing.com\/profile\/Reto_Dorigo\/cv\" target=\"_blank\" rel=\"noopener\">\n\t\t\t\t\t\t<span class=\"elementor-screen-only\">Xing<\/span>\n\t\t\t\t\t\t<svg aria-hidden=\"true\" class=\"e-font-icon-svg e-fab-xing\" viewBox=\"0 0 384 512\" xmlns=\"http:\/\/www.w3.org\/2000\/svg\"><path d=\"M162.7 210c-1.8 3.3-25.2 44.4-70.1 123.5-4.9 8.3-10.8 12.5-17.7 12.5H9.8c-7.7 0-12.1-7.5-8.5-14.4l69-121.3c.2 0 .2-.1 0-.3l-43.9-75.6c-4.3-7.8.3-14.1 8.5-14.1H100c7.3 0 13.3 4.1 18 12.2l44.7 77.5zM382.6 46.1l-144 253v.3L330.2 466c3.9 7.1.2 14.1-8.5 14.1h-65.2c-7.6 0-13.6-4-18-12.2l-92.4-168.5c3.3-5.8 51.5-90.8 144.8-255.2 4.6-8.1 10.4-12.2 17.5-12.2h65.7c8 0 12.3 6.7 8.5 14.1z\"><\/path><\/svg>\t\t\t\t\t<\/a>\n\t\t\t\t<\/span>\n\t\t\t\t\t<\/div>\n\t\t\t\t\t\t<\/div>\n\t\t\t\t\t<\/div>\n\t\t<\/div>\n\t\t\t\t\t<\/div>\n\t\t<\/section>\n\t\t\t\t<section class=\"elementor-section elementor-top-section elementor-element elementor-element-8110a71 elementor-section-boxed elementor-section-height-default elementor-section-height-default\" data-id=\"8110a71\" data-element_type=\"section\">\n\t\t\t\t\t\t<div class=\"elementor-container elementor-column-gap-default\">\n\t\t\t\t\t<div class=\"elementor-column elementor-col-100 elementor-top-column elementor-element elementor-element-1265b72\" data-id=\"1265b72\" data-element_type=\"column\">\n\t\t\t<div class=\"elementor-widget-wrap elementor-element-populated\">\n\t\t\t\t\t\t<div class=\"elementor-element elementor-element-768b4e6 elementor-widget elementor-widget-heading\" data-id=\"768b4e6\" data-element_type=\"widget\" data-widget_type=\"heading.default\">\n\t\t\t\t\t<h2 class=\"elementor-heading-title elementor-size-default\">Aktuelle Blogbeitr\u00e4ge von Reto Dorigo<\/h2>\t\t\t\t<\/div>\n\t\t\t\t<div class=\"elementor-element elementor-element-e270fff elementor-grid-4 elementor-posts--align-left elementor-grid-tablet-2 elementor-grid-mobile-1 elementor-posts--thumbnail-top elementor-card-shadow-yes elementor-posts__hover-gradient elementor-widget elementor-widget-posts\" data-id=\"e270fff\" data-element_type=\"widget\" data-settings=\"{&quot;cards_columns&quot;:&quot;4&quot;,&quot;cards_columns_tablet&quot;:&quot;2&quot;,&quot;cards_columns_mobile&quot;:&quot;1&quot;,&quot;cards_row_gap&quot;:{&quot;unit&quot;:&quot;px&quot;,&quot;size&quot;:35,&quot;sizes&quot;:[]},&quot;cards_row_gap_tablet&quot;:{&quot;unit&quot;:&quot;px&quot;,&quot;size&quot;:&quot;&quot;,&quot;sizes&quot;:[]},&quot;cards_row_gap_mobile&quot;:{&quot;unit&quot;:&quot;px&quot;,&quot;size&quot;:&quot;&quot;,&quot;sizes&quot;:[]}}\" data-widget_type=\"posts.cards\">\n\t\t\t\t<div class=\"elementor-widget-container\">\n\t\t\t\t\t\t\t<div class=\"elementor-posts-container elementor-posts elementor-posts--skin-cards elementor-grid\" role=\"list\">\n\t\t\t\t<article class=\"elementor-post elementor-grid-item post-7774 post type-post status-publish format-standard has-post-thumbnail hentry category-executive-search entry has-media\" role=\"listitem\">\n\t\t\t<div class=\"elementor-post__card\">\n\t\t\t\t<a class=\"elementor-post__thumbnail__link\" href=\"https:\/\/dori-go.com\/index.php\/zwischen-funkstille-und-floskeln-was-kandidaten-wirklich-abschreckt\/\" tabindex=\"-1\"><div class=\"elementor-post__thumbnail\"><img fetchpriority=\"high\" decoding=\"async\" width=\"1400\" height=\"560\" src=\"https:\/\/dori-go.com\/wp-content\/uploads\/2025\/09\/Dorigo-Blogbilder-_2_.webp\" class=\"attachment-full size-full wp-image-7776\" alt=\"Zwischen Funkstillle und Floskeln\" srcset=\"https:\/\/dori-go.com\/wp-content\/uploads\/2025\/09\/Dorigo-Blogbilder-_2_.webp 1400w, https:\/\/dori-go.com\/wp-content\/uploads\/2025\/09\/Dorigo-Blogbilder-_2_-300x120.webp 300w, https:\/\/dori-go.com\/wp-content\/uploads\/2025\/09\/Dorigo-Blogbilder-_2_-1024x410.webp 1024w, https:\/\/dori-go.com\/wp-content\/uploads\/2025\/09\/Dorigo-Blogbilder-_2_-768x307.webp 768w\" sizes=\"(max-width: 1400px) 100vw, 1400px\" \/><\/div><\/a>\n\t\t\t\t<div class=\"elementor-post__badge\">Executive Search<\/div>\n\t\t\t\t<div class=\"elementor-post__text\">\n\t\t\t\t<h3 class=\"elementor-post__title\">\n\t\t\t<a href=\"https:\/\/dori-go.com\/index.php\/zwischen-funkstille-und-floskeln-was-kandidaten-wirklich-abschreckt\/\">\n\t\t\t\tZwischen Funkstille und Floskeln: Was Kandidaten wirklich abschreckt\t\t\t<\/a>\n\t\t<\/h3>\n\t\t\t\t<div class=\"elementor-post__excerpt\">\n\t\t\t<p>Es ist kein Geheimnis \u2013 und auch keine neue Erkenntnis: Die Erwartungen von Bewerbenden an den Rekrutierungsprozess haben sich ver\u00e4ndert. Die Art und Weise, wie<\/p>\n\t\t<\/div>\n\t\t\n\t\t<a class=\"elementor-post__read-more\" href=\"https:\/\/dori-go.com\/index.php\/zwischen-funkstille-und-floskeln-was-kandidaten-wirklich-abschreckt\/\" aria-label=\"Read more about Zwischen Funkstille und Floskeln: Was Kandidaten wirklich abschreckt\" tabindex=\"-1\">\n\t\t\tWeiterlesen \u00bb\t\t<\/a>\n\n\t\t\t\t<\/div>\n\t\t\t\t<div class=\"elementor-post__meta-data\">\n\t\t\t\t\t<span class=\"elementor-post-date\">\n\t\t\tSeptember 24, 2025\t\t<\/span>\n\t\t\t\t<\/div>\n\t\t\t\t\t<\/div>\n\t\t<\/article>\n\t\t\t\t<article class=\"elementor-post elementor-grid-item post-7742 post type-post status-publish format-standard has-post-thumbnail hentry category-stellensuche category-coaching entry has-media\" role=\"listitem\">\n\t\t\t<div class=\"elementor-post__card\">\n\t\t\t\t<a class=\"elementor-post__thumbnail__link\" href=\"https:\/\/dori-go.com\/index.php\/so-schreibst-du-ein-starkes-anschreiben-mit-ki\/\" tabindex=\"-1\"><div class=\"elementor-post__thumbnail\"><img decoding=\"async\" width=\"1400\" height=\"560\" src=\"https:\/\/dori-go.com\/wp-content\/uploads\/2025\/08\/53.webp\" class=\"attachment-full size-full wp-image-7743\" alt=\"\" srcset=\"https:\/\/dori-go.com\/wp-content\/uploads\/2025\/08\/53.webp 1400w, https:\/\/dori-go.com\/wp-content\/uploads\/2025\/08\/53-300x120.webp 300w, https:\/\/dori-go.com\/wp-content\/uploads\/2025\/08\/53-1024x410.webp 1024w, https:\/\/dori-go.com\/wp-content\/uploads\/2025\/08\/53-768x307.webp 768w\" sizes=\"(max-width: 1400px) 100vw, 1400px\" \/><\/div><\/a>\n\t\t\t\t<div class=\"elementor-post__badge\">Stellensuche<\/div>\n\t\t\t\t<div class=\"elementor-post__text\">\n\t\t\t\t<h3 class=\"elementor-post__title\">\n\t\t\t<a href=\"https:\/\/dori-go.com\/index.php\/so-schreibst-du-ein-starkes-anschreiben-mit-ki\/\">\n\t\t\t\tSo schreibst du ein starkes Anschreiben mit KI\t\t\t<\/a>\n\t\t<\/h3>\n\t\t\t\t<div class=\"elementor-post__excerpt\">\n\t\t\t<p>Ein gutes Anschreiben ist heute nicht mehr nur sch\u00f6n formuliert \u2013 es zeigt, dass du dich mit dem Job und dem Unternehmen auseinandergesetzt hast.Aber mal<\/p>\n\t\t<\/div>\n\t\t\n\t\t<a class=\"elementor-post__read-more\" href=\"https:\/\/dori-go.com\/index.php\/so-schreibst-du-ein-starkes-anschreiben-mit-ki\/\" aria-label=\"Read more about So schreibst du ein starkes Anschreiben mit KI\" tabindex=\"-1\">\n\t\t\tWeiterlesen \u00bb\t\t<\/a>\n\n\t\t\t\t<\/div>\n\t\t\t\t<div class=\"elementor-post__meta-data\">\n\t\t\t\t\t<span class=\"elementor-post-date\">\n\t\t\tSeptember 8, 2025\t\t<\/span>\n\t\t\t\t<\/div>\n\t\t\t\t\t<\/div>\n\t\t<\/article>\n\t\t\t\t<article class=\"elementor-post elementor-grid-item post-7738 post type-post status-publish format-standard has-post-thumbnail hentry category-executive-search entry has-media\" role=\"listitem\">\n\t\t\t<div class=\"elementor-post__card\">\n\t\t\t\t<a class=\"elementor-post__thumbnail__link\" href=\"https:\/\/dori-go.com\/index.php\/warum-das-klassische-anschreiben-zunehmend-an-bedeutung-verliert\/\" tabindex=\"-1\"><div class=\"elementor-post__thumbnail\"><img decoding=\"async\" width=\"1400\" height=\"560\" src=\"https:\/\/dori-go.com\/wp-content\/uploads\/2025\/08\/52.webp\" class=\"attachment-full size-full wp-image-7739\" alt=\"\" srcset=\"https:\/\/dori-go.com\/wp-content\/uploads\/2025\/08\/52.webp 1400w, https:\/\/dori-go.com\/wp-content\/uploads\/2025\/08\/52-300x120.webp 300w, https:\/\/dori-go.com\/wp-content\/uploads\/2025\/08\/52-1024x410.webp 1024w, https:\/\/dori-go.com\/wp-content\/uploads\/2025\/08\/52-768x307.webp 768w\" sizes=\"(max-width: 1400px) 100vw, 1400px\" \/><\/div><\/a>\n\t\t\t\t<div class=\"elementor-post__badge\">Executive Search<\/div>\n\t\t\t\t<div class=\"elementor-post__text\">\n\t\t\t\t<h3 class=\"elementor-post__title\">\n\t\t\t<a href=\"https:\/\/dori-go.com\/index.php\/warum-das-klassische-anschreiben-zunehmend-an-bedeutung-verliert\/\">\n\t\t\t\tWarum das klassische Anschreiben zunehmend an Bedeutung verliert\t\t\t<\/a>\n\t\t<\/h3>\n\t\t\t\t<div class=\"elementor-post__excerpt\">\n\t\t\t<p>Das Anschreiben galt lange als Herzst\u00fcck jeder Bewerbung. In der Schweiz hat es einen besonderen Stellenwert: Wer sich bewirbt, soll zeigen, dass er oder sie<\/p>\n\t\t<\/div>\n\t\t\n\t\t<a class=\"elementor-post__read-more\" href=\"https:\/\/dori-go.com\/index.php\/warum-das-klassische-anschreiben-zunehmend-an-bedeutung-verliert\/\" aria-label=\"Read more about Warum das klassische Anschreiben zunehmend an Bedeutung verliert\" tabindex=\"-1\">\n\t\t\tWeiterlesen \u00bb\t\t<\/a>\n\n\t\t\t\t<\/div>\n\t\t\t\t<div class=\"elementor-post__meta-data\">\n\t\t\t\t\t<span class=\"elementor-post-date\">\n\t\t\tAugust 26, 2025\t\t<\/span>\n\t\t\t\t<\/div>\n\t\t\t\t\t<\/div>\n\t\t<\/article>\n\t\t\t\t<article class=\"elementor-post elementor-grid-item post-7695 post type-post status-publish format-standard has-post-thumbnail hentry category-executive-search entry has-media\" role=\"listitem\">\n\t\t\t<div class=\"elementor-post__card\">\n\t\t\t\t<a class=\"elementor-post__thumbnail__link\" href=\"https:\/\/dori-go.com\/index.php\/so-erkennen-sie-die-passenden-soft-skills-auch-ohne-standardisierte-verfahren\/\" tabindex=\"-1\"><div class=\"elementor-post__thumbnail\"><img loading=\"lazy\" decoding=\"async\" width=\"1400\" height=\"560\" src=\"https:\/\/dori-go.com\/wp-content\/uploads\/2025\/07\/49-_1_.webp\" class=\"attachment-full size-full wp-image-7697\" alt=\"\" srcset=\"https:\/\/dori-go.com\/wp-content\/uploads\/2025\/07\/49-_1_.webp 1400w, https:\/\/dori-go.com\/wp-content\/uploads\/2025\/07\/49-_1_-300x120.webp 300w, https:\/\/dori-go.com\/wp-content\/uploads\/2025\/07\/49-_1_-1024x410.webp 1024w, https:\/\/dori-go.com\/wp-content\/uploads\/2025\/07\/49-_1_-768x307.webp 768w\" sizes=\"(max-width: 1400px) 100vw, 1400px\" \/><\/div><\/a>\n\t\t\t\t<div class=\"elementor-post__badge\">Executive Search<\/div>\n\t\t\t\t<div class=\"elementor-post__text\">\n\t\t\t\t<h3 class=\"elementor-post__title\">\n\t\t\t<a href=\"https:\/\/dori-go.com\/index.php\/so-erkennen-sie-die-passenden-soft-skills-auch-ohne-standardisierte-verfahren\/\">\n\t\t\t\tSo erkennen Sie die passenden Soft Skills (auch ohne standardisierte Verfahren)\t\t\t<\/a>\n\t\t<\/h3>\n\t\t\t\t<div class=\"elementor-post__excerpt\">\n\t\t\t<p>Fachliche Qualifikationen lassen sich leicht pr\u00fcfen. Ein Blick auf das Diplom, das Arbeitszeugnis, eine gezielte Fachfrage \u2013 und schon l\u00e4sst sich relativ sicher einsch\u00e4tzen, ob<\/p>\n\t\t<\/div>\n\t\t\n\t\t<a class=\"elementor-post__read-more\" href=\"https:\/\/dori-go.com\/index.php\/so-erkennen-sie-die-passenden-soft-skills-auch-ohne-standardisierte-verfahren\/\" aria-label=\"Read more about So erkennen Sie die passenden Soft Skills (auch ohne standardisierte Verfahren)\" tabindex=\"-1\">\n\t\t\tWeiterlesen \u00bb\t\t<\/a>\n\n\t\t\t\t<\/div>\n\t\t\t\t<div class=\"elementor-post__meta-data\">\n\t\t\t\t\t<span class=\"elementor-post-date\">\n\t\t\tJuli 29, 2025\t\t<\/span>\n\t\t\t\t<\/div>\n\t\t\t\t\t<\/div>\n\t\t<\/article>\n\t\t\t\t<\/div>\n\t\t\n\t\t\t\t\t\t<\/div>\n\t\t\t\t<\/div>\n\t\t\t\t\t<\/div>\n\t\t<\/div>\n\t\t\t\t\t<\/div>\n\t\t<\/section>\n\t\t\t\t<\/div>\n\t\t","protected":false},"excerpt":{"rendered":"<p>Ich f\u00fchre erfolgreiche Unternehmen mit talentierten Mitarbeiterinnen und Mitarbeiter zusammen, die das Gesch\u00e4ft nachhaltig weiterentwickeln k\u00f6nnen. 1988 begann meine Karriere in der Informationstechnologie (IT) bei der Firma NCR.Nach meinem Betriebswirtschaftsstudium fand ich beim Softwarehaus Computer Associates meinen Einstieg in den Verkaufsbereich. W\u00e4hrend 6 Jahren entwickelte ich mich dort vom Account Manager \u00fcber Sales Manager bis [&hellip;]<\/p>\n","protected":false},"author":1,"featured_media":0,"parent":21,"menu_order":0,"comment_status":"closed","ping_status":"closed","template":"","meta":{"ocean_post_layout":"","ocean_both_sidebars_style":"","ocean_both_sidebars_content_width":0,"ocean_both_sidebars_sidebars_width":0,"ocean_sidebar":"0","ocean_second_sidebar":"0","ocean_disable_margins":"enable","ocean_add_body_class":"","ocean_shortcode_before_top_bar":"","ocean_shortcode_after_top_bar":"","ocean_shortcode_before_header":"","ocean_shortcode_after_header":"","ocean_has_shortcode":"","ocean_shortcode_after_title":"","ocean_shortcode_before_footer_widgets":"","ocean_shortcode_after_footer_widgets":"","ocean_shortcode_before_footer_bottom":"","ocean_shortcode_after_footer_bottom":"","ocean_display_top_bar":"default","ocean_display_header":"default","ocean_header_style":"","ocean_center_header_left_menu":"0","ocean_custom_header_template":"0","ocean_custom_logo":0,"ocean_custom_retina_logo":0,"ocean_custom_logo_max_width":0,"ocean_custom_logo_tablet_max_width":0,"ocean_custom_logo_mobile_max_width":0,"ocean_custom_logo_max_height":0,"ocean_custom_logo_tablet_max_height":0,"ocean_custom_logo_mobile_max_height":0,"ocean_header_custom_menu":"0","ocean_menu_typo_font_family":"0","ocean_menu_typo_font_subset":"","ocean_menu_typo_font_size":0,"ocean_menu_typo_font_size_tablet":0,"ocean_menu_typo_font_size_mobile":0,"ocean_menu_typo_font_size_unit":"px","ocean_menu_typo_font_weight":"","ocean_menu_typo_font_weight_tablet":"","ocean_menu_typo_font_weight_mobile":"","ocean_menu_typo_transform":"","ocean_menu_typo_transform_tablet":"","ocean_menu_typo_transform_mobile":"","ocean_menu_typo_line_height":0,"ocean_menu_typo_line_height_tablet":0,"ocean_menu_typo_line_height_mobile":0,"ocean_menu_typo_line_height_unit":"","ocean_menu_typo_spacing":0,"ocean_menu_typo_spacing_tablet":0,"ocean_menu_typo_spacing_mobile":0,"ocean_menu_typo_spacing_unit":"","ocean_menu_link_color":"","ocean_menu_link_color_hover":"","ocean_menu_link_color_active":"","ocean_menu_link_background":"","ocean_menu_link_hover_background":"","ocean_menu_link_active_background":"","ocean_menu_social_links_bg":"","ocean_menu_social_hover_links_bg":"","ocean_menu_social_links_color":"","ocean_menu_social_hover_links_color":"","ocean_disable_title":"default","ocean_disable_heading":"default","ocean_post_title":"","ocean_post_subheading":"","ocean_post_title_style":"","ocean_post_title_background_color":"","ocean_post_title_background":0,"ocean_post_title_bg_image_position":"","ocean_post_title_bg_image_attachment":"","ocean_post_title_bg_image_repeat":"","ocean_post_title_bg_image_size":"","ocean_post_title_height":0,"ocean_post_title_bg_overlay":0.5,"ocean_post_title_bg_overlay_color":"","ocean_disable_breadcrumbs":"default","ocean_breadcrumbs_color":"","ocean_breadcrumbs_separator_color":"","ocean_breadcrumbs_links_color":"","ocean_breadcrumbs_links_hover_color":"","ocean_display_footer_widgets":"default","ocean_display_footer_bottom":"default","ocean_custom_footer_template":"0","footnotes":""},"class_list":["post-460","page","type-page","status-publish","hentry","entry","has-media"],"_links":{"self":[{"href":"https:\/\/dori-go.com\/index.php\/wp-json\/wp\/v2\/pages\/460","targetHints":{"allow":["GET"]}}],"collection":[{"href":"https:\/\/dori-go.com\/index.php\/wp-json\/wp\/v2\/pages"}],"about":[{"href":"https:\/\/dori-go.com\/index.php\/wp-json\/wp\/v2\/types\/page"}],"author":[{"embeddable":true,"href":"https:\/\/dori-go.com\/index.php\/wp-json\/wp\/v2\/users\/1"}],"replies":[{"embeddable":true,"href":"https:\/\/dori-go.com\/index.php\/wp-json\/wp\/v2\/comments?post=460"}],"version-history":[{"count":63,"href":"https:\/\/dori-go.com\/index.php\/wp-json\/wp\/v2\/pages\/460\/revisions"}],"predecessor-version":[{"id":7076,"href":"https:\/\/dori-go.com\/index.php\/wp-json\/wp\/v2\/pages\/460\/revisions\/7076"}],"up":[{"embeddable":true,"href":"https:\/\/dori-go.com\/index.php\/wp-json\/wp\/v2\/pages\/21"}],"wp:attachment":[{"href":"https:\/\/dori-go.com\/index.php\/wp-json\/wp\/v2\/media?parent=460"}],"curies":[{"name":"wp","href":"https:\/\/api.w.org\/{rel}","templated":true}]}}