{"id":3348,"date":"2020-11-30T19:23:04","date_gmt":"2020-11-30T19:23:04","guid":{"rendered":"http:\/\/dori-go.com\/?page_id=3348"},"modified":"2021-01-06T17:39:39","modified_gmt":"2021-01-06T17:39:39","slug":"iris-zenegaglia","status":"publish","type":"page","link":"https:\/\/dori-go.com\/index.php\/en\/about\/iris-zenegaglia\/","title":{"rendered":"Iris Zenegaglia"},"content":{"rendered":"\t\t<div data-elementor-type=\"wp-page\" data-elementor-id=\"3348\" class=\"elementor elementor-3348\" data-elementor-post-type=\"page\">\n\t\t\t\t\t\t<section class=\"elementor-section elementor-top-section elementor-element elementor-element-1eeef132 elementor-section-stretched elementor-section-height-full elementor-section-content-middle elementor-section-full_width elementor-section-items-bottom elementor-section-height-default\" data-id=\"1eeef132\" data-element_type=\"section\" data-settings=\"{&quot;stretch_section&quot;:&quot;section-stretched&quot;,&quot;background_background&quot;:&quot;classic&quot;}\">\n\t\t\t\t\t\t<div class=\"elementor-container elementor-column-gap-no\">\n\t\t\t\t\t<div class=\"elementor-column elementor-col-100 elementor-top-column elementor-element elementor-element-57d8fa31\" data-id=\"57d8fa31\" data-element_type=\"column\" data-settings=\"{&quot;background_background&quot;:&quot;classic&quot;}\">\n\t\t\t<div class=\"elementor-widget-wrap elementor-element-populated\">\n\t\t\t\t\t\t<div class=\"elementor-element elementor-element-5eb761fb elementor-blockquote--skin-border elementor-blockquote--button-color-official elementor-widget elementor-widget-blockquote\" data-id=\"5eb761fb\" data-element_type=\"widget\" data-widget_type=\"blockquote.default\">\n\t\t\t\t\t\t\t<blockquote class=\"elementor-blockquote\">\n\t\t\t<p class=\"elementor-blockquote__content\">\n\t\t\t\tIch unterst\u00fctze Unternehmen bei der Entscheidungsfindung, bei der Effizienzsteigerung und bei Ver\u00e4nderungsprozessen. Mit meinen analytischen F\u00e4higkeiten bringe ich Struktur in Projekte und ordne Anforderungen, Applikationen, Gedanken, Menschen und Prozesse.\t\t\t<\/p>\n\t\t\t\t\t<\/blockquote>\n\t\t\t\t\t\t<\/div>\n\t\t\t\t\t<\/div>\n\t\t<\/div>\n\t\t\t\t\t<\/div>\n\t\t<\/section>\n\t\t\t\t<section class=\"elementor-section elementor-top-section elementor-element elementor-element-39152178 elementor-section-boxed elementor-section-height-default elementor-section-height-default\" data-id=\"39152178\" data-element_type=\"section\">\n\t\t\t\t\t\t<div class=\"elementor-container elementor-column-gap-default\">\n\t\t\t\t\t<div class=\"elementor-column elementor-col-66 elementor-top-column elementor-element elementor-element-6aef90d3\" data-id=\"6aef90d3\" data-element_type=\"column\">\n\t\t\t<div class=\"elementor-widget-wrap elementor-element-populated\">\n\t\t\t\t\t\t<div class=\"elementor-element elementor-element-69160094 elementor-widget elementor-widget-text-editor\" data-id=\"69160094\" data-element_type=\"widget\" data-widget_type=\"text-editor.default\">\n\t\t\t\t\t\t\t\t\t<h3 class=\"has-secondary-color has-text-color\"><strong>Lean Six Sigma, Change Management, Organisationsentwicklung<\/strong><\/h3><p>Seit \u00fcber 20 Jahren bewege ich mich in der Dienstleistungsindustrie und leite seit mehr als 15 Jahren Prozessoptimierungsprojekte (Lean Six Sigma), begleite Ver\u00e4nderungsprozesse (Change Management) und Organisationsentwicklung.<\/p><p>\u00a0<\/p><h3 class=\"has-secondary-color has-text-color\"><strong>Projektleiterin, Beraterin, Coach<\/strong><\/h3><p>Als Projektleiterin, Beraterin und Coach kann ich meine Kompetenzen vereinen; kann aus einem undurchsichtigen Wirrwarr von Gedanken, Prozessen, Anforderungen, Mitarbeitern und IT Applikationen Klarheit schaffen und geordnete Strukturen herstellen. Durch meine offene, neutrale und zuverl\u00e4ssige Pers\u00f6nlichkeit werde ich von Kollegen, Stakeholder und Kunden gesch\u00e4tzt und bin in der Lage durch meine analytischen F\u00e4higkeiten, Unternehmen bei der Entscheidungsfindung, in Ver\u00e4nderungsprozessen und bei der Steigerung der Effizienz in Arbeitsabl\u00e4ufen zu unterst\u00fctzen. Ich bin eine gute Zuh\u00f6rerin und kann Struktur in Gedanken und Ideen bringen. Es bereitet mit sehr viel Freude, Projekte in ihrer Umsetzung zu begleiten und mitzuerleben, wie etwas Neues entsteht. Es ist mir sehr wichtig, dass bei jeder Ver\u00e4nderung der Mensch im Mittelpunkt steht und die Ver\u00e4nderung durch die betroffenen Personen getragen wird. Nur so kann eine Organisation sich nachhaltig weiterentwickeln.<\/p><p>\u00a0<\/p><h3 class=\"has-secondary-color has-text-color\"><strong>Lebensweg<\/strong><\/h3><p>In meiner beruflichen Laufbahn habe ich schon vieles ausprobiert und lernen d\u00fcrfen \u2013 in der Berufslehre als Siebdruckerin war ich kreativ und handwerklich gefordert, im Spitalpraktikum waren meine sozialen Kompetenzen gefragt, als Kellnerin w\u00e4hrend dem Studium lernte ich schnell, was Kundenzufriedenheit bedeutet und bei der Bank entwickelte ich meine analytischen F\u00e4higkeiten \u00a0\u2013 was mich immer begleitet hat ist meine zielorientierte und strukturierte Arbeitsweise. Wahrscheinlich darum haben es mir schlussendlich Prozesse und Ver\u00e4nderungen angetan.<\/p>\t\t\t\t\t\t\t\t<\/div>\n\t\t\t\t\t<\/div>\n\t\t<\/div>\n\t\t\t\t<div class=\"elementor-column elementor-col-33 elementor-top-column elementor-element elementor-element-1716d0ac\" data-id=\"1716d0ac\" data-element_type=\"column\" data-settings=\"{&quot;background_background&quot;:&quot;classic&quot;}\">\n\t\t\t<div class=\"elementor-widget-wrap elementor-element-populated\">\n\t\t\t\t\t\t<div class=\"elementor-element elementor-element-1e1b6635 elementor-widget elementor-widget-heading\" data-id=\"1e1b6635\" data-element_type=\"widget\" data-widget_type=\"heading.default\">\n\t\t\t\t\t<h3 class=\"elementor-heading-title elementor-size-default\">Coach \/ Consultant<\/h3>\t\t\t\t<\/div>\n\t\t\t\t<div class=\"elementor-element elementor-element-7b8499cd elementor-widget elementor-widget-heading\" data-id=\"7b8499cd\" data-element_type=\"widget\" data-widget_type=\"heading.default\">\n\t\t\t\t\t<h2 class=\"elementor-heading-title elementor-size-default\">Contact<\/h2>\t\t\t\t<\/div>\n\t\t\t\t<div class=\"elementor-element elementor-element-797a364e elementor-widget elementor-widget-heading\" data-id=\"797a364e\" data-element_type=\"widget\" data-widget_type=\"heading.default\">\n\t\t\t\t\t<h3 class=\"elementor-heading-title elementor-size-default\">info@dori-go.com<br>+41 79 704 59 70<\/h3>\t\t\t\t<\/div>\n\t\t\t\t<div class=\"elementor-element elementor-element-27092a40 elementor-widget elementor-widget-heading\" data-id=\"27092a40\" data-element_type=\"widget\" data-widget_type=\"heading.default\">\n\t\t\t\t\t<h2 class=\"elementor-heading-title elementor-size-default\">Industry expertise<\/h2>\t\t\t\t<\/div>\n\t\t\t\t<div class=\"elementor-element elementor-element-497d956d elementor-widget elementor-widget-heading\" data-id=\"497d956d\" data-element_type=\"widget\" data-widget_type=\"heading.default\">\n\t\t\t\t\t<h3 class=\"elementor-heading-title elementor-size-default\">All Industries<\/h3>\t\t\t\t<\/div>\n\t\t\t\t<div class=\"elementor-element elementor-element-1e67dcee elementor-widget elementor-widget-heading\" data-id=\"1e67dcee\" data-element_type=\"widget\" data-widget_type=\"heading.default\">\n\t\t\t\t\t<h2 class=\"elementor-heading-title elementor-size-default\">Consulting expertise<\/h2>\t\t\t\t<\/div>\n\t\t\t\t<div class=\"elementor-element elementor-element-5d0f06a0 elementor-widget elementor-widget-heading\" data-id=\"5d0f06a0\" data-element_type=\"widget\" data-widget_type=\"heading.default\">\n\t\t\t\t\t<h3 class=\"elementor-heading-title elementor-size-default\">Change Management\n<br>Project- und Programm Management\n<br>Organisational Development\n<br>Bachelor of Business Administration FH\n<br>Lean Six Sigma Blackbelt \n<br>CAS Change Management and Organisational Development (ZHAW\/IAP)<\/h3>\t\t\t\t<\/div>\n\t\t\t\t\t<\/div>\n\t\t<\/div>\n\t\t\t\t\t<\/div>\n\t\t<\/section>\n\t\t\t\t<\/div>\n\t\t","protected":false},"excerpt":{"rendered":"<p>Ich unterst\u00fctze Unternehmen bei der Entscheidungsfindung, bei der Effizienzsteigerung und bei Ver\u00e4nderungsprozessen. Mit meinen analytischen F\u00e4higkeiten bringe ich Struktur in Projekte und ordne Anforderungen, Applikationen, Gedanken, Menschen und Prozesse. Lean Six Sigma, Change Management, Organisationsentwicklung Seit \u00fcber 20 Jahren bewege ich mich in der Dienstleistungsindustrie und leite seit mehr als 15 Jahren Prozessoptimierungsprojekte (Lean Six [&hellip;]<\/p>\n","protected":false},"author":5,"featured_media":0,"parent":2877,"menu_order":0,"comment_status":"closed","ping_status":"closed","template":"","meta":{"ocean_post_layout":"","ocean_both_sidebars_style":"","ocean_both_sidebars_content_width":0,"ocean_both_sidebars_sidebars_width":0,"ocean_sidebar":"0","ocean_second_sidebar":"0","ocean_disable_margins":"enable","ocean_add_body_class":"","ocean_shortcode_before_top_bar":"","ocean_shortcode_after_top_bar":"","ocean_shortcode_before_header":"","ocean_shortcode_after_header":"","ocean_has_shortcode":"","ocean_shortcode_after_title":"","ocean_shortcode_before_footer_widgets":"","ocean_shortcode_after_footer_widgets":"","ocean_shortcode_before_footer_bottom":"","ocean_shortcode_after_footer_bottom":"","ocean_display_top_bar":"default","ocean_display_header":"default","ocean_header_style":"","ocean_center_header_left_menu":"0","ocean_custom_header_template":"0","ocean_custom_logo":0,"ocean_custom_retina_logo":0,"ocean_custom_logo_max_width":0,"ocean_custom_logo_tablet_max_width":0,"ocean_custom_logo_mobile_max_width":0,"ocean_custom_logo_max_height":0,"ocean_custom_logo_tablet_max_height":0,"ocean_custom_logo_mobile_max_height":0,"ocean_header_custom_menu":"0","ocean_menu_typo_font_family":"0","ocean_menu_typo_font_subset":"","ocean_menu_typo_font_size":0,"ocean_menu_typo_font_size_tablet":0,"ocean_menu_typo_font_size_mobile":0,"ocean_menu_typo_font_size_unit":"px","ocean_menu_typo_font_weight":"","ocean_menu_typo_font_weight_tablet":"","ocean_menu_typo_font_weight_mobile":"","ocean_menu_typo_transform":"","ocean_menu_typo_transform_tablet":"","ocean_menu_typo_transform_mobile":"","ocean_menu_typo_line_height":0,"ocean_menu_typo_line_height_tablet":0,"ocean_menu_typo_line_height_mobile":0,"ocean_menu_typo_line_height_unit":"","ocean_menu_typo_spacing":0,"ocean_menu_typo_spacing_tablet":0,"ocean_menu_typo_spacing_mobile":0,"ocean_menu_typo_spacing_unit":"","ocean_menu_link_color":"","ocean_menu_link_color_hover":"","ocean_menu_link_color_active":"","ocean_menu_link_background":"","ocean_menu_link_hover_background":"","ocean_menu_link_active_background":"","ocean_menu_social_links_bg":"","ocean_menu_social_hover_links_bg":"","ocean_menu_social_links_color":"","ocean_menu_social_hover_links_color":"","ocean_disable_title":"default","ocean_disable_heading":"default","ocean_post_title":"","ocean_post_subheading":"","ocean_post_title_style":"","ocean_post_title_background_color":"","ocean_post_title_background":0,"ocean_post_title_bg_image_position":"","ocean_post_title_bg_image_attachment":"","ocean_post_title_bg_image_repeat":"","ocean_post_title_bg_image_size":"","ocean_post_title_height":0,"ocean_post_title_bg_overlay":0.5,"ocean_post_title_bg_overlay_color":"","ocean_disable_breadcrumbs":"default","ocean_breadcrumbs_color":"","ocean_breadcrumbs_separator_color":"","ocean_breadcrumbs_links_color":"","ocean_breadcrumbs_links_hover_color":"","ocean_display_footer_widgets":"default","ocean_display_footer_bottom":"default","ocean_custom_footer_template":"0","footnotes":""},"class_list":["post-3348","page","type-page","status-publish","hentry","entry"],"_links":{"self":[{"href":"https:\/\/dori-go.com\/index.php\/wp-json\/wp\/v2\/pages\/3348","targetHints":{"allow":["GET"]}}],"collection":[{"href":"https:\/\/dori-go.com\/index.php\/wp-json\/wp\/v2\/pages"}],"about":[{"href":"https:\/\/dori-go.com\/index.php\/wp-json\/wp\/v2\/types\/page"}],"author":[{"embeddable":true,"href":"https:\/\/dori-go.com\/index.php\/wp-json\/wp\/v2\/users\/5"}],"replies":[{"embeddable":true,"href":"https:\/\/dori-go.com\/index.php\/wp-json\/wp\/v2\/comments?post=3348"}],"version-history":[{"count":13,"href":"https:\/\/dori-go.com\/index.php\/wp-json\/wp\/v2\/pages\/3348\/revisions"}],"predecessor-version":[{"id":3814,"href":"https:\/\/dori-go.com\/index.php\/wp-json\/wp\/v2\/pages\/3348\/revisions\/3814"}],"up":[{"embeddable":true,"href":"https:\/\/dori-go.com\/index.php\/wp-json\/wp\/v2\/pages\/2877"}],"wp:attachment":[{"href":"https:\/\/dori-go.com\/index.php\/wp-json\/wp\/v2\/media?parent=3348"}],"curies":[{"name":"wp","href":"https:\/\/api.w.org\/{rel}","templated":true}]}}