{"id":326,"date":"2020-01-03T19:19:53","date_gmt":"2020-01-03T19:19:53","guid":{"rendered":"https:\/\/dorigo.7150.hostserv.eu\/?page_id=326"},"modified":"2022-01-18T19:46:23","modified_gmt":"2022-01-18T19:46:23","slug":"agbs","status":"publish","type":"page","link":"https:\/\/dori-go.com\/index.php\/agbs\/","title":{"rendered":"AGBs"},"content":{"rendered":"\t\t<div data-elementor-type=\"wp-page\" data-elementor-id=\"326\" class=\"elementor elementor-326\" data-elementor-post-type=\"page\">\n\t\t\t\t\t\t<section class=\"elementor-section elementor-top-section elementor-element elementor-element-518615c7 elementor-section-stretched elementor-section-height-min-height elementor-section-content-middle elementor-section-boxed elementor-section-height-default elementor-section-items-middle\" data-id=\"518615c7\" data-element_type=\"section\" data-settings=\"{&quot;stretch_section&quot;:&quot;section-stretched&quot;,&quot;background_background&quot;:&quot;classic&quot;}\">\n\t\t\t\t\t\t<div class=\"elementor-container elementor-column-gap-no\">\n\t\t\t\t\t<div class=\"elementor-column elementor-col-100 elementor-top-column elementor-element elementor-element-1e5e7525\" data-id=\"1e5e7525\" data-element_type=\"column\">\n\t\t\t<div class=\"elementor-widget-wrap elementor-element-populated\">\n\t\t\t\t\t\t<div class=\"elementor-element elementor-element-70ff857b elementor-widget elementor-widget-heading\" data-id=\"70ff857b\" data-element_type=\"widget\" data-widget_type=\"heading.default\">\n\t\t\t\t\t<h2 class=\"elementor-heading-title elementor-size-default\"><p>Allgemeine Gesch\u00e4ftsbedingungen<span style=\"font-size: 37px;font-weight: 600\"><\/span><\/p><\/h2>\t\t\t\t<\/div>\n\t\t\t\t\t<\/div>\n\t\t<\/div>\n\t\t\t\t\t<\/div>\n\t\t<\/section>\n\t\t\t\t<section class=\"elementor-section elementor-top-section elementor-element elementor-element-6855c70d elementor-section-boxed elementor-section-height-default elementor-section-height-default\" data-id=\"6855c70d\" data-element_type=\"section\">\n\t\t\t\t\t\t<div class=\"elementor-container elementor-column-gap-no\">\n\t\t\t\t\t<div class=\"elementor-column elementor-col-100 elementor-top-column elementor-element elementor-element-17e672e7\" data-id=\"17e672e7\" data-element_type=\"column\">\n\t\t\t<div class=\"elementor-widget-wrap elementor-element-populated\">\n\t\t\t\t\t\t<div class=\"elementor-element elementor-element-3e3e56dd elementor-widget__width-initial elementor-widget elementor-widget-text-editor\" data-id=\"3e3e56dd\" data-element_type=\"widget\" data-widget_type=\"text-editor.default\">\n\t\t\t\t\t\t\t\t\t<p><\/p>\n<h4 style=\"font-size: 16px; margin-top: 1.33em; margin-bottom: 0px; margin-left: 20px; padding-left: 20px; color: #777776; font-family: 'Source Sans Pro', sans-serif; font-style: normal; font-variant-ligatures: normal; font-variant-caps: normal; letter-spacing: 0.16px;\">Rechtliche Hinweise<\/h4>\n<p style=\"margin-top: 1em; margin-bottom: 1em; padding-left: 40px; color: #777776; font-family: 'Source Sans Pro', sans-serif; font-size: 16px; font-style: normal; font-variant-ligatures: normal; font-variant-caps: normal; font-weight: 400; letter-spacing: 0.16px;\">Der Betreiber dieser Seite \u00fcbernimmt keine Haftung f\u00fcr Fehlfunktionen des Internets, Sch\u00e4den durch Dritte, importierte Daten aller Art sowie f\u00fcr Links von und zu anderen Webseiten.<\/p>\n<p style=\"margin-top: 1em; margin-bottom: 1em; padding-left: 40px; color: #777776; font-family: 'Source Sans Pro', sans-serif; font-size: 16px; font-style: normal; font-variant-ligatures: normal; font-variant-caps: normal; font-weight: 400; letter-spacing: 0.16px;\">Wir weisen darauf hin, dass die Daten\u00fcbertragung im Internet (z.B. bei der Kommunikation per E-Mail) Sicherheitsl\u00fccken aufweisen kann. Ein l\u00fcckenloser Schutz der Daten vor dem Zugriff durch Dritte ist nicht m\u00f6glich.<\/p>\n<p style=\"margin-top: 1em; margin-bottom: 1em; padding-left: 40px; color: #777776; font-family: 'Source Sans Pro', sans-serif; font-size: 16px; font-style: normal; font-variant-ligatures: normal; font-variant-caps: normal; font-weight: 400; letter-spacing: 0.16px;\">Wir weisen darauf hin, dass diese Seite technische Ungenauigkeiten oder typographische Fehler enthalten kann.<\/p>\n<p style=\"margin-top: 1em; margin-bottom: 1em; padding-left: 40px; color: #777776; font-family: 'Source Sans Pro', sans-serif; font-size: 16px; font-style: normal; font-variant-ligatures: normal; font-variant-caps: normal; font-weight: 400; letter-spacing: 0.16px;\">Wir behalten uns vor, die Informationen auf dieser Site jederzeit und ohne vorherige Ank\u00fcndigung zu \u00e4ndern oder zu aktualisieren.<\/p>\n<p style=\"margin-top: 1em; margin-bottom: 1em; padding-left: 40px; color: #777776; font-family: 'Source Sans Pro', sans-serif; font-size: 16px; font-style: normal; font-variant-ligatures: normal; font-variant-caps: normal; font-weight: 400; letter-spacing: 0.16px;\">In keinem Fall haftet der Betreiber Ihnen oder Dritten gegen\u00fcber f\u00fcr irgendwelche direkten, indirekten, speziellen oder sonstigen Folgesch\u00e4den, die sich aus der Nutzung dieser oder einer damit verlinkten Website ergeben. Ausgeschlossen ist auch jegliche Haftung f\u00fcr entgangenen Gewinn, Betriebsunterbrechung, Verlust von Programmen oder sonstigen Daten in Ihren Informationssystemen. Dies gilt auch dann, wenn wir ausdr\u00fccklich auf die M\u00f6glichkeit solcher Sch\u00e4den hingewiesen werden.<\/p>\n<p><\/p>\n<h4 style=\"font-size: 16px; margin-top: 1.33em; margin-bottom: 0px; margin-left: 20px; padding-left: 20px; color: #777776; font-family: 'Source Sans Pro', sans-serif; font-style: normal; font-variant-ligatures: normal; font-variant-caps: normal; letter-spacing: 0.16px;\">Datenschutz&nbsp;<strong>(internationale Richtlinie)<\/strong><\/h4>\n<p style=\"margin-top: 1em; margin-bottom: 1em; padding-left: 40px; color: #777776; font-family: 'Source Sans Pro', sans-serif; font-size: 16px; font-style: normal; font-variant-ligatures: normal; font-variant-caps: normal; font-weight: 400; letter-spacing: 0.16px;\">Die Dorigo AG verpflichtet sich, die Privatsph\u00e4re der Benutzer zu sch\u00fctzen. Die Dorigo AG versichert, dass die Informationen, welche vom Benutzer \u00fcber die Schweizer und internationalen Websites auf der Dorigo AG geschickt werden, vertraulich behandelt werden und nur f\u00fcr die nachfolgenden, in dieser Richtlinie aufgef\u00fchrten Zwecke verwendet werden. Die Informationen, welche erhoben und genutzt werden, umfassen den Namen, die E-Mail-Adresse und den Lebenslauf des Benutzers. Diese Daten werden von der Dorigo AG f\u00fcr folgende Zwecke verwendet:<\/p>\n<ul style=\"margin-top: 1em; margin-bottom: 1em; margin-left: 0px; padding-left: 40px; color: #777776; font-family: 'Source Sans Pro', sans-serif; font-size: 16px; font-style: normal; font-variant-ligatures: normal; font-variant-caps: normal; font-weight: 400; letter-spacing: 0.16px;\">\n<li>f\u00fcr die Suche von Stellenangeboten, die sich mit dem Profil der Benutzer bestm\u00f6glich decken<\/li>\n<li>f\u00fcr Informationszwecke betreffend Dienstleistungen der Dorigo AG, sowie f\u00fcr Informationen zu Neuigkeiten und zuk\u00fcnftigen Entwicklungen auf dem vom jeweiligen Benutzer angegebenen Berufsfeld<\/li>\n<li>f\u00fcr Anpassungen der Websites an die Bed\u00fcrfnisse der Benutzer<\/li>\n<li>f\u00fcr die Erstellung von Lohn- und anderen Erhebungen der Benutzer<\/li>\n<\/ul>\n<p style=\"margin-top: 1em; margin-bottom: 1em; padding-left: 40px; color: #777776; font-family: 'Source Sans Pro', sans-serif; font-size: 16px; font-style: normal; font-variant-ligatures: normal; font-variant-caps: normal; font-weight: 400; letter-spacing: 0.16px;\"><strong>Bekanntgabe von Daten:<\/strong><\/p>\n<p style=\"margin-top: 1em; margin-bottom: 1em; padding-left: 40px; color: #777776; font-family: 'Source Sans Pro', sans-serif; font-size: 16px; font-style: normal; font-variant-ligatures: normal; font-variant-caps: normal; font-weight: 400; letter-spacing: 0.16px;\">Die Dorigo AG gibt Daten von Benutzern nur weiter, wenn dies f\u00fcr die Recruitment-Dienstleistungen notwendig ist. Es ist nicht ausgeschlossen, dass die Dorigo AG mit anderen Unternehmen fusioniert oder von anderen Unternehmen \u00fcbernommen wird. In diesem Fall k\u00f6nnen die Daten mit den neuen Eigent\u00fcmern und deren Beratern geteilt werden. Diesfalls wird der Benutzer unverz\u00fcglich benachrichtigt.<br>Der Lebenslauf und die dazugeh\u00f6rigen Informationen werden nur mit der Zustimmung des Ben\u00fctzers an potenzielle Arbeitgeber weitergegeben. Solche potenzielle Arbeitgeber k\u00f6nnen sowohl innerhalb als auch ausserhalb des Europ\u00e4ischen Wirtschaftsraums (EWR) domiziliert sein. Falls n\u00f6tig, ist die Dorigo AG berechtigt und verpflichtet, Informationen \u00fcber Benutzer an die Beh\u00f6rden oder Strafverfolgungsbeh\u00f6rden weiter zu geben. Die Dorigo AG beh\u00e4lt sich das Recht vor, die eingereichten Informationen der Benutzer f\u00fcr den Betrieb und die Dienstleistungen der Personalagentur von Dorigo AG den Beratern und an andere Personen offen zu legen. Die Dorigo AG \u00fcbertr\u00e4gt den f\u00fcr die Dienstleistungserbringung beigezogenen Drittpersonen dieselben Vertraulichkeitspflichten, wie sie gem\u00e4ss dieser Richtline gelten.<\/p>\n<p style=\"margin-top: 1em; margin-bottom: 1em; padding-left: 40px; color: #777776; font-family: 'Source Sans Pro', sans-serif; font-size: 16px; font-style: normal; font-variant-ligatures: normal; font-variant-caps: normal; font-weight: 400; letter-spacing: 0.16px;\"><strong>Lebenslauf:<\/strong><\/p>\n<p style=\"margin-top: 1em; margin-bottom: 1em; padding-left: 40px; color: #777776; font-family: 'Source Sans Pro', sans-serif; font-size: 16px; font-style: normal; font-variant-ligatures: normal; font-variant-caps: normal; font-weight: 400; letter-spacing: 0.16px;\">Die Dorigo AG gibt dem Benutzer die M\u00f6glichkeit, den Lebenslauf \u00fcber diese Website einzureichen. Dies kann entweder f\u00fcr eine bestimmte, ausgeschriebene Stelle gemacht werden, oder die Unterlagen k\u00f6nnen an die Recruitment-Berater der Dorigo AG geschickt werden, welche diese im Hinblick auf neue Stellenausschreibungen ber\u00fccksichtigen. Auch wenn der Lebenslauf online (auf dem Server) gespeichert wird, ist dieser nur f\u00fcr Recruitment-Berater der Dorigo AG zug\u00e4nglich, dies jedoch unabh\u00e4ngig davon, ob der Recruitment-Berater innerhalb oder ausserhalb des EWR arbeitet. Der Lebenslauf wird zudem per E-Mail direkt an die jeweiligen Berater der Dorigo AG geschickt, welche den Lebenslauf \u00fcberpr\u00fcfen und auf der zentralen Datenbank ablegen. Auf diese Datenbank k\u00f6nnen alle Recruitment-Berater der Dorigo AG zugreifen. Dies unabh\u00e4ngig davon, ob diese innerhalb oder ausserhalb des EWR arbeiten. Der Lebenslauf kann jederzeit aktualisiert werden. Dazu wird gleich vorgegangen wie zur Einreichung eines neuen Lebenslaufes. Der alte Lebenslauf wird automatisch ersetzt.<\/p>\n<p style=\"margin-top: 1em; margin-bottom: 1em; padding-left: 40px; color: #777776; font-family: 'Source Sans Pro', sans-serif; font-size: 16px; font-style: normal; font-variant-ligatures: normal; font-variant-caps: normal; font-weight: 400; letter-spacing: 0.16px;\"><strong>Benutzung der Website:<\/strong><\/p>\n<p style=\"margin-top: 1em; margin-bottom: 1em; padding-left: 40px; color: #777776; font-family: 'Source Sans Pro', sans-serif; font-size: 16px; font-style: normal; font-variant-ligatures: normal; font-variant-caps: normal; font-weight: 400; letter-spacing: 0.16px;\">Die Dorigo AG speichert Informationen \u00fcber die Benutzer der Dorigo AG Website. Diese sich daraus ergebenden Statistiken geben z.B. Auskunft \u00fcber die Bereiche und Funktionen, welche von den Benutzern am h\u00e4ufigsten verwendet werden. Dazu werden jedoch nur Daten in anonymer und zusammengefasster Form erhoben. Diese Informationen werden erhoben, um herauszufinden, was den Benutzern der Website den gr\u00f6ssten Nutzen bringt und wie kontinuierlich Verbesserungen gemacht werden k\u00f6nnen um die Online-Dienste an die Bed\u00fcrfnisse der Benutzer anzupassen. Solche Informationen k\u00f6nnen auf den Dorigo AG Websites ver\u00f6ffentlicht werden. Dazu erkl\u00e4rt sich der Benutzer dieser Website ausdr\u00fccklich einverstanden.<\/p>\n<p style=\"margin-top: 1em; margin-bottom: 1em; padding-left: 40px; color: #777776; font-family: 'Source Sans Pro', sans-serif; font-size: 16px; font-style: normal; font-variant-ligatures: normal; font-variant-caps: normal; font-weight: 400; letter-spacing: 0.16px;\"><strong>Verwendung von Cookies:<\/strong><\/p>\n<p style=\"margin-top: 1em; margin-bottom: 1em; padding-left: 40px; color: #777776; font-family: 'Source Sans Pro', sans-serif; font-size: 16px; font-style: normal; font-variant-ligatures: normal; font-variant-caps: normal; font-weight: 400; letter-spacing: 0.16px;\">Beim Besuch der Dorigo AG Website werden sog. Cookies erstellt. Ein Cookie ist eine kleine Datei, die von einem Web-Server an einen Web-Browser gesendet wird, wenn der Browser den Server besucht. Dies geschieht auf anonymer Basis. Es werden keine Personen identifiziert. Auf der Website der Dorigo AG werden Cookies eingesetzt, damit der Login gespeichert bleibt, um den Datenverkehr zu \u00fcberwachen, um Daten zu speichern welche der Benutzer in der jeweiligen Sitzung eingegeben hat, so zum Beispiel der letzte Suchauftrag der ausgef\u00fchrt wurde. Mit den meisten Browsern k\u00f6nnen Cookies ausgeschaltet werden. Sind Cookies ausgeschaltet, beschr\u00e4nkt dies jedoch die Funktionen der Dorigo AG Website. F\u00fcr weitere Anweisungen wird auf das Hilfe-Menu des jeweiligen Browsers verwiesen.<\/p>\n<p style=\"margin-top: 1em; margin-bottom: 1em; padding-left: 40px; color: #777776; font-family: 'Source Sans Pro', sans-serif; font-size: 16px; font-style: normal; font-variant-ligatures: normal; font-variant-caps: normal; font-weight: 400; letter-spacing: 0.16px;\">Diese Website benutzt Google Analytics, einen Webanalysedienst der Google Inc. (\u00abGoogle\u00bb). Google Analytics verwendet sog. \u00abCookies\u00bb, Textdateien, die auf Ihrem Computer gespeichert werden und die eine Analyse der Benutzung der Website durch Sie erm\u00f6glichen. Die durch den Cookie erzeugten Informationen \u00fcber Ihre Benutzung dieser Website (einschlie\u00dflich Ihrer IP-Adresse) wird an einen Server von Google in den USA \u00fcbertragen und dort gespeichert. Google wird diese Informationen benutzen, um Ihre Nutzung der Website auszuwerten, um Reports \u00fcber die Websiteaktivit\u00e4ten f\u00fcr die Websitebetreiber zusammenzustellen und um weitere mit der Websitenutzung und der Internetnutzung verbundene Dienstleistungen zu erbringen. Auch wird Google diese Informationen gegebenenfalls an Dritte \u00fcbertragen, sofern dies gesetzlich vorgeschrieben oder soweit Dritte diese Daten im Auftrag von Google verarbeiten. Google wird in keinem Fall Ihre IP-Adresse mit anderen Daten von Google in Verbindung bringen. Sie k\u00f6nnen die Installation der Cookies durch eine entsprechende Einstellung Ihrer Browser Software verhindern; wir weisen Sie jedoch darauf hin, dass Sie in diesem Fall gegebenenfalls nicht s\u00e4mtliche Funktionen dieser Website vollumf\u00e4nglich nutzen k\u00f6nnen. Durch die Nutzung dieser Website erkl\u00e4ren Sie sich mit der Bearbeitung der \u00fcber Sie erhobenen Daten durch Google in der zuvor beschriebenen Art und Weise und zu dem zuvor benannten Zweck einverstanden.<\/p>\n<p style=\"margin-top: 1em; margin-bottom: 1em; padding-left: 40px; color: #777776; font-family: 'Source Sans Pro', sans-serif; font-size: 16px; font-style: normal; font-variant-ligatures: normal; font-variant-caps: normal; font-weight: 400; letter-spacing: 0.16px;\"><strong>Einsichtsrecht:<\/strong><\/p>\n<p style=\"margin-top: 1em; margin-bottom: 1em; padding-left: 40px; color: #777776; font-family: 'Source Sans Pro', sans-serif; font-size: 16px; font-style: normal; font-variant-ligatures: normal; font-variant-caps: normal; font-weight: 400; letter-spacing: 0.16px;\">Der Benutzer hat jederzeit das Recht, eine Kopie der Informationen zu erhalten, welche er bei Dorigo AG eingereicht hat. Dorigo AG ist berechtigt, f\u00fcr diese Leistung eine administrative Geb\u00fchr zu erheben. Der Benutzer hat auch das Recht, die Dorigo AG anzuweisen, die weitere Verwendung seiner Daten zu unterlassen.<\/p>\n<p style=\"margin-top: 1em; margin-bottom: 1em; padding-left: 40px; color: #777776; font-family: 'Source Sans Pro', sans-serif; font-size: 16px; font-style: normal; font-variant-ligatures: normal; font-variant-caps: normal; font-weight: 400; letter-spacing: 0.16px;\"><strong>Andere Websites:<\/strong><\/p>\n<p style=\"margin-top: 1em; margin-bottom: 1em; padding-left: 40px; color: #777776; font-family: 'Source Sans Pro', sans-serif; font-size: 16px; font-style: normal; font-variant-ligatures: normal; font-variant-caps: normal; font-weight: 400; letter-spacing: 0.16px;\">Werden Links und Werbeanzeigen angeklickt, kann der Benutzer auf eine andere Website geleitet werden. Es sei darauf aufmerksam gemacht, dass auf diesen Websites andere Datenschutzrichtlinien gelten k\u00f6nnen. Besuchern dieser Websites wird empfohlen, die dort geltenden Datenschutzrichtlinien zu lesen. Die Dorigo AG ist nicht daf\u00fcr verantwortlich und hat keine Kontrolle \u00fcber Informationen, welche auf diesen Websites \u00fcbertragen oder von Dritten gesammelt werden.<\/p>\n<p style=\"margin-top: 1em; margin-bottom: 1em; padding-left: 40px; color: #777776; font-family: 'Source Sans Pro', sans-serif; font-size: 16px; font-style: normal; font-variant-ligatures: normal; font-variant-caps: normal; font-weight: 400; letter-spacing: 0.16px;\"><strong>\u00c4nderungen der Datenschutzbestimmungen:<\/strong><\/p>\n<p style=\"margin-top: 1em; margin-bottom: 1em; padding-left: 40px; color: #777776; font-family: 'Source Sans Pro', sans-serif; font-size: 16px; font-style: normal; font-variant-ligatures: normal; font-variant-caps: normal; font-weight: 400; letter-spacing: 0.16px;\">Diese Datenschutzbestimmungen k\u00f6nnen von der Dorigo AG jederzeit ge\u00e4ndert werden. Zuk\u00fcnftige \u00c4nderungen dieser Datenschutzbestimmungen werden stets in diesem Dokument vorgenommen. Damit hat der Benutzer jederzeit volle Kenntnis der geltenden Datenschutzbestimmungen.<br>Alle Benutzer der Websites von Dorigo AG haben die vorliegende Datenschutzrichtlinie zur Kenntnis genommen und erkl\u00e4ren sich mit den in dieser Richtlinie definierten Grunds\u00e4tzen, insbesondere der Bearbeitung und Speicherung von Personendaten, ausdr\u00fccklich einverstanden.<\/p>\t\t\t\t\t\t\t\t<\/div>\n\t\t\t\t\t<\/div>\n\t\t<\/div>\n\t\t\t\t\t<\/div>\n\t\t<\/section>\n\t\t\t\t<\/div>\n\t\t","protected":false},"excerpt":{"rendered":"<p>Allgemeine Gesch\u00e4ftsbedingungen Rechtliche Hinweise Der Betreiber dieser Seite \u00fcbernimmt keine Haftung f\u00fcr Fehlfunktionen des Internets, Sch\u00e4den durch Dritte, importierte Daten aller Art sowie f\u00fcr Links von und zu anderen Webseiten. Wir weisen darauf hin, dass die Daten\u00fcbertragung im Internet (z.B. bei der Kommunikation per E-Mail) Sicherheitsl\u00fccken aufweisen kann. Ein l\u00fcckenloser Schutz der Daten vor dem [&hellip;]<\/p>\n","protected":false},"author":1,"featured_media":0,"parent":0,"menu_order":0,"comment_status":"closed","ping_status":"closed","template":"","meta":{"ocean_post_layout":"","ocean_both_sidebars_style":"","ocean_both_sidebars_content_width":0,"ocean_both_sidebars_sidebars_width":0,"ocean_sidebar":"0","ocean_second_sidebar":"0","ocean_disable_margins":"enable","ocean_add_body_class":"","ocean_shortcode_before_top_bar":"","ocean_shortcode_after_top_bar":"","ocean_shortcode_before_header":"","ocean_shortcode_after_header":"","ocean_has_shortcode":"","ocean_shortcode_after_title":"","ocean_shortcode_before_footer_widgets":"","ocean_shortcode_after_footer_widgets":"","ocean_shortcode_before_footer_bottom":"","ocean_shortcode_after_footer_bottom":"","ocean_display_top_bar":"default","ocean_display_header":"default","ocean_header_style":"","ocean_center_header_left_menu":"0","ocean_custom_header_template":"0","ocean_custom_logo":0,"ocean_custom_retina_logo":0,"ocean_custom_logo_max_width":0,"ocean_custom_logo_tablet_max_width":0,"ocean_custom_logo_mobile_max_width":0,"ocean_custom_logo_max_height":0,"ocean_custom_logo_tablet_max_height":0,"ocean_custom_logo_mobile_max_height":0,"ocean_header_custom_menu":"0","ocean_menu_typo_font_family":"0","ocean_menu_typo_font_subset":"","ocean_menu_typo_font_size":0,"ocean_menu_typo_font_size_tablet":0,"ocean_menu_typo_font_size_mobile":0,"ocean_menu_typo_font_size_unit":"px","ocean_menu_typo_font_weight":"","ocean_menu_typo_font_weight_tablet":"","ocean_menu_typo_font_weight_mobile":"","ocean_menu_typo_transform":"","ocean_menu_typo_transform_tablet":"","ocean_menu_typo_transform_mobile":"","ocean_menu_typo_line_height":0,"ocean_menu_typo_line_height_tablet":0,"ocean_menu_typo_line_height_mobile":0,"ocean_menu_typo_line_height_unit":"","ocean_menu_typo_spacing":0,"ocean_menu_typo_spacing_tablet":0,"ocean_menu_typo_spacing_mobile":0,"ocean_menu_typo_spacing_unit":"","ocean_menu_link_color":"","ocean_menu_link_color_hover":"","ocean_menu_link_color_active":"","ocean_menu_link_background":"","ocean_menu_link_hover_background":"","ocean_menu_link_active_background":"","ocean_menu_social_links_bg":"","ocean_menu_social_hover_links_bg":"","ocean_menu_social_links_color":"","ocean_menu_social_hover_links_color":"","ocean_disable_title":"default","ocean_disable_heading":"default","ocean_post_title":"","ocean_post_subheading":"","ocean_post_title_style":"","ocean_post_title_background_color":"","ocean_post_title_background":0,"ocean_post_title_bg_image_position":"","ocean_post_title_bg_image_attachment":"","ocean_post_title_bg_image_repeat":"","ocean_post_title_bg_image_size":"","ocean_post_title_height":0,"ocean_post_title_bg_overlay":0.5,"ocean_post_title_bg_overlay_color":"","ocean_disable_breadcrumbs":"default","ocean_breadcrumbs_color":"","ocean_breadcrumbs_separator_color":"","ocean_breadcrumbs_links_color":"","ocean_breadcrumbs_links_hover_color":"","ocean_display_footer_widgets":"default","ocean_display_footer_bottom":"default","ocean_custom_footer_template":"0","footnotes":""},"class_list":["post-326","page","type-page","status-publish","hentry","entry"],"_links":{"self":[{"href":"https:\/\/dori-go.com\/index.php\/wp-json\/wp\/v2\/pages\/326","targetHints":{"allow":["GET"]}}],"collection":[{"href":"https:\/\/dori-go.com\/index.php\/wp-json\/wp\/v2\/pages"}],"about":[{"href":"https:\/\/dori-go.com\/index.php\/wp-json\/wp\/v2\/types\/page"}],"author":[{"embeddable":true,"href":"https:\/\/dori-go.com\/index.php\/wp-json\/wp\/v2\/users\/1"}],"replies":[{"embeddable":true,"href":"https:\/\/dori-go.com\/index.php\/wp-json\/wp\/v2\/comments?post=326"}],"version-history":[{"count":5,"href":"https:\/\/dori-go.com\/index.php\/wp-json\/wp\/v2\/pages\/326\/revisions"}],"predecessor-version":[{"id":5322,"href":"https:\/\/dori-go.com\/index.php\/wp-json\/wp\/v2\/pages\/326\/revisions\/5322"}],"wp:attachment":[{"href":"https:\/\/dori-go.com\/index.php\/wp-json\/wp\/v2\/media?parent=326"}],"curies":[{"name":"wp","href":"https:\/\/api.w.org\/{rel}","templated":true}]}}