{"id":2746,"date":"2020-11-26T19:59:14","date_gmt":"2020-11-26T19:59:14","guid":{"rendered":"http:\/\/dori-go.com\/?page_id=2746"},"modified":"2020-12-10T21:27:25","modified_gmt":"2020-12-10T21:27:25","slug":"stefan-fritz","status":"publish","type":"page","link":"https:\/\/dori-go.com\/index.php\/unternehmen\/stefan-fritz\/","title":{"rendered":"Stefan Fritz"},"content":{"rendered":"\t\t<div data-elementor-type=\"wp-page\" data-elementor-id=\"2746\" class=\"elementor elementor-2746\" data-elementor-post-type=\"page\">\n\t\t\t\t\t\t<section class=\"elementor-section elementor-top-section elementor-element elementor-element-2e69b39d elementor-section-stretched elementor-section-height-full elementor-section-content-middle elementor-section-full_width elementor-section-items-bottom elementor-section-height-default\" data-id=\"2e69b39d\" data-element_type=\"section\" data-settings=\"{&quot;stretch_section&quot;:&quot;section-stretched&quot;,&quot;background_background&quot;:&quot;classic&quot;}\">\n\t\t\t\t\t\t<div class=\"elementor-container elementor-column-gap-no\">\n\t\t\t\t\t<div class=\"elementor-column elementor-col-100 elementor-top-column elementor-element elementor-element-1cf24d57\" data-id=\"1cf24d57\" data-element_type=\"column\" data-settings=\"{&quot;background_background&quot;:&quot;classic&quot;}\">\n\t\t\t<div class=\"elementor-widget-wrap elementor-element-populated\">\n\t\t\t\t\t\t<div class=\"elementor-element elementor-element-5f6149f1 elementor-blockquote--skin-border elementor-blockquote--button-color-official elementor-widget elementor-widget-blockquote\" data-id=\"5f6149f1\" data-element_type=\"widget\" data-widget_type=\"blockquote.default\">\n\t\t\t\t\t\t\t<blockquote class=\"elementor-blockquote\">\n\t\t\t<p class=\"elementor-blockquote__content\">\n\t\t\t\tMission Statement\t\t\t<\/p>\n\t\t\t\t\t<\/blockquote>\n\t\t\t\t\t\t<\/div>\n\t\t\t\t\t<\/div>\n\t\t<\/div>\n\t\t\t\t\t<\/div>\n\t\t<\/section>\n\t\t\t\t<section class=\"elementor-section elementor-top-section elementor-element elementor-element-17f611e4 elementor-section-boxed elementor-section-height-default elementor-section-height-default\" data-id=\"17f611e4\" data-element_type=\"section\">\n\t\t\t\t\t\t<div class=\"elementor-container elementor-column-gap-default\">\n\t\t\t\t\t<div class=\"elementor-column elementor-col-66 elementor-top-column elementor-element elementor-element-44571a3c\" data-id=\"44571a3c\" data-element_type=\"column\">\n\t\t\t<div class=\"elementor-widget-wrap elementor-element-populated\">\n\t\t\t\t\t\t<div class=\"elementor-element elementor-element-7991059b elementor-widget elementor-widget-text-editor\" data-id=\"7991059b\" data-element_type=\"widget\" data-widget_type=\"text-editor.default\">\n\t\t\t\t\t\t\t\t\t<p><strong>Aus- und Weiterbildung<\/strong><\/p><ul><li>Studium Landschaftsarchitektur HTL, Rapperswil<\/li><li>SIU, Schweiz. Institut f\u00fcr Unternehmerschulung im Gewerbe<\/li><li>Weiterbildungen am Institut f\u00fcr Familienunternehmen der Universit\u00e4t St. Gallen<\/li><li>Milit\u00e4rische Ausbildungen, vom Grenadier zum Kompaniekommandanten<\/li><\/ul><p>\u00a0<\/p><p><strong>Erfahrung<\/strong><\/p><ul><li>Gr\u00fcndung und Aufbau von KMU<\/li><li>Unternehmensentwicklung<\/li><li>Unternehmensf\u00fchrung<\/li><li>Fachliche Expertisen f\u00fcr Gerichte, Beh\u00f6rden und Generalunternehmer<\/li><li>Kauf und Verkauf von KMU<\/li><li>Operative Integration eines KMU in ein b\u00f6rsenkotiertes Grossunternehmen<\/li><li>Produktentwicklungen<\/li><li>Patentierungen und Lizenzvergaben<\/li><\/ul><p>\u00a0<\/p><p><strong>Bisherige Funktionen<\/strong><\/p><ul><li>General Manager ISS Gartenbau AG Schweiz<\/li><li>Inhaber + Gesch\u00e4ftsf\u00fchrer der Firmengruppe E. Fritz AG (Landschaftsarchitektur, Garten- und Sportplatzbau, 185 Mitarbeiter)<\/li><li>Mitbegr\u00fcnder und Mitinhaber des B\u00fcros Fahrni und Fritz Landschaftsarchitekten<\/li><\/ul><p>\u00a0<\/p><p><strong>Dienstleistungs-Schwerpunkte<\/strong><\/p><ul><li>Strategieentwicklungen und Umsetzungen f\u00fcr Familienunternehmen, Unternehmerinnen und Unternehmer sowie deren Familien<\/li><li>Strategie\u00fcberpr\u00fcfungen und -anpassungen<\/li><li>Coaching von Firmeninhabern und F\u00fchrungskr\u00e4ften<\/li><li>Beratung bei Nachfolgeregelungen<\/li><\/ul>\t\t\t\t\t\t\t\t<\/div>\n\t\t\t\t\t<\/div>\n\t\t<\/div>\n\t\t\t\t<div class=\"elementor-column elementor-col-33 elementor-top-column elementor-element elementor-element-6771f088\" data-id=\"6771f088\" data-element_type=\"column\" data-settings=\"{&quot;background_background&quot;:&quot;classic&quot;}\">\n\t\t\t<div class=\"elementor-widget-wrap elementor-element-populated\">\n\t\t\t\t\t\t<div class=\"elementor-element elementor-element-29ce051f elementor-widget elementor-widget-heading\" data-id=\"29ce051f\" data-element_type=\"widget\" data-widget_type=\"heading.default\">\n\t\t\t\t\t<h3 class=\"elementor-heading-title elementor-size-default\">Coach \/ Consultant<\/h3>\t\t\t\t<\/div>\n\t\t\t\t<div class=\"elementor-element elementor-element-4f564963 elementor-widget elementor-widget-heading\" data-id=\"4f564963\" data-element_type=\"widget\" data-widget_type=\"heading.default\">\n\t\t\t\t\t<h2 class=\"elementor-heading-title elementor-size-default\">Kontakt<\/h2>\t\t\t\t<\/div>\n\t\t\t\t<div class=\"elementor-element elementor-element-17a2ce78 elementor-widget elementor-widget-heading\" data-id=\"17a2ce78\" data-element_type=\"widget\" data-widget_type=\"heading.default\">\n\t\t\t\t\t<h3 class=\"elementor-heading-title elementor-size-default\">info@dori-go.com<br>+41 78 848 44 44<\/h3>\t\t\t\t<\/div>\n\t\t\t\t<div class=\"elementor-element elementor-element-6a4e7ce1 elementor-widget elementor-widget-heading\" data-id=\"6a4e7ce1\" data-element_type=\"widget\" data-widget_type=\"heading.default\">\n\t\t\t\t\t<h2 class=\"elementor-heading-title elementor-size-default\">Branchenkompetenz<\/h2>\t\t\t\t<\/div>\n\t\t\t\t<div class=\"elementor-element elementor-element-1acd473d elementor-widget elementor-widget-heading\" data-id=\"1acd473d\" data-element_type=\"widget\" data-widget_type=\"heading.default\">\n\t\t\t\t\t<h3 class=\"elementor-heading-title elementor-size-default\">Alle Branchen<\/h3>\t\t\t\t<\/div>\n\t\t\t\t<div class=\"elementor-element elementor-element-b4efe73 elementor-widget elementor-widget-heading\" data-id=\"b4efe73\" data-element_type=\"widget\" data-widget_type=\"heading.default\">\n\t\t\t\t\t<h2 class=\"elementor-heading-title elementor-size-default\">Beratungskompetenz<\/h2>\t\t\t\t<\/div>\n\t\t\t\t<div class=\"elementor-element elementor-element-31cb5ba1 elementor-widget elementor-widget-heading\" data-id=\"31cb5ba1\" data-element_type=\"widget\" data-widget_type=\"heading.default\">\n\t\t\t\t\t<h3 class=\"elementor-heading-title elementor-size-default\">Strategie-Entwicklung\/ -Umsetzung<br>Strategie-\u00dcberpr\u00fcfung und -Anpassung<br>Coaching von Firmeninhabern<br>Coaching von F\u00fchrungskr\u00e4ften<br>Beratung bei Nachfolgeregelungen<\/h3>\t\t\t\t<\/div>\n\t\t\t\t\t<\/div>\n\t\t<\/div>\n\t\t\t\t\t<\/div>\n\t\t<\/section>\n\t\t\t\t<\/div>\n\t\t","protected":false},"excerpt":{"rendered":"<p>Mission Statement Aus- und Weiterbildung Studium Landschaftsarchitektur HTL, Rapperswil SIU, Schweiz. Institut f\u00fcr Unternehmerschulung im Gewerbe Weiterbildungen am Institut f\u00fcr Familienunternehmen der Universit\u00e4t St. Gallen Milit\u00e4rische Ausbildungen, vom Grenadier zum Kompaniekommandanten \u00a0 Erfahrung Gr\u00fcndung und Aufbau von KMU Unternehmensentwicklung Unternehmensf\u00fchrung Fachliche Expertisen f\u00fcr Gerichte, Beh\u00f6rden und Generalunternehmer Kauf und Verkauf von KMU Operative Integration eines [&hellip;]<\/p>\n","protected":false},"author":5,"featured_media":0,"parent":21,"menu_order":0,"comment_status":"closed","ping_status":"closed","template":"","meta":{"ocean_post_layout":"","ocean_both_sidebars_style":"","ocean_both_sidebars_content_width":0,"ocean_both_sidebars_sidebars_width":0,"ocean_sidebar":"0","ocean_second_sidebar":"0","ocean_disable_margins":"enable","ocean_add_body_class":"","ocean_shortcode_before_top_bar":"","ocean_shortcode_after_top_bar":"","ocean_shortcode_before_header":"","ocean_shortcode_after_header":"","ocean_has_shortcode":"","ocean_shortcode_after_title":"","ocean_shortcode_before_footer_widgets":"","ocean_shortcode_after_footer_widgets":"","ocean_shortcode_before_footer_bottom":"","ocean_shortcode_after_footer_bottom":"","ocean_display_top_bar":"default","ocean_display_header":"default","ocean_header_style":"","ocean_center_header_left_menu":"0","ocean_custom_header_template":"0","ocean_custom_logo":0,"ocean_custom_retina_logo":0,"ocean_custom_logo_max_width":0,"ocean_custom_logo_tablet_max_width":0,"ocean_custom_logo_mobile_max_width":0,"ocean_custom_logo_max_height":0,"ocean_custom_logo_tablet_max_height":0,"ocean_custom_logo_mobile_max_height":0,"ocean_header_custom_menu":"0","ocean_menu_typo_font_family":"0","ocean_menu_typo_font_subset":"","ocean_menu_typo_font_size":0,"ocean_menu_typo_font_size_tablet":0,"ocean_menu_typo_font_size_mobile":0,"ocean_menu_typo_font_size_unit":"px","ocean_menu_typo_font_weight":"","ocean_menu_typo_font_weight_tablet":"","ocean_menu_typo_font_weight_mobile":"","ocean_menu_typo_transform":"","ocean_menu_typo_transform_tablet":"","ocean_menu_typo_transform_mobile":"","ocean_menu_typo_line_height":0,"ocean_menu_typo_line_height_tablet":0,"ocean_menu_typo_line_height_mobile":0,"ocean_menu_typo_line_height_unit":"","ocean_menu_typo_spacing":0,"ocean_menu_typo_spacing_tablet":0,"ocean_menu_typo_spacing_mobile":0,"ocean_menu_typo_spacing_unit":"","ocean_menu_link_color":"","ocean_menu_link_color_hover":"","ocean_menu_link_color_active":"","ocean_menu_link_background":"","ocean_menu_link_hover_background":"","ocean_menu_link_active_background":"","ocean_menu_social_links_bg":"","ocean_menu_social_hover_links_bg":"","ocean_menu_social_links_color":"","ocean_menu_social_hover_links_color":"","ocean_disable_title":"default","ocean_disable_heading":"default","ocean_post_title":"","ocean_post_subheading":"","ocean_post_title_style":"","ocean_post_title_background_color":"","ocean_post_title_background":0,"ocean_post_title_bg_image_position":"","ocean_post_title_bg_image_attachment":"","ocean_post_title_bg_image_repeat":"","ocean_post_title_bg_image_size":"","ocean_post_title_height":0,"ocean_post_title_bg_overlay":0.5,"ocean_post_title_bg_overlay_color":"","ocean_disable_breadcrumbs":"default","ocean_breadcrumbs_color":"","ocean_breadcrumbs_separator_color":"","ocean_breadcrumbs_links_color":"","ocean_breadcrumbs_links_hover_color":"","ocean_display_footer_widgets":"default","ocean_display_footer_bottom":"default","ocean_custom_footer_template":"0","footnotes":""},"class_list":["post-2746","page","type-page","status-publish","hentry","entry"],"_links":{"self":[{"href":"https:\/\/dori-go.com\/index.php\/wp-json\/wp\/v2\/pages\/2746","targetHints":{"allow":["GET"]}}],"collection":[{"href":"https:\/\/dori-go.com\/index.php\/wp-json\/wp\/v2\/pages"}],"about":[{"href":"https:\/\/dori-go.com\/index.php\/wp-json\/wp\/v2\/types\/page"}],"author":[{"embeddable":true,"href":"https:\/\/dori-go.com\/index.php\/wp-json\/wp\/v2\/users\/5"}],"replies":[{"embeddable":true,"href":"https:\/\/dori-go.com\/index.php\/wp-json\/wp\/v2\/comments?post=2746"}],"version-history":[{"count":10,"href":"https:\/\/dori-go.com\/index.php\/wp-json\/wp\/v2\/pages\/2746\/revisions"}],"predecessor-version":[{"id":3680,"href":"https:\/\/dori-go.com\/index.php\/wp-json\/wp\/v2\/pages\/2746\/revisions\/3680"}],"up":[{"embeddable":true,"href":"https:\/\/dori-go.com\/index.php\/wp-json\/wp\/v2\/pages\/21"}],"wp:attachment":[{"href":"https:\/\/dori-go.com\/index.php\/wp-json\/wp\/v2\/media?parent=2746"}],"curies":[{"name":"wp","href":"https:\/\/api.w.org\/{rel}","templated":true}]}}