{"id":2668,"date":"2020-11-25T20:46:54","date_gmt":"2020-11-25T20:46:54","guid":{"rendered":"http:\/\/dori-go.com\/?page_id=2668"},"modified":"2024-01-31T06:50:35","modified_gmt":"2024-01-31T06:50:35","slug":"for-private-individuals","status":"publish","type":"page","link":"https:\/\/dori-go.com\/index.php\/en\/for-private-individuals\/","title":{"rendered":"For private individuals"},"content":{"rendered":"\t\t<div data-elementor-type=\"wp-page\" data-elementor-id=\"2668\" class=\"elementor elementor-2668\" data-elementor-post-type=\"page\">\n\t\t\t\t\t\t<section class=\"elementor-section elementor-top-section elementor-element elementor-element-c5c09a2 elementor-section-stretched elementor-section-height-full elementor-section-items-bottom elementor-section-full_width elementor-section-height-default\" data-id=\"c5c09a2\" data-element_type=\"section\" data-settings=\"{&quot;stretch_section&quot;:&quot;section-stretched&quot;,&quot;background_background&quot;:&quot;classic&quot;}\">\n\t\t\t\t\t\t<div class=\"elementor-container elementor-column-gap-default\">\n\t\t\t\t\t<div class=\"elementor-column elementor-col-100 elementor-top-column elementor-element elementor-element-880703b\" data-id=\"880703b\" data-element_type=\"column\" data-settings=\"{&quot;background_background&quot;:&quot;classic&quot;}\">\n\t\t\t<div class=\"elementor-widget-wrap elementor-element-populated\">\n\t\t\t\t\t\t<div class=\"elementor-element elementor-element-5376663 elementor-widget elementor-widget-heading\" data-id=\"5376663\" data-element_type=\"widget\" data-widget_type=\"heading.default\">\n\t\t\t\t\t<h1 class=\"elementor-heading-title elementor-size-default\">For  <br>private individuals<\/h1>\t\t\t\t<\/div>\n\t\t\t\t\t<\/div>\n\t\t<\/div>\n\t\t\t\t\t<\/div>\n\t\t<\/section>\n\t\t\t\t<section class=\"elementor-section elementor-top-section elementor-element elementor-element-717ef3a elementor-section-boxed elementor-section-height-default elementor-section-height-default\" data-id=\"717ef3a\" data-element_type=\"section\">\n\t\t\t\t\t\t<div class=\"elementor-container elementor-column-gap-no\">\n\t\t\t\t\t<div class=\"elementor-column elementor-col-100 elementor-top-column elementor-element elementor-element-0b60b5c\" data-id=\"0b60b5c\" data-element_type=\"column\">\n\t\t\t<div class=\"elementor-widget-wrap elementor-element-populated\">\n\t\t\t\t\t\t<div class=\"elementor-element elementor-element-795c420 elementor-widget elementor-widget-heading\" data-id=\"795c420\" data-element_type=\"widget\" data-widget_type=\"heading.default\">\n\t\t\t\t\t<h2 class=\"elementor-heading-title elementor-size-default\">Personal accompaniment for private persons<\/h2>\t\t\t\t<\/div>\n\t\t\t\t<div class=\"elementor-element elementor-element-fa54431 elementor-widget elementor-widget-text-editor\" data-id=\"fa54431\" data-element_type=\"widget\" data-widget_type=\"text-editor.default\">\n\t\t\t\t\t\t\t\t\t<h3>Modular services for your professional success<\/h3>\t\t\t\t\t\t\t\t<\/div>\n\t\t\t\t<div class=\"elementor-element elementor-element-94e5e93 elementor-widget elementor-widget-text-editor\" data-id=\"94e5e93\" data-element_type=\"widget\" data-widget_type=\"text-editor.default\">\n\t\t\t\t\t\t\t\t\t<p>You are in an employment relationship, work independently as a freelancer or are currently looking for a new challenge? In today&#8217;s labour and training market, which is flooded with a wide variety of offers, it is easy to lose track of what is going on. It is therefore not uncommon for job seekers to choose the wrong job offer and for individuals to choose the wrong development measure. Freelancers are increasingly faced with high risks and spend a large proportion of their working time on administrative and management tasks.<\/p><p>\u00a0<\/p><p>Do you also wish for a professional partner who supports you as an individual in your personal challenge? With our high level of expertise and our comprehensive networks in the HR sector, we are available to you as a trusted partner at eye level. We offer you a comprehensive consulting and support portfolio that is geared to your specific situation and is specially tailored to your needs. This not only opens up new possibilities and perspectives, but also enables you to make your decisions more purposefully and with more certainty.<\/p>\t\t\t\t\t\t\t\t<\/div>\n\t\t\t\t\t<\/div>\n\t\t<\/div>\n\t\t\t\t\t<\/div>\n\t\t<\/section>\n\t\t\t\t<section class=\"elementor-section elementor-top-section elementor-element elementor-element-1589585 elementor-section-height-full elementor-section-stretched elementor-section-boxed elementor-section-height-default elementor-section-items-middle\" data-id=\"1589585\" data-element_type=\"section\" data-settings=\"{&quot;stretch_section&quot;:&quot;section-stretched&quot;,&quot;background_background&quot;:&quot;classic&quot;}\">\n\t\t\t\t\t\t<div class=\"elementor-container elementor-column-gap-default\">\n\t\t\t\t\t<div class=\"elementor-column elementor-col-100 elementor-top-column elementor-element elementor-element-4a41d12\" data-id=\"4a41d12\" data-element_type=\"column\">\n\t\t\t<div class=\"elementor-widget-wrap\">\n\t\t\t\t\t\t\t<\/div>\n\t\t<\/div>\n\t\t\t\t\t<\/div>\n\t\t<\/section>\n\t\t\t\t<section class=\"elementor-section elementor-top-section elementor-element elementor-element-68958a5 elementor-section-boxed elementor-section-height-default elementor-section-height-default\" data-id=\"68958a5\" data-element_type=\"section\">\n\t\t\t\t\t\t<div class=\"elementor-container elementor-column-gap-wide\">\n\t\t\t\t\t<div class=\"elementor-column elementor-col-50 elementor-top-column elementor-element elementor-element-3a412a5\" data-id=\"3a412a5\" data-element_type=\"column\">\n\t\t\t<div class=\"elementor-widget-wrap elementor-element-populated\">\n\t\t\t\t\t\t<div class=\"elementor-element elementor-element-a3f991e elementor-position-top elementor-widget elementor-widget-image-box\" data-id=\"a3f991e\" data-element_type=\"widget\" data-widget_type=\"image-box.default\">\n\t\t\t\t\t<div class=\"elementor-image-box-wrapper\"><figure class=\"elementor-image-box-img\"><a href=\"https:\/\/dori-go.com\/index.php\/en\/for-private-individuals\/job-search\/\" tabindex=\"-1\"><img decoding=\"async\" width=\"150\" height=\"150\" src=\"https:\/\/dori-go.com\/wp-content\/uploads\/2020\/07\/12-150x150.png\" class=\"elementor-animation-pulse-grow attachment-thumbnail size-thumbnail wp-image-1024\" alt=\"Jobsuche\" srcset=\"https:\/\/dori-go.com\/wp-content\/uploads\/2020\/07\/12-150x150.png 150w, https:\/\/dori-go.com\/wp-content\/uploads\/2020\/07\/12.png 250w\" sizes=\"(max-width: 150px) 100vw, 150px\" \/><\/a><\/figure><div class=\"elementor-image-box-content\"><h2 class=\"elementor-image-box-title\"><a href=\"https:\/\/dori-go.com\/index.php\/en\/for-private-individuals\/job-search\/\">Job search<\/a><\/h2><p class=\"elementor-image-box-description\"><b>The next step on the career ladder<\/b>\n<p style=\"text-align: justify\">Are you completely satisfied in your job? Or would you like to take the next step on the career ladder and fully develop your potential? Are you worried that you will not be able to assert yourself against your competitors? We support you in finding and winning your desired position.<\/p><\/p><\/div><\/div>\t\t\t\t<\/div>\n\t\t\t\t\t<\/div>\n\t\t<\/div>\n\t\t\t\t<div class=\"elementor-column elementor-col-50 elementor-top-column elementor-element elementor-element-6e816f1\" data-id=\"6e816f1\" data-element_type=\"column\">\n\t\t\t<div class=\"elementor-widget-wrap elementor-element-populated\">\n\t\t\t\t\t\t<div class=\"elementor-element elementor-element-d6f6ce7 elementor-position-top elementor-widget elementor-widget-image-box\" data-id=\"d6f6ce7\" data-element_type=\"widget\" data-widget_type=\"image-box.default\">\n\t\t\t\t\t<div class=\"elementor-image-box-wrapper\"><figure class=\"elementor-image-box-img\"><a href=\"https:\/\/dori-go.com\/index.php\/en\/for-private-individuals\/coaching\/\" tabindex=\"-1\"><img decoding=\"async\" width=\"150\" height=\"150\" src=\"https:\/\/dori-go.com\/wp-content\/uploads\/2020\/07\/Coaching-150x150.png\" class=\"elementor-animation-pulse-grow attachment-thumbnail size-thumbnail wp-image-892\" alt=\"Coaching\" srcset=\"https:\/\/dori-go.com\/wp-content\/uploads\/2020\/07\/Coaching-150x150.png 150w, https:\/\/dori-go.com\/wp-content\/uploads\/2020\/07\/Coaching.png 250w\" sizes=\"(max-width: 150px) 100vw, 150px\" \/><\/a><\/figure><div class=\"elementor-image-box-content\"><h2 class=\"elementor-image-box-title\"><a href=\"https:\/\/dori-go.com\/index.php\/en\/for-private-individuals\/coaching\/\">Coaching<\/a><\/h2><p class=\"elementor-image-box-description\"><b>On the road to success through professional support<\/b>\n<p style=\"text-align:justify\">\nDo you want to develop your full potential? Are you facing a career change? Are you looking for the development accelerator? With our professional coaching services, we accompany you according to your individual needs.<\/p><\/p><\/div><\/div>\t\t\t\t<\/div>\n\t\t\t\t\t<\/div>\n\t\t<\/div>\n\t\t\t\t\t<\/div>\n\t\t<\/section>\n\t\t\t\t<section class=\"elementor-section elementor-top-section elementor-element elementor-element-cdfac42 elementor-section-boxed elementor-section-height-default elementor-section-height-default\" data-id=\"cdfac42\" data-element_type=\"section\">\n\t\t\t\t\t\t<div class=\"elementor-container elementor-column-gap-default\">\n\t\t\t\t\t<div class=\"elementor-column elementor-col-100 elementor-top-column elementor-element elementor-element-d10c7d7\" data-id=\"d10c7d7\" data-element_type=\"column\">\n\t\t\t<div class=\"elementor-widget-wrap elementor-element-populated\">\n\t\t\t\t\t\t<div class=\"elementor-element elementor-element-66bfc4f elementor-widget elementor-widget-heading\" data-id=\"66bfc4f\" data-element_type=\"widget\" data-widget_type=\"heading.default\">\n\t\t\t\t\t<h2 class=\"elementor-heading-title elementor-size-default\">Current blog posts for private individuals<\/h2>\t\t\t\t<\/div>\n\t\t\t\t<div class=\"elementor-element elementor-element-f2d3dce elementor-widget elementor-widget-text-editor\" data-id=\"f2d3dce\" data-element_type=\"widget\" data-widget_type=\"text-editor.default\">\n\t\t\t\t\t\t\t\t\t<h3>Read more<\/h3>\t\t\t\t\t\t\t\t<\/div>\n\t\t\t\t<div class=\"elementor-element elementor-element-160d935 elementor-grid-4 elementor-grid-tablet-2 elementor-grid-mobile-1 elementor-posts--thumbnail-top elementor-card-shadow-yes elementor-posts__hover-gradient elementor-widget elementor-widget-posts\" data-id=\"160d935\" data-element_type=\"widget\" data-settings=\"{&quot;cards_columns&quot;:&quot;4&quot;,&quot;cards_columns_tablet&quot;:&quot;2&quot;,&quot;cards_columns_mobile&quot;:&quot;1&quot;,&quot;cards_row_gap&quot;:{&quot;unit&quot;:&quot;px&quot;,&quot;size&quot;:35,&quot;sizes&quot;:[]},&quot;cards_row_gap_tablet&quot;:{&quot;unit&quot;:&quot;px&quot;,&quot;size&quot;:&quot;&quot;,&quot;sizes&quot;:[]},&quot;cards_row_gap_mobile&quot;:{&quot;unit&quot;:&quot;px&quot;,&quot;size&quot;:&quot;&quot;,&quot;sizes&quot;:[]}}\" data-widget_type=\"posts.cards\">\n\t\t\t\t<div class=\"elementor-widget-container\">\n\t\t\t\t\t\t\t<div class=\"elementor-posts-container elementor-posts elementor-posts--skin-cards elementor-grid\" role=\"list\">\n\t\t\t\t<article class=\"elementor-post elementor-grid-item post-7831 post type-post status-publish format-standard has-post-thumbnail hentry category-stellensuche entry has-media\" role=\"listitem\">\n\t\t\t<div class=\"elementor-post__card\">\n\t\t\t\t<a class=\"elementor-post__thumbnail__link\" href=\"https:\/\/dori-go.com\/index.php\/so-holen-sie-mehr-aus-einem-jobinterview-heraus\/\" tabindex=\"-1\" ><div class=\"elementor-post__thumbnail\"><img decoding=\"async\" width=\"300\" height=\"120\" src=\"https:\/\/dori-go.com\/wp-content\/uploads\/2025\/11\/57-300x120.webp\" class=\"attachment-medium size-medium wp-image-7832\" alt=\"\" srcset=\"https:\/\/dori-go.com\/wp-content\/uploads\/2025\/11\/57-300x120.webp 300w, https:\/\/dori-go.com\/wp-content\/uploads\/2025\/11\/57-1024x410.webp 1024w, https:\/\/dori-go.com\/wp-content\/uploads\/2025\/11\/57-768x307.webp 768w, https:\/\/dori-go.com\/wp-content\/uploads\/2025\/11\/57.webp 1400w\" sizes=\"(max-width: 300px) 100vw, 300px\" \/><\/div><\/a>\n\t\t\t\t<div class=\"elementor-post__badge\">Stellensuche<\/div>\n\t\t\t\t<div class=\"elementor-post__text\">\n\t\t\t\t<h3 class=\"elementor-post__title\">\n\t\t\t<a href=\"https:\/\/dori-go.com\/index.php\/so-holen-sie-mehr-aus-einem-jobinterview-heraus\/\" >\n\t\t\t\tSo holen Sie mehr aus einem Jobinterview heraus \u2013 5 Fragen, die Sie stellen sollten\t\t\t<\/a>\n\t\t<\/h3>\n\t\t\t\t<div class=\"elementor-post__excerpt\">\n\t\t\t<p>Als Rekrutierungs-Dienstleister f\u00fchren wir t\u00e4glich Interviews mit F\u00fchrungspers\u00f6nlichkeiten. Es geh\u00f6rt zu unserem Alltag, Bewerberinnen und Bewerber in Gespr\u00e4chen zu erleben, ihre Wirkung einzusch\u00e4tzen und herauszufinden,<\/p>\n\t\t<\/div>\n\t\t\n\t\t<a class=\"elementor-post__read-more\" href=\"https:\/\/dori-go.com\/index.php\/so-holen-sie-mehr-aus-einem-jobinterview-heraus\/\" aria-label=\"Read more about So holen Sie mehr aus einem Jobinterview heraus \u2013 5 Fragen, die Sie stellen sollten\" tabindex=\"-1\" >\n\t\t\tRead more\u00bb\t\t<\/a>\n\n\t\t\t\t<\/div>\n\t\t\t\t<div class=\"elementor-post__meta-data\">\n\t\t\t\t\t<span class=\"elementor-post-date\">\n\t\t\tNovember 27, 2025\t\t<\/span>\n\t\t\t\t<\/div>\n\t\t\t\t\t<\/div>\n\t\t<\/article>\n\t\t\t\t<article class=\"elementor-post elementor-grid-item post-7742 post type-post status-publish format-standard has-post-thumbnail hentry category-stellensuche category-coaching entry has-media\" role=\"listitem\">\n\t\t\t<div class=\"elementor-post__card\">\n\t\t\t\t<a class=\"elementor-post__thumbnail__link\" href=\"https:\/\/dori-go.com\/index.php\/so-schreibst-du-ein-starkes-anschreiben-mit-ki\/\" tabindex=\"-1\" ><div class=\"elementor-post__thumbnail\"><img loading=\"lazy\" decoding=\"async\" width=\"300\" height=\"120\" src=\"https:\/\/dori-go.com\/wp-content\/uploads\/2025\/08\/53-300x120.webp\" class=\"attachment-medium size-medium wp-image-7743\" alt=\"\" srcset=\"https:\/\/dori-go.com\/wp-content\/uploads\/2025\/08\/53-300x120.webp 300w, https:\/\/dori-go.com\/wp-content\/uploads\/2025\/08\/53-1024x410.webp 1024w, https:\/\/dori-go.com\/wp-content\/uploads\/2025\/08\/53-768x307.webp 768w, https:\/\/dori-go.com\/wp-content\/uploads\/2025\/08\/53.webp 1400w\" sizes=\"(max-width: 300px) 100vw, 300px\" \/><\/div><\/a>\n\t\t\t\t<div class=\"elementor-post__badge\">Stellensuche<\/div>\n\t\t\t\t<div class=\"elementor-post__text\">\n\t\t\t\t<h3 class=\"elementor-post__title\">\n\t\t\t<a href=\"https:\/\/dori-go.com\/index.php\/so-schreibst-du-ein-starkes-anschreiben-mit-ki\/\" >\n\t\t\t\tSo schreibst du ein starkes Anschreiben mit KI\t\t\t<\/a>\n\t\t<\/h3>\n\t\t\t\t<div class=\"elementor-post__excerpt\">\n\t\t\t<p>Ein gutes Anschreiben ist heute nicht mehr nur sch\u00f6n formuliert \u2013 es zeigt, dass du dich mit dem Job und dem Unternehmen auseinandergesetzt hast.Aber mal<\/p>\n\t\t<\/div>\n\t\t\n\t\t<a class=\"elementor-post__read-more\" href=\"https:\/\/dori-go.com\/index.php\/so-schreibst-du-ein-starkes-anschreiben-mit-ki\/\" aria-label=\"Read more about So schreibst du ein starkes Anschreiben mit KI\" tabindex=\"-1\" >\n\t\t\tRead more\u00bb\t\t<\/a>\n\n\t\t\t\t<\/div>\n\t\t\t\t<div class=\"elementor-post__meta-data\">\n\t\t\t\t\t<span class=\"elementor-post-date\">\n\t\t\tSeptember 8, 2025\t\t<\/span>\n\t\t\t\t<\/div>\n\t\t\t\t\t<\/div>\n\t\t<\/article>\n\t\t\t\t<article class=\"elementor-post elementor-grid-item post-7662 post type-post status-publish format-standard has-post-thumbnail hentry category-uncategorized-de category-stellensuche entry has-media\" role=\"listitem\">\n\t\t\t<div class=\"elementor-post__card\">\n\t\t\t\t<a class=\"elementor-post__thumbnail__link\" href=\"https:\/\/dori-go.com\/index.php\/empfehlung-schlaegt-lebenslauf-wie-sie-mit-den-richtigen-kontakten-an-jobs-kommen\/\" tabindex=\"-1\" ><div class=\"elementor-post__thumbnail\"><img loading=\"lazy\" decoding=\"async\" width=\"300\" height=\"120\" src=\"https:\/\/dori-go.com\/wp-content\/uploads\/2025\/06\/49-300x120.webp\" class=\"attachment-medium size-medium wp-image-7663\" alt=\"\" srcset=\"https:\/\/dori-go.com\/wp-content\/uploads\/2025\/06\/49-300x120.webp 300w, https:\/\/dori-go.com\/wp-content\/uploads\/2025\/06\/49-1024x410.webp 1024w, https:\/\/dori-go.com\/wp-content\/uploads\/2025\/06\/49-768x307.webp 768w, https:\/\/dori-go.com\/wp-content\/uploads\/2025\/06\/49.webp 1400w\" sizes=\"(max-width: 300px) 100vw, 300px\" \/><\/div><\/a>\n\t\t\t\t<div class=\"elementor-post__badge\">Uncategorized<\/div>\n\t\t\t\t<div class=\"elementor-post__text\">\n\t\t\t\t<h3 class=\"elementor-post__title\">\n\t\t\t<a href=\"https:\/\/dori-go.com\/index.php\/empfehlung-schlaegt-lebenslauf-wie-sie-mit-den-richtigen-kontakten-an-jobs-kommen\/\" >\n\t\t\t\tEmpfehlung schl\u00e4gt Lebenslauf: Wie Sie mit den richtigen Kontakten an Jobs kommen\t\t\t<\/a>\n\t\t<\/h3>\n\t\t\t\t<div class=\"elementor-post__excerpt\">\n\t\t\t<p>Warum Kontakte T\u00fcren \u00f6ffnen, die Bewerbungen oft nicht erreichen Stellenanzeigen beantworten, Bewerbungsunterlagen verschicken, auf R\u00fcckmeldungen warten \u2013 viele kennen diesen Ablauf nur zu gut. Und<\/p>\n\t\t<\/div>\n\t\t\n\t\t<a class=\"elementor-post__read-more\" href=\"https:\/\/dori-go.com\/index.php\/empfehlung-schlaegt-lebenslauf-wie-sie-mit-den-richtigen-kontakten-an-jobs-kommen\/\" aria-label=\"Read more about Empfehlung schl\u00e4gt Lebenslauf: Wie Sie mit den richtigen Kontakten an Jobs kommen\" tabindex=\"-1\" >\n\t\t\tRead more\u00bb\t\t<\/a>\n\n\t\t\t\t<\/div>\n\t\t\t\t<div class=\"elementor-post__meta-data\">\n\t\t\t\t\t<span class=\"elementor-post-date\">\n\t\t\tJuni 25, 2025\t\t<\/span>\n\t\t\t\t<\/div>\n\t\t\t\t\t<\/div>\n\t\t<\/article>\n\t\t\t\t<article class=\"elementor-post elementor-grid-item post-7638 post type-post status-publish format-standard has-post-thumbnail hentry category-coaching-privatpersonen category-stellensuche entry has-media\" role=\"listitem\">\n\t\t\t<div class=\"elementor-post__card\">\n\t\t\t\t<a class=\"elementor-post__thumbnail__link\" href=\"https:\/\/dori-go.com\/index.php\/jobinterviews-meistern-haeufige-fragen-und-die-besten-antworten\/\" tabindex=\"-1\" ><div class=\"elementor-post__thumbnail\"><img loading=\"lazy\" decoding=\"async\" width=\"300\" height=\"120\" src=\"https:\/\/dori-go.com\/wp-content\/uploads\/2025\/05\/46-300x120.webp\" class=\"attachment-medium size-medium wp-image-7639\" alt=\"Jobinterviews meistern\" srcset=\"https:\/\/dori-go.com\/wp-content\/uploads\/2025\/05\/46-300x120.webp 300w, https:\/\/dori-go.com\/wp-content\/uploads\/2025\/05\/46-1024x410.webp 1024w, https:\/\/dori-go.com\/wp-content\/uploads\/2025\/05\/46-768x307.webp 768w, https:\/\/dori-go.com\/wp-content\/uploads\/2025\/05\/46.webp 1400w\" sizes=\"(max-width: 300px) 100vw, 300px\" \/><\/div><\/a>\n\t\t\t\t<div class=\"elementor-post__badge\">Coaching<\/div>\n\t\t\t\t<div class=\"elementor-post__text\">\n\t\t\t\t<h3 class=\"elementor-post__title\">\n\t\t\t<a href=\"https:\/\/dori-go.com\/index.php\/jobinterviews-meistern-haeufige-fragen-und-die-besten-antworten\/\" >\n\t\t\t\tJobinterviews meistern: H\u00e4ufige Fragen und die besten Antworten\t\t\t<\/a>\n\t\t<\/h3>\n\t\t\t\t<div class=\"elementor-post__excerpt\">\n\t\t\t<p>Wie Sie als Fach- oder F\u00fchrungskraft souver\u00e4n auftreten und \u00fcberzeugen Ob bei der Neuorientierung, dem Wechsel in eine F\u00fchrungsposition oder dem n\u00e4chsten Karriereschritt: Das Jobinterview<\/p>\n\t\t<\/div>\n\t\t\n\t\t<a class=\"elementor-post__read-more\" href=\"https:\/\/dori-go.com\/index.php\/jobinterviews-meistern-haeufige-fragen-und-die-besten-antworten\/\" aria-label=\"Read more about Jobinterviews meistern: H\u00e4ufige Fragen und die besten Antworten\" tabindex=\"-1\" >\n\t\t\tRead more\u00bb\t\t<\/a>\n\n\t\t\t\t<\/div>\n\t\t\t\t<div class=\"elementor-post__meta-data\">\n\t\t\t\t\t<span class=\"elementor-post-date\">\n\t\t\tMai 28, 2025\t\t<\/span>\n\t\t\t\t<\/div>\n\t\t\t\t\t<\/div>\n\t\t<\/article>\n\t\t\t\t<\/div>\n\t\t\n\t\t\t\t\t\t<\/div>\n\t\t\t\t<\/div>\n\t\t\t\t\t<\/div>\n\t\t<\/div>\n\t\t\t\t\t<\/div>\n\t\t<\/section>\n\t\t\t\t<section class=\"elementor-section elementor-top-section elementor-element elementor-element-d8b5902 elementor-section-boxed elementor-section-height-default elementor-section-height-default\" data-id=\"d8b5902\" data-element_type=\"section\">\n\t\t\t\t\t\t<div class=\"elementor-container elementor-column-gap-default\">\n\t\t\t\t\t<div class=\"elementor-column elementor-col-100 elementor-top-column elementor-element elementor-element-9a00ea8\" data-id=\"9a00ea8\" data-element_type=\"column\">\n\t\t\t<div class=\"elementor-widget-wrap elementor-element-populated\">\n\t\t\t\t\t\t<div class=\"elementor-element elementor-element-1e2b78b elementor-widget elementor-widget-heading\" data-id=\"1e2b78b\" data-element_type=\"widget\" data-widget_type=\"heading.default\">\n\t\t\t\t\t<h2 class=\"elementor-heading-title elementor-size-default\">Do you have questions about our services?<\/h2>\t\t\t\t<\/div>\n\t\t\t\t<div class=\"elementor-element elementor-element-84a72c0 elementor-widget elementor-widget-text-editor\" data-id=\"84a72c0\" data-element_type=\"widget\" data-widget_type=\"text-editor.default\">\n\t\t\t\t\t\t\t\t\t<h3>We will also be happy to help you personally!<\/h3>\t\t\t\t\t\t\t\t<\/div>\n\t\t\t\t<div class=\"elementor-element elementor-element-f75a14d elementor-align-center elementor-widget elementor-widget-button\" data-id=\"f75a14d\" data-element_type=\"widget\" data-widget_type=\"button.default\">\n\t\t\t\t\t\t\t\t\t\t<a class=\"elementor-button elementor-size-lg\" role=\"button\">\n\t\t\t\t\t\t<span class=\"elementor-button-content-wrapper\">\n\t\t\t\t\t\t\t\t\t<span class=\"elementor-button-text\">Contact us<\/span>\n\t\t\t\t\t<\/span>\n\t\t\t\t\t<\/a>\n\t\t\t\t\t\t\t\t<\/div>\n\t\t\t\t\t<\/div>\n\t\t<\/div>\n\t\t\t\t\t<\/div>\n\t\t<\/section>\n\t\t\t\t<\/div>\n\t\t","protected":false},"excerpt":{"rendered":"<p>For private individuals Personal accompaniment for private persons Modular services for your professional success You are in an employment relationship, work independently as a freelancer or are currently looking for a new challenge? In today&#8217;s labour and training market, which is flooded with a wide variety of offers, it is easy to lose track of [&hellip;]<\/p>\n","protected":false},"author":5,"featured_media":1135,"parent":0,"menu_order":0,"comment_status":"closed","ping_status":"closed","template":"","meta":{"ocean_post_layout":"","ocean_both_sidebars_style":"","ocean_both_sidebars_content_width":0,"ocean_both_sidebars_sidebars_width":0,"ocean_sidebar":"0","ocean_second_sidebar":"0","ocean_disable_margins":"enable","ocean_add_body_class":"","ocean_shortcode_before_top_bar":"","ocean_shortcode_after_top_bar":"","ocean_shortcode_before_header":"","ocean_shortcode_after_header":"","ocean_has_shortcode":"","ocean_shortcode_after_title":"","ocean_shortcode_before_footer_widgets":"","ocean_shortcode_after_footer_widgets":"","ocean_shortcode_before_footer_bottom":"","ocean_shortcode_after_footer_bottom":"","ocean_display_top_bar":"default","ocean_display_header":"default","ocean_header_style":"","ocean_center_header_left_menu":"0","ocean_custom_header_template":"0","ocean_custom_logo":0,"ocean_custom_retina_logo":0,"ocean_custom_logo_max_width":0,"ocean_custom_logo_tablet_max_width":0,"ocean_custom_logo_mobile_max_width":0,"ocean_custom_logo_max_height":0,"ocean_custom_logo_tablet_max_height":0,"ocean_custom_logo_mobile_max_height":0,"ocean_header_custom_menu":"0","ocean_menu_typo_font_family":"0","ocean_menu_typo_font_subset":"","ocean_menu_typo_font_size":0,"ocean_menu_typo_font_size_tablet":0,"ocean_menu_typo_font_size_mobile":0,"ocean_menu_typo_font_size_unit":"px","ocean_menu_typo_font_weight":"","ocean_menu_typo_font_weight_tablet":"","ocean_menu_typo_font_weight_mobile":"","ocean_menu_typo_transform":"","ocean_menu_typo_transform_tablet":"","ocean_menu_typo_transform_mobile":"","ocean_menu_typo_line_height":0,"ocean_menu_typo_line_height_tablet":0,"ocean_menu_typo_line_height_mobile":0,"ocean_menu_typo_line_height_unit":"","ocean_menu_typo_spacing":0,"ocean_menu_typo_spacing_tablet":0,"ocean_menu_typo_spacing_mobile":0,"ocean_menu_typo_spacing_unit":"","ocean_menu_link_color":"","ocean_menu_link_color_hover":"","ocean_menu_link_color_active":"","ocean_menu_link_background":"","ocean_menu_link_hover_background":"","ocean_menu_link_active_background":"","ocean_menu_social_links_bg":"","ocean_menu_social_hover_links_bg":"","ocean_menu_social_links_color":"","ocean_menu_social_hover_links_color":"","ocean_disable_title":"default","ocean_disable_heading":"default","ocean_post_title":"","ocean_post_subheading":"","ocean_post_title_style":"","ocean_post_title_background_color":"","ocean_post_title_background":0,"ocean_post_title_bg_image_position":"","ocean_post_title_bg_image_attachment":"","ocean_post_title_bg_image_repeat":"","ocean_post_title_bg_image_size":"","ocean_post_title_height":0,"ocean_post_title_bg_overlay":0.5,"ocean_post_title_bg_overlay_color":"","ocean_disable_breadcrumbs":"default","ocean_breadcrumbs_color":"","ocean_breadcrumbs_separator_color":"","ocean_breadcrumbs_links_color":"","ocean_breadcrumbs_links_hover_color":"","ocean_display_footer_widgets":"default","ocean_display_footer_bottom":"default","ocean_custom_footer_template":"0","footnotes":""},"class_list":["post-2668","page","type-page","status-publish","has-post-thumbnail","hentry","entry","has-media"],"_links":{"self":[{"href":"https:\/\/dori-go.com\/index.php\/wp-json\/wp\/v2\/pages\/2668","targetHints":{"allow":["GET"]}}],"collection":[{"href":"https:\/\/dori-go.com\/index.php\/wp-json\/wp\/v2\/pages"}],"about":[{"href":"https:\/\/dori-go.com\/index.php\/wp-json\/wp\/v2\/types\/page"}],"author":[{"embeddable":true,"href":"https:\/\/dori-go.com\/index.php\/wp-json\/wp\/v2\/users\/5"}],"replies":[{"embeddable":true,"href":"https:\/\/dori-go.com\/index.php\/wp-json\/wp\/v2\/comments?post=2668"}],"version-history":[{"count":25,"href":"https:\/\/dori-go.com\/index.php\/wp-json\/wp\/v2\/pages\/2668\/revisions"}],"predecessor-version":[{"id":6666,"href":"https:\/\/dori-go.com\/index.php\/wp-json\/wp\/v2\/pages\/2668\/revisions\/6666"}],"wp:featuredmedia":[{"embeddable":true,"href":"https:\/\/dori-go.com\/index.php\/wp-json\/wp\/v2\/media\/1135"}],"wp:attachment":[{"href":"https:\/\/dori-go.com\/index.php\/wp-json\/wp\/v2\/media?parent=2668"}],"curies":[{"name":"wp","href":"https:\/\/api.w.org\/{rel}","templated":true}]}}