{"id":18,"date":"2020-01-02T23:07:15","date_gmt":"2020-01-02T23:07:15","guid":{"rendered":"https:\/\/dorigo.7150.hostserv.eu\/?page_id=18"},"modified":"2024-01-31T06:47:14","modified_gmt":"2024-01-31T06:47:14","slug":"fur-kunden","status":"publish","type":"page","link":"https:\/\/dori-go.com\/index.php\/fur-kunden\/","title":{"rendered":"F\u00fcr Unternehmen"},"content":{"rendered":"\t\t<div data-elementor-type=\"wp-page\" data-elementor-id=\"18\" class=\"elementor elementor-18\" data-elementor-post-type=\"page\">\n\t\t\t\t\t\t<section class=\"elementor-section elementor-top-section elementor-element elementor-element-ee8ffc4 elementor-section-stretched elementor-section-height-full elementor-section-full_width elementor-section-items-bottom elementor-section-height-default\" data-id=\"ee8ffc4\" data-element_type=\"section\" data-settings=\"{&quot;stretch_section&quot;:&quot;section-stretched&quot;,&quot;background_background&quot;:&quot;classic&quot;}\">\n\t\t\t\t\t\t<div class=\"elementor-container elementor-column-gap-no\">\n\t\t\t\t\t<div class=\"elementor-column elementor-col-100 elementor-top-column elementor-element elementor-element-9e95d5f\" data-id=\"9e95d5f\" data-element_type=\"column\" data-settings=\"{&quot;background_background&quot;:&quot;classic&quot;}\">\n\t\t\t<div class=\"elementor-widget-wrap elementor-element-populated\">\n\t\t\t\t\t\t<div class=\"elementor-element elementor-element-6a338a3 elementor-widget elementor-widget-heading\" data-id=\"6a338a3\" data-element_type=\"widget\" data-widget_type=\"heading.default\">\n\t\t\t\t\t<h1 class=\"elementor-heading-title elementor-size-default\"><p>F\u00dcR <br>UNTERNEHMEN<\/p><\/h1>\t\t\t\t<\/div>\n\t\t\t\t\t<\/div>\n\t\t<\/div>\n\t\t\t\t\t<\/div>\n\t\t<\/section>\n\t\t\t\t<section class=\"elementor-section elementor-top-section elementor-element elementor-element-7f16d95 elementor-section-boxed elementor-section-height-default elementor-section-height-default\" data-id=\"7f16d95\" data-element_type=\"section\">\n\t\t\t\t\t\t<div class=\"elementor-container elementor-column-gap-no\">\n\t\t\t\t\t<div class=\"elementor-column elementor-col-100 elementor-top-column elementor-element elementor-element-9cc7831\" data-id=\"9cc7831\" data-element_type=\"column\">\n\t\t\t<div class=\"elementor-widget-wrap elementor-element-populated\">\n\t\t\t\t\t\t<div class=\"elementor-element elementor-element-178ef7e elementor-widget elementor-widget-heading\" data-id=\"178ef7e\" data-element_type=\"widget\" data-widget_type=\"heading.default\">\n\t\t\t\t\t<h2 class=\"elementor-heading-title elementor-size-default\">Professionelle L\u00f6sungen f\u00fcr Ihr HR<\/h2>\t\t\t\t<\/div>\n\t\t\t\t<div class=\"elementor-element elementor-element-ad5e6ae elementor-widget elementor-widget-heading\" data-id=\"ad5e6ae\" data-element_type=\"widget\" data-widget_type=\"heading.default\">\n\t\t\t\t\t<h3 class=\"elementor-heading-title elementor-size-default\">Modulare Dienstleistungen f\u00fcr Ihren individuellen Bedarf<\/h3>\t\t\t\t<\/div>\n\t\t\t\t<div class=\"elementor-element elementor-element-9c32070 elementor-widget__width-auto elementor-widget elementor-widget-text-editor\" data-id=\"9c32070\" data-element_type=\"widget\" data-widget_type=\"text-editor.default\">\n\t\t\t\t\t\t\t\t\t<p style=\"text-align: left;\">Die Globalisierung der M\u00e4rkte sowie die sich st\u00e4ndig ver\u00e4ndernden Rahmenbedingungen verlangen heute von vielen Unternehmungen eine hohe Agilit\u00e4t der eigenen Organisation. Um Sie bei der L\u00f6sung dieser Herausforderungen individuell zu unterst\u00fctzen, haben wir uns darauf spezialisiert, zur rechten Zeit die optimalen Ressourcen zu finden und Engp\u00e4sse in Ihrer HR-Abteilung mit passenden Dienstleistungen zu \u00fcberbr\u00fccken.<\/p><p>Eine Unternehmensstrategie ist immer nur so gut, wie die Mitarbeitenden, die sie umsetzen. Neben den wichtigen fachlichen Qualifikationen betrachten wir daher auch die sozialen Kompetenzen und schlagen Ihnen im Rahmen der Suche nach neuen Mitarbeitenden nur Personen vor, die zu Ihrer Unternehmenskultur und Ihren Werten passen. Auf Wunsch entlasten wir Sie individuell bei weiteren HR-Aufgaben: Von der Personalentwicklung \u00fcber die Unterst\u00fctzung in verschiedenen Krisensituationen bis hin zum Outplacement.<\/p>\t\t\t\t\t\t\t\t<\/div>\n\t\t\t\t\t<\/div>\n\t\t<\/div>\n\t\t\t\t\t<\/div>\n\t\t<\/section>\n\t\t\t\t<section class=\"elementor-section elementor-top-section elementor-element elementor-element-66f7db4 elementor-section-height-full elementor-section-stretched elementor-section-boxed elementor-section-height-default elementor-section-items-middle\" data-id=\"66f7db4\" data-element_type=\"section\" data-settings=\"{&quot;stretch_section&quot;:&quot;section-stretched&quot;,&quot;background_background&quot;:&quot;classic&quot;}\">\n\t\t\t\t\t\t<div class=\"elementor-container elementor-column-gap-default\">\n\t\t\t\t\t<div class=\"elementor-column elementor-col-100 elementor-top-column elementor-element elementor-element-3fad771\" data-id=\"3fad771\" data-element_type=\"column\">\n\t\t\t<div class=\"elementor-widget-wrap\">\n\t\t\t\t\t\t\t<\/div>\n\t\t<\/div>\n\t\t\t\t\t<\/div>\n\t\t<\/section>\n\t\t\t\t<section class=\"elementor-section elementor-top-section elementor-element elementor-element-67982cf elementor-section-boxed elementor-section-height-default elementor-section-height-default\" data-id=\"67982cf\" data-element_type=\"section\">\n\t\t\t\t\t\t<div class=\"elementor-container elementor-column-gap-wide\">\n\t\t\t\t\t<div class=\"elementor-column elementor-col-50 elementor-top-column elementor-element elementor-element-aeb3d60\" data-id=\"aeb3d60\" data-element_type=\"column\">\n\t\t\t<div class=\"elementor-widget-wrap elementor-element-populated\">\n\t\t\t\t\t\t<div class=\"elementor-element elementor-element-7a03656 elementor-position-top elementor-widget elementor-widget-image-box\" data-id=\"7a03656\" data-element_type=\"widget\" data-widget_type=\"image-box.default\">\n\t\t\t\t\t<div class=\"elementor-image-box-wrapper\"><figure class=\"elementor-image-box-img\"><a href=\"https:\/\/dori-go.com\/index.php\/fur-kunden\/executive-search-rekrutierung\/\" tabindex=\"-1\"><img decoding=\"async\" width=\"150\" height=\"150\" src=\"https:\/\/dori-go.com\/wp-content\/uploads\/2020\/07\/ExecutiveSearch-150x150.png\" class=\"attachment-thumbnail size-thumbnail wp-image-895\" alt=\"ExecutiveSearch\" srcset=\"https:\/\/dori-go.com\/wp-content\/uploads\/2020\/07\/ExecutiveSearch-150x150.png 150w, https:\/\/dori-go.com\/wp-content\/uploads\/2020\/07\/ExecutiveSearch.png 250w\" sizes=\"(max-width: 150px) 100vw, 150px\" \/><\/a><\/figure><div class=\"elementor-image-box-content\"><h2 class=\"elementor-image-box-title\"><a href=\"https:\/\/dori-go.com\/index.php\/fur-kunden\/executive-search-rekrutierung\/\">Executive Search<\/a><\/h2><p class=\"elementor-image-box-description\"><strong>Der Weg zu Ihren Wunschtalenten<br><\/strong>\n<p style=\"text-align:justify\">Stellen Sie sich vor, Sie k\u00f6nnten genau zum richtigen Zeitpunkt exakt das Personal gewinnen, das Sie f\u00fcr Ihre Unternehmensentwicklung ben\u00f6tigen. Klingt unm\u00f6glich? Was w\u00e4re, wenn Sie einen starken Partner an Ihrer Seite h\u00e4tten, der nicht nur ausgewiesener Rekrutierungsexperte ist, sondern auch in Ihrer Branche zu Hause ist und \u00fcber vielf\u00e4ltige Vernetzungen verf\u00fcgt? <\/p><\/p><\/div><\/div>\t\t\t\t<\/div>\n\t\t\t\t\t<\/div>\n\t\t<\/div>\n\t\t\t\t<div class=\"elementor-column elementor-col-50 elementor-top-column elementor-element elementor-element-920598b\" data-id=\"920598b\" data-element_type=\"column\">\n\t\t\t<div class=\"elementor-widget-wrap elementor-element-populated\">\n\t\t\t\t\t\t<div class=\"elementor-element elementor-element-1aaf135 elementor-position-top elementor-widget elementor-widget-image-box\" data-id=\"1aaf135\" data-element_type=\"widget\" data-widget_type=\"image-box.default\">\n\t\t\t\t\t<div class=\"elementor-image-box-wrapper\"><figure class=\"elementor-image-box-img\"><a href=\"https:\/\/dori-go.com\/index.php\/fur-kunden\/consulting\/\" tabindex=\"-1\"><img decoding=\"async\" width=\"150\" height=\"150\" src=\"https:\/\/dori-go.com\/wp-content\/uploads\/2020\/07\/Consulting-150x150.png\" class=\"attachment-thumbnail size-thumbnail wp-image-893\" alt=\"Consulting\" srcset=\"https:\/\/dori-go.com\/wp-content\/uploads\/2020\/07\/Consulting-150x150.png 150w, https:\/\/dori-go.com\/wp-content\/uploads\/2020\/07\/Consulting.png 250w\" sizes=\"(max-width: 150px) 100vw, 150px\" \/><\/a><\/figure><div class=\"elementor-image-box-content\"><h2 class=\"elementor-image-box-title\"><a href=\"https:\/\/dori-go.com\/index.php\/fur-kunden\/consulting\/\">Consulting<\/a><\/h2><p class=\"elementor-image-box-description\"><strong>Nachhaltige Entwicklung f\u00fcr Ihr Unternehmen<\/strong><br>\n<p style=\"text-align:justify\">Sie w\u00fcnschen sich eine objektive\nSicht auf Ihre Transformationsprozesse oder Ihr Talentmanagement? Sie m\u00f6chten Ihre\nMitarbeiter bef\u00e4higen, kollaborativ zu arbeiten, statt nur zu kooperieren? Wir\nberaten Sie nicht nur, wir fokussieren uns auf eine nachhaltige Begleitung in Ihren Projekten und setzen uns ein f\u00fcr die Erreichung Ihrer Ziele.<\/p><\/p><\/div><\/div>\t\t\t\t<\/div>\n\t\t\t\t\t<\/div>\n\t\t<\/div>\n\t\t\t\t\t<\/div>\n\t\t<\/section>\n\t\t\t\t<section class=\"elementor-section elementor-top-section elementor-element elementor-element-017470c elementor-section-boxed elementor-section-height-default elementor-section-height-default\" data-id=\"017470c\" data-element_type=\"section\">\n\t\t\t\t\t\t<div class=\"elementor-container elementor-column-gap-default\">\n\t\t\t\t\t<div class=\"elementor-column elementor-col-100 elementor-top-column elementor-element elementor-element-85321a2\" data-id=\"85321a2\" data-element_type=\"column\">\n\t\t\t<div class=\"elementor-widget-wrap elementor-element-populated\">\n\t\t\t\t\t\t<div class=\"elementor-element elementor-element-a2701b8 elementor-widget elementor-widget-heading\" data-id=\"a2701b8\" data-element_type=\"widget\" data-widget_type=\"heading.default\">\n\t\t\t\t\t<h2 class=\"elementor-heading-title elementor-size-default\">Aktuelle Blogartikel f\u00fcr Unternehmen<\/h2>\t\t\t\t<\/div>\n\t\t\t\t<div class=\"elementor-element elementor-element-b6dba2d elementor-widget elementor-widget-heading\" data-id=\"b6dba2d\" data-element_type=\"widget\" data-widget_type=\"heading.default\">\n\t\t\t\t\t<h3 class=\"elementor-heading-title elementor-size-default\">Zum Weiterlesen<\/h3>\t\t\t\t<\/div>\n\t\t\t\t<div class=\"elementor-element elementor-element-169ab8c elementor-grid-3 elementor-grid-tablet-2 elementor-grid-mobile-1 elementor-posts--thumbnail-top elementor-posts--show-avatar elementor-card-shadow-yes elementor-posts__hover-gradient elementor-widget elementor-widget-posts\" data-id=\"169ab8c\" data-element_type=\"widget\" data-settings=\"{&quot;cards_columns&quot;:&quot;3&quot;,&quot;cards_columns_tablet&quot;:&quot;2&quot;,&quot;cards_columns_mobile&quot;:&quot;1&quot;,&quot;cards_row_gap&quot;:{&quot;unit&quot;:&quot;px&quot;,&quot;size&quot;:35,&quot;sizes&quot;:[]},&quot;cards_row_gap_tablet&quot;:{&quot;unit&quot;:&quot;px&quot;,&quot;size&quot;:&quot;&quot;,&quot;sizes&quot;:[]},&quot;cards_row_gap_mobile&quot;:{&quot;unit&quot;:&quot;px&quot;,&quot;size&quot;:&quot;&quot;,&quot;sizes&quot;:[]}}\" data-widget_type=\"posts.cards\">\n\t\t\t\t<div class=\"elementor-widget-container\">\n\t\t\t\t\t\t\t<div class=\"elementor-posts-container elementor-posts elementor-posts--skin-cards elementor-grid\" role=\"list\">\n\t\t\t\t<article class=\"elementor-post elementor-grid-item post-7839 post type-post status-publish format-standard has-post-thumbnail hentry category-executive-search entry has-media\" role=\"listitem\">\n\t\t\t<div class=\"elementor-post__card\">\n\t\t\t\t<a class=\"elementor-post__thumbnail__link\" href=\"https:\/\/dori-go.com\/index.php\/wie-sie-eine-starke-employer-brand-aufbauen-und-die-besten-talente-anziehen\/\" tabindex=\"-1\" ><div class=\"elementor-post__thumbnail\"><img decoding=\"async\" width=\"300\" height=\"120\" src=\"https:\/\/dori-go.com\/wp-content\/uploads\/2025\/11\/56-1-300x120.webp\" class=\"attachment-medium size-medium wp-image-7840\" alt=\"\" srcset=\"https:\/\/dori-go.com\/wp-content\/uploads\/2025\/11\/56-1-300x120.webp 300w, https:\/\/dori-go.com\/wp-content\/uploads\/2025\/11\/56-1-1024x410.webp 1024w, https:\/\/dori-go.com\/wp-content\/uploads\/2025\/11\/56-1-768x307.webp 768w, https:\/\/dori-go.com\/wp-content\/uploads\/2025\/11\/56-1.webp 1400w\" sizes=\"(max-width: 300px) 100vw, 300px\" \/><\/div><\/a>\n\t\t\t\t<div class=\"elementor-post__avatar\">\n\t\t\t<img alt='Maurizio Campagnaro' src='https:\/\/secure.gravatar.com\/avatar\/1700b1fe4bff022e0445c5e705b63e3762fc7819a044be509d56282bbccaf109?s=128&#038;d=mm&#038;r=g' srcset='https:\/\/secure.gravatar.com\/avatar\/1700b1fe4bff022e0445c5e705b63e3762fc7819a044be509d56282bbccaf109?s=256&#038;d=mm&#038;r=g 2x' class='avatar avatar-128 photo' height='128' width='128' \/>\t\t<\/div>\n\t\t\t\t<div class=\"elementor-post__text\">\n\t\t\t\t<h3 class=\"elementor-post__title\">\n\t\t\t<a href=\"https:\/\/dori-go.com\/index.php\/wie-sie-eine-starke-employer-brand-aufbauen-und-die-besten-talente-anziehen\/\" >\n\t\t\t\tWie Sie eine starke Employer Brand aufbauen und die besten Talente anziehen\t\t\t<\/a>\n\t\t<\/h3>\n\t\t\t\t<div class=\"elementor-post__excerpt\">\n\t\t\t<p>In Zeiten des Fach- und F\u00fchrungskr\u00e4ftemangels ist die Arbeitgebermarke zu einem der wichtigsten strategischen Erfolgsfaktoren geworden. Personen mit gefragten Kompetenzen haben die Wahl. Sie vergleichen<\/p>\n\t\t<\/div>\n\t\t\n\t\t<a class=\"elementor-post__read-more\" href=\"https:\/\/dori-go.com\/index.php\/wie-sie-eine-starke-employer-brand-aufbauen-und-die-besten-talente-anziehen\/\" aria-label=\"Read more about Wie Sie eine starke Employer Brand aufbauen und die besten Talente anziehen\" tabindex=\"-1\" >\n\t\t\tWeiterlesen \u00bb\t\t<\/a>\n\n\t\t\t\t<\/div>\n\t\t\t\t<div class=\"elementor-post__meta-data\">\n\t\t\t\t\t<span class=\"elementor-post-date\">\n\t\t\tDezember 9, 2025\t\t<\/span>\n\t\t\t\t<\/div>\n\t\t\t\t\t<\/div>\n\t\t<\/article>\n\t\t\t\t<article class=\"elementor-post elementor-grid-item post-7774 post type-post status-publish format-standard has-post-thumbnail hentry category-executive-search entry has-media\" role=\"listitem\">\n\t\t\t<div class=\"elementor-post__card\">\n\t\t\t\t<a class=\"elementor-post__thumbnail__link\" href=\"https:\/\/dori-go.com\/index.php\/zwischen-funkstille-und-floskeln-was-kandidaten-wirklich-abschreckt\/\" tabindex=\"-1\" ><div class=\"elementor-post__thumbnail\"><img loading=\"lazy\" decoding=\"async\" width=\"300\" height=\"120\" src=\"https:\/\/dori-go.com\/wp-content\/uploads\/2025\/09\/Dorigo-Blogbilder-_2_-300x120.webp\" class=\"attachment-medium size-medium wp-image-7776\" alt=\"Zwischen Funkstillle und Floskeln\" srcset=\"https:\/\/dori-go.com\/wp-content\/uploads\/2025\/09\/Dorigo-Blogbilder-_2_-300x120.webp 300w, https:\/\/dori-go.com\/wp-content\/uploads\/2025\/09\/Dorigo-Blogbilder-_2_-1024x410.webp 1024w, https:\/\/dori-go.com\/wp-content\/uploads\/2025\/09\/Dorigo-Blogbilder-_2_-768x307.webp 768w, https:\/\/dori-go.com\/wp-content\/uploads\/2025\/09\/Dorigo-Blogbilder-_2_.webp 1400w\" sizes=\"(max-width: 300px) 100vw, 300px\" \/><\/div><\/a>\n\t\t\t\t<div class=\"elementor-post__avatar\">\n\t\t\t<img alt='Reto Dorigo' src='https:\/\/secure.gravatar.com\/avatar\/f2c677a05afd4c8e742c489f41ecf791ef967ef6a5947db0929cb830506473be?s=128&#038;d=mm&#038;r=g' srcset='https:\/\/secure.gravatar.com\/avatar\/f2c677a05afd4c8e742c489f41ecf791ef967ef6a5947db0929cb830506473be?s=256&#038;d=mm&#038;r=g 2x' class='avatar avatar-128 photo' height='128' width='128' \/>\t\t<\/div>\n\t\t\t\t<div class=\"elementor-post__text\">\n\t\t\t\t<h3 class=\"elementor-post__title\">\n\t\t\t<a href=\"https:\/\/dori-go.com\/index.php\/zwischen-funkstille-und-floskeln-was-kandidaten-wirklich-abschreckt\/\" >\n\t\t\t\tZwischen Funkstille und Floskeln: Was Kandidaten wirklich abschreckt\t\t\t<\/a>\n\t\t<\/h3>\n\t\t\t\t<div class=\"elementor-post__excerpt\">\n\t\t\t<p>Es ist kein Geheimnis \u2013 und auch keine neue Erkenntnis: Die Erwartungen von Bewerbenden an den Rekrutierungsprozess haben sich ver\u00e4ndert. Die Art und Weise, wie<\/p>\n\t\t<\/div>\n\t\t\n\t\t<a class=\"elementor-post__read-more\" href=\"https:\/\/dori-go.com\/index.php\/zwischen-funkstille-und-floskeln-was-kandidaten-wirklich-abschreckt\/\" aria-label=\"Read more about Zwischen Funkstille und Floskeln: Was Kandidaten wirklich abschreckt\" tabindex=\"-1\" >\n\t\t\tWeiterlesen \u00bb\t\t<\/a>\n\n\t\t\t\t<\/div>\n\t\t\t\t<div class=\"elementor-post__meta-data\">\n\t\t\t\t\t<span class=\"elementor-post-date\">\n\t\t\tSeptember 24, 2025\t\t<\/span>\n\t\t\t\t<\/div>\n\t\t\t\t\t<\/div>\n\t\t<\/article>\n\t\t\t\t<article class=\"elementor-post elementor-grid-item post-7742 post type-post status-publish format-standard has-post-thumbnail hentry category-stellensuche category-coaching entry has-media\" role=\"listitem\">\n\t\t\t<div class=\"elementor-post__card\">\n\t\t\t\t<a class=\"elementor-post__thumbnail__link\" href=\"https:\/\/dori-go.com\/index.php\/so-schreibst-du-ein-starkes-anschreiben-mit-ki\/\" tabindex=\"-1\" ><div class=\"elementor-post__thumbnail\"><img loading=\"lazy\" decoding=\"async\" width=\"300\" height=\"120\" src=\"https:\/\/dori-go.com\/wp-content\/uploads\/2025\/08\/53-300x120.webp\" class=\"attachment-medium size-medium wp-image-7743\" alt=\"\" srcset=\"https:\/\/dori-go.com\/wp-content\/uploads\/2025\/08\/53-300x120.webp 300w, https:\/\/dori-go.com\/wp-content\/uploads\/2025\/08\/53-1024x410.webp 1024w, https:\/\/dori-go.com\/wp-content\/uploads\/2025\/08\/53-768x307.webp 768w, https:\/\/dori-go.com\/wp-content\/uploads\/2025\/08\/53.webp 1400w\" sizes=\"(max-width: 300px) 100vw, 300px\" \/><\/div><\/a>\n\t\t\t\t<div class=\"elementor-post__avatar\">\n\t\t\t<img alt='Reto Dorigo' src='https:\/\/secure.gravatar.com\/avatar\/f2c677a05afd4c8e742c489f41ecf791ef967ef6a5947db0929cb830506473be?s=128&#038;d=mm&#038;r=g' srcset='https:\/\/secure.gravatar.com\/avatar\/f2c677a05afd4c8e742c489f41ecf791ef967ef6a5947db0929cb830506473be?s=256&#038;d=mm&#038;r=g 2x' class='avatar avatar-128 photo' height='128' width='128' \/>\t\t<\/div>\n\t\t\t\t<div class=\"elementor-post__text\">\n\t\t\t\t<h3 class=\"elementor-post__title\">\n\t\t\t<a href=\"https:\/\/dori-go.com\/index.php\/so-schreibst-du-ein-starkes-anschreiben-mit-ki\/\" >\n\t\t\t\tSo schreibst du ein starkes Anschreiben mit KI\t\t\t<\/a>\n\t\t<\/h3>\n\t\t\t\t<div class=\"elementor-post__excerpt\">\n\t\t\t<p>Ein gutes Anschreiben ist heute nicht mehr nur sch\u00f6n formuliert \u2013 es zeigt, dass du dich mit dem Job und dem Unternehmen auseinandergesetzt hast.Aber mal<\/p>\n\t\t<\/div>\n\t\t\n\t\t<a class=\"elementor-post__read-more\" href=\"https:\/\/dori-go.com\/index.php\/so-schreibst-du-ein-starkes-anschreiben-mit-ki\/\" aria-label=\"Read more about So schreibst du ein starkes Anschreiben mit KI\" tabindex=\"-1\" >\n\t\t\tWeiterlesen \u00bb\t\t<\/a>\n\n\t\t\t\t<\/div>\n\t\t\t\t<div class=\"elementor-post__meta-data\">\n\t\t\t\t\t<span class=\"elementor-post-date\">\n\t\t\tSeptember 8, 2025\t\t<\/span>\n\t\t\t\t<\/div>\n\t\t\t\t\t<\/div>\n\t\t<\/article>\n\t\t\t\t<\/div>\n\t\t\n\t\t\t\t\t\t<\/div>\n\t\t\t\t<\/div>\n\t\t\t\t\t<\/div>\n\t\t<\/div>\n\t\t\t\t\t<\/div>\n\t\t<\/section>\n\t\t\t\t<section class=\"elementor-section elementor-top-section elementor-element elementor-element-be34951 elementor-section-boxed elementor-section-height-default elementor-section-height-default\" data-id=\"be34951\" data-element_type=\"section\">\n\t\t\t\t\t\t<div class=\"elementor-container elementor-column-gap-default\">\n\t\t\t\t\t<div class=\"elementor-column elementor-col-100 elementor-top-column elementor-element elementor-element-a31adb7\" data-id=\"a31adb7\" data-element_type=\"column\">\n\t\t\t<div class=\"elementor-widget-wrap elementor-element-populated\">\n\t\t\t\t\t\t<div class=\"elementor-element elementor-element-8a61d92 elementor-widget elementor-widget-heading\" data-id=\"8a61d92\" data-element_type=\"widget\" data-widget_type=\"heading.default\">\n\t\t\t\t\t<h2 class=\"elementor-heading-title elementor-size-default\">Sie haben Fragen zu unseren Leistungen?<\/h2>\t\t\t\t<\/div>\n\t\t\t\t<div class=\"elementor-element elementor-element-0fea744 elementor-widget elementor-widget-text-editor\" data-id=\"0fea744\" data-element_type=\"widget\" data-widget_type=\"text-editor.default\">\n\t\t\t\t\t\t\t\t\t<h3>Wir helfen Ihnen gerne auch pers\u00f6nlich weiter!<\/h3>\t\t\t\t\t\t\t\t<\/div>\n\t\t\t\t<div class=\"elementor-element elementor-element-1b9db33 elementor-align-center elementor-widget elementor-widget-button\" data-id=\"1b9db33\" data-element_type=\"widget\" data-widget_type=\"button.default\">\n\t\t\t\t\t\t\t\t\t\t<a class=\"elementor-button elementor-button-link elementor-size-lg\" href=\"https:\/\/dori-go.com\/index.php\/kontakt\/\">\n\t\t\t\t\t\t<span class=\"elementor-button-content-wrapper\">\n\t\t\t\t\t\t\t\t\t<span class=\"elementor-button-text\">Kontakt aufnehmen<\/span>\n\t\t\t\t\t<\/span>\n\t\t\t\t\t<\/a>\n\t\t\t\t\t\t\t\t<\/div>\n\t\t\t\t\t<\/div>\n\t\t<\/div>\n\t\t\t\t\t<\/div>\n\t\t<\/section>\n\t\t\t\t<\/div>\n\t\t","protected":false},"excerpt":{"rendered":"<p>F\u00dcR UNTERNEHMEN Professionelle L\u00f6sungen f\u00fcr Ihr HR Modulare Dienstleistungen f\u00fcr Ihren individuellen Bedarf Die Globalisierung der M\u00e4rkte sowie die sich st\u00e4ndig ver\u00e4ndernden Rahmenbedingungen verlangen heute von vielen Unternehmungen eine hohe Agilit\u00e4t der eigenen Organisation. Um Sie bei der L\u00f6sung dieser Herausforderungen individuell zu unterst\u00fctzen, haben wir uns darauf spezialisiert, zur rechten Zeit die optimalen Ressourcen [&hellip;]<\/p>\n","protected":false},"author":1,"featured_media":1135,"parent":0,"menu_order":0,"comment_status":"closed","ping_status":"closed","template":"","meta":{"ocean_post_layout":"","ocean_both_sidebars_style":"","ocean_both_sidebars_content_width":0,"ocean_both_sidebars_sidebars_width":0,"ocean_sidebar":"0","ocean_second_sidebar":"0","ocean_disable_margins":"enable","ocean_add_body_class":"","ocean_shortcode_before_top_bar":"","ocean_shortcode_after_top_bar":"","ocean_shortcode_before_header":"","ocean_shortcode_after_header":"","ocean_has_shortcode":"","ocean_shortcode_after_title":"","ocean_shortcode_before_footer_widgets":"","ocean_shortcode_after_footer_widgets":"","ocean_shortcode_before_footer_bottom":"","ocean_shortcode_after_footer_bottom":"","ocean_display_top_bar":"default","ocean_display_header":"default","ocean_header_style":"","ocean_center_header_left_menu":"0","ocean_custom_header_template":"0","ocean_custom_logo":0,"ocean_custom_retina_logo":0,"ocean_custom_logo_max_width":0,"ocean_custom_logo_tablet_max_width":0,"ocean_custom_logo_mobile_max_width":0,"ocean_custom_logo_max_height":0,"ocean_custom_logo_tablet_max_height":0,"ocean_custom_logo_mobile_max_height":0,"ocean_header_custom_menu":"0","ocean_menu_typo_font_family":"0","ocean_menu_typo_font_subset":"","ocean_menu_typo_font_size":0,"ocean_menu_typo_font_size_tablet":0,"ocean_menu_typo_font_size_mobile":0,"ocean_menu_typo_font_size_unit":"px","ocean_menu_typo_font_weight":"","ocean_menu_typo_font_weight_tablet":"","ocean_menu_typo_font_weight_mobile":"","ocean_menu_typo_transform":"","ocean_menu_typo_transform_tablet":"","ocean_menu_typo_transform_mobile":"","ocean_menu_typo_line_height":0,"ocean_menu_typo_line_height_tablet":0,"ocean_menu_typo_line_height_mobile":0,"ocean_menu_typo_line_height_unit":"","ocean_menu_typo_spacing":0,"ocean_menu_typo_spacing_tablet":0,"ocean_menu_typo_spacing_mobile":0,"ocean_menu_typo_spacing_unit":"","ocean_menu_link_color":"","ocean_menu_link_color_hover":"","ocean_menu_link_color_active":"","ocean_menu_link_background":"","ocean_menu_link_hover_background":"","ocean_menu_link_active_background":"","ocean_menu_social_links_bg":"","ocean_menu_social_hover_links_bg":"","ocean_menu_social_links_color":"","ocean_menu_social_hover_links_color":"","ocean_disable_title":"default","ocean_disable_heading":"default","ocean_post_title":"","ocean_post_subheading":"","ocean_post_title_style":"","ocean_post_title_background_color":"","ocean_post_title_background":0,"ocean_post_title_bg_image_position":"","ocean_post_title_bg_image_attachment":"","ocean_post_title_bg_image_repeat":"","ocean_post_title_bg_image_size":"","ocean_post_title_height":0,"ocean_post_title_bg_overlay":0.5,"ocean_post_title_bg_overlay_color":"","ocean_disable_breadcrumbs":"default","ocean_breadcrumbs_color":"","ocean_breadcrumbs_separator_color":"","ocean_breadcrumbs_links_color":"","ocean_breadcrumbs_links_hover_color":"","ocean_display_footer_widgets":"default","ocean_display_footer_bottom":"default","ocean_custom_footer_template":"0","footnotes":""},"class_list":["post-18","page","type-page","status-publish","has-post-thumbnail","hentry","entry","has-media"],"_links":{"self":[{"href":"https:\/\/dori-go.com\/index.php\/wp-json\/wp\/v2\/pages\/18","targetHints":{"allow":["GET"]}}],"collection":[{"href":"https:\/\/dori-go.com\/index.php\/wp-json\/wp\/v2\/pages"}],"about":[{"href":"https:\/\/dori-go.com\/index.php\/wp-json\/wp\/v2\/types\/page"}],"author":[{"embeddable":true,"href":"https:\/\/dori-go.com\/index.php\/wp-json\/wp\/v2\/users\/1"}],"replies":[{"embeddable":true,"href":"https:\/\/dori-go.com\/index.php\/wp-json\/wp\/v2\/comments?post=18"}],"version-history":[{"count":87,"href":"https:\/\/dori-go.com\/index.php\/wp-json\/wp\/v2\/pages\/18\/revisions"}],"predecessor-version":[{"id":6660,"href":"https:\/\/dori-go.com\/index.php\/wp-json\/wp\/v2\/pages\/18\/revisions\/6660"}],"wp:featuredmedia":[{"embeddable":true,"href":"https:\/\/dori-go.com\/index.php\/wp-json\/wp\/v2\/media\/1135"}],"wp:attachment":[{"href":"https:\/\/dori-go.com\/index.php\/wp-json\/wp\/v2\/media?parent=18"}],"curies":[{"name":"wp","href":"https:\/\/api.w.org\/{rel}","templated":true}]}}